{"id":1845,"date":"2019-11-21T16:21:55","date_gmt":"2019-11-22T00:21:55","guid":{"rendered":"http:\/\/serr.disabilityrightsca.org\/?page_id=1845"},"modified":"2020-07-01T17:06:37","modified_gmt":"2020-07-02T00:06:37","slug":"1-103-si-inscribo-a-mi-hijo-en-una-escuela-privada-o-religiosa-tiene-derecho-a-participar-en-un-iep-y-a-recibir-servicios-de-educacion-especial","status":"publish","type":"page","link":"https:\/\/serr.disabilityrightsca.org\/sp\/serr-manual\/capitulo-1-informacion-sobre-derechos-fundamentales\/1-103-si-inscribo-a-mi-hijo-en-una-escuela-privada-o-religiosa-tiene-derecho-a-participar-en-un-iep-y-a-recibir-servicios-de-educacion-especial\/","title":{"rendered":"(1.103) Si inscribo a mi hijo en una escuela privada o religiosa, \u00bftiene derecho a participar en un IEP y a recibir servicios de educaci\u00f3n especial?"},"content":{"rendered":"\n<p>No. En el caso de los alumnos con discapacidades en esta situaci\u00f3n, las leyes federales les otorgan solo derechos limitados a recibir servicios educativos. Un alumno con una discapacidad cuyos padres lo inscriben en una escuela privada, incluida una escuela religiosa (es decir, que fue inscrito de manera voluntaria y unilateral sin la conformidad del equipo del IEP), no tiene derecho a recibir los servicios de educaci\u00f3n especial y servicios relacionados que recibir\u00eda si estuviese inscrito en una escuela p\u00fablica. [20 U.S.C. Secs. 1412(a)(10)(B) &amp; (C); 34 C.F.R. Sec. 300.137]. No obstante, el distrito debe procurar la participaci\u00f3n de su hijo en sus programas de educaci\u00f3n especial. [34 C.F.R. Sec. 300.132]. El distrito escolar debe destinar determinados fondos federales para satisfacer las necesidades educativas de los alumnos inscritos unilateralmente en escuelas privadas y religiosas. Despu\u00e9s de recibir los aportes de los padres y de las escuelas privadas, el distrito decide de qu\u00e9 modo gastar los fondos y qu\u00e9 servicios brindar. [34 C.F.R. Sec. 300.137(b)(2)]. El monto de dinero federal que se debe gastar se limita a una parte proporcional (basada en la cantidad de alumnos inscritos por los padres en comparaci\u00f3n con la poblaci\u00f3n total del distrito de alumnos con discapacidades) de los fondos federales recibidos por el distrito. [34 C.F.R. Sec. 300.133]. Sin embargo, la ley federal no proh\u00edbe a un distrito gastar fondos estatales adicionales para este prop\u00f3sito. [34 C.F.R. Sec. 300.133(d)]. Los servicios pueden ser proporcionados en las dependencias de las escuelas privadas, incluso en las escuelas religiosas \u201cdentro del l\u00edmite permitido por la ley\u201d. [34 C.F.R. Sec. 300.139].<\/p>\n","protected":false},"excerpt":{"rendered":"<p>No. En el caso de los alumnos con discapacidades en esta situaci\u00f3n, las leyes federales les otorgan solo derechos limitados a recibir servicios educativos. Un&hellip;<\/p>\n","protected":false},"author":1,"featured_media":0,"parent":321,"menu_order":103,"comment_status":"closed","ping_status":"closed","template":"","meta":{"footnotes":""},"class_list":["post-1845","page","type-page","status-publish","hentry"],"_links":{"self":[{"href":"https:\/\/serr.disabilityrightsca.org\/sp\/wp-json\/wp\/v2\/pages\/1845","targetHints":{"allow":["GET"]}}],"collection":[{"href":"https:\/\/serr.disabilityrightsca.org\/sp\/wp-json\/wp\/v2\/pages"}],"about":[{"href":"https:\/\/serr.disabilityrightsca.org\/sp\/wp-json\/wp\/v2\/types\/page"}],"author":[{"embeddable":true,"href":"https:\/\/serr.disabilityrightsca.org\/sp\/wp-json\/wp\/v2\/users\/1"}],"replies":[{"embeddable":true,"href":"https:\/\/serr.disabilityrightsca.org\/sp\/wp-json\/wp\/v2\/comments?post=1845"}],"version-history":[{"count":2,"href":"https:\/\/serr.disabilityrightsca.org\/sp\/wp-json\/wp\/v2\/pages\/1845\/revisions"}],"predecessor-version":[{"id":3640,"href":"https:\/\/serr.disabilityrightsca.org\/sp\/wp-json\/wp\/v2\/pages\/1845\/revisions\/3640"}],"up":[{"embeddable":true,"href":"https:\/\/serr.disabilityrightsca.org\/sp\/wp-json\/wp\/v2\/pages\/321"}],"wp:attachment":[{"href":"https:\/\/serr.disabilityrightsca.org\/sp\/wp-json\/wp\/v2\/media?parent=1845"}],"curies":[{"name":"wp","href":"https:\/\/api.w.org\/{rel}","templated":true}]}}