{"id":1996,"date":"2019-11-22T14:26:49","date_gmt":"2019-11-22T22:26:49","guid":{"rendered":"http:\/\/serr.disabilityrightsca.org\/?page_id=1996"},"modified":"2022-04-15T14:06:29","modified_gmt":"2022-04-15T21:06:29","slug":"6-2-que-es-un-reclamo-de-cumplimiento","status":"publish","type":"page","link":"https:\/\/serr.disabilityrightsca.org\/sp\/serr-manual\/chapter-6-informacion-sobre-el-debido-proceso-y-los-procedimientos-de-cumplimiento\/6-2-que-es-un-reclamo-de-cumplimiento\/","title":{"rendered":"(6.2) \u00bfQu\u00e9 es un reclamo de cumplimiento?"},"content":{"rendered":"\n<p>Cuando se sospecha que un distrito ha incumplido una parte de la ley o procedimiento de educaci\u00f3n especial, los padres, cualquier persona, el distrito p\u00fablico o una organizaci\u00f3n pueden presentar un reclamo ante el Departamento de Educaci\u00f3n del Estado de California (California State Department of Education, CDE). Entre los ejemplos de incumplimiento se pueden mencionar:<\/p>\n\n\n\n<ol class=\"wp-block-list\"><li>falta de implementaci\u00f3n de un programa de educaci\u00f3n individualizada (IEP).<\/li><li>falta de valoraci\u00f3n o derivaci\u00f3n de un alumno a educaci\u00f3n especial;<\/li><li>falta de cumplimiento de los plazos para realizar evaluaciones y derivaciones;<\/li><li>omisi\u00f3n de informar a los padres sobre la realizaci\u00f3n de una reuni\u00f3n de IEP; o<\/li><li>falta de implementaci\u00f3n de una decisi\u00f3n de la audiencia de debido proceso o acuerdo de mediaci\u00f3n.<\/li><\/ol>\n\n\n\n<p>Un investigador del Departamento de Educaci\u00f3n del Estado de California (CDE) investiga los alegatos de las partes y elabora una declaraci\u00f3n por escrito sobre si el distrito se encuentra en situaci\u00f3n de \u201cincumplimiento\u201d de la ley o del IEP del alumno. Si se halla que el distrito se encuentra en situaci\u00f3n de \u201cincumplimiento\u201d, se le ordenar\u00e1 que cumpla con sus obligaciones. Adem\u00e1s, el Departamento de Educaci\u00f3n del Estado de California puede ordenar al distrito que presente un \u201cplan de acci\u00f3n correctivo\u201d, es decir, un documento en el que se describan las medidas que tom\u00f3 o tomar\u00e1 el distrito para garantizar que el problema no se repita nuevamente, como as\u00ed tambi\u00e9n los plazos para la adopci\u00f3n de tales medidas. El CDE debe modificar o aprobar el plan.<\/p>\n","protected":false},"excerpt":{"rendered":"<p>Cuando se sospecha que un distrito ha incumplido una parte de la ley o procedimiento de educaci\u00f3n especial, los padres, cualquier persona, el distrito p\u00fablico&hellip;<\/p>\n","protected":false},"author":1,"featured_media":0,"parent":337,"menu_order":2,"comment_status":"closed","ping_status":"closed","template":"","meta":{"footnotes":""},"class_list":["post-1996","page","type-page","status-publish","hentry"],"_links":{"self":[{"href":"https:\/\/serr.disabilityrightsca.org\/sp\/wp-json\/wp\/v2\/pages\/1996","targetHints":{"allow":["GET"]}}],"collection":[{"href":"https:\/\/serr.disabilityrightsca.org\/sp\/wp-json\/wp\/v2\/pages"}],"about":[{"href":"https:\/\/serr.disabilityrightsca.org\/sp\/wp-json\/wp\/v2\/types\/page"}],"author":[{"embeddable":true,"href":"https:\/\/serr.disabilityrightsca.org\/sp\/wp-json\/wp\/v2\/users\/1"}],"replies":[{"embeddable":true,"href":"https:\/\/serr.disabilityrightsca.org\/sp\/wp-json\/wp\/v2\/comments?post=1996"}],"version-history":[{"count":3,"href":"https:\/\/serr.disabilityrightsca.org\/sp\/wp-json\/wp\/v2\/pages\/1996\/revisions"}],"predecessor-version":[{"id":4429,"href":"https:\/\/serr.disabilityrightsca.org\/sp\/wp-json\/wp\/v2\/pages\/1996\/revisions\/4429"}],"up":[{"embeddable":true,"href":"https:\/\/serr.disabilityrightsca.org\/sp\/wp-json\/wp\/v2\/pages\/337"}],"wp:attachment":[{"href":"https:\/\/serr.disabilityrightsca.org\/sp\/wp-json\/wp\/v2\/media?parent=1996"}],"curies":[{"name":"wp","href":"https:\/\/api.w.org\/{rel}","templated":true}]}}