{"id":2002,"date":"2019-11-22T14:38:01","date_gmt":"2019-11-22T22:38:01","guid":{"rendered":"http:\/\/serr.disabilityrightsca.org\/?page_id=2002"},"modified":"2022-04-15T14:07:06","modified_gmt":"2022-04-15T21:07:06","slug":"6-3-cual-es-la-diferencia-entre-un-reclamo-de-cumplimiento-y-una-audiencia-de-debido-proceso","status":"publish","type":"page","link":"https:\/\/serr.disabilityrightsca.org\/sp\/serr-manual\/chapter-6-informacion-sobre-el-debido-proceso-y-los-procedimientos-de-cumplimiento\/6-3-cual-es-la-diferencia-entre-un-reclamo-de-cumplimiento-y-una-audiencia-de-debido-proceso\/","title":{"rendered":"(6.3) \u00bfCu\u00e1l es la diferencia entre un reclamo de cumplimiento y una audiencia de debido proceso?"},"content":{"rendered":"\n<p>A pesar de que las personas a menudo confunden el reclamo de cumplimiento y el debido proceso, la diferencia principal es:<\/p>\n\n\n\n<ol class=\"wp-block-list\"><li>Cuando existe desacuerdo sobre lo que debe incluirse en el IEP de un alumno o d\u00f3nde se debe implementar el IEP, entonces el debido proceso es el apropiado; pero,<\/li><li>Cuando el distrito no ha cumplido las leyes o los procedimientos de educaci\u00f3n especial, o bien no ha implementado aquello que se incluy\u00f3 espec\u00edficamente en el IEP de un alumno, entonces el reclamo de cumplimiento es el recurso apropiado.<\/li><\/ol>\n\n\n\n<p>En otras palabras, los procedimientos de debido proceso implican un desacuerdo sobre lo que el programa de un alumno debe incluir, o d\u00f3nde implementar el IEP, mientras que el reclamo de cumplimiento supone la inobservancia del distrito de su deber de cumplir las reglas o realizar aquello que se acord\u00f3 en la redacci\u00f3n del IEP.<\/p>\n","protected":false},"excerpt":{"rendered":"<p>A pesar de que las personas a menudo confunden el reclamo de cumplimiento y el debido proceso, la diferencia principal es: Cuando existe desacuerdo sobre&hellip;<\/p>\n","protected":false},"author":1,"featured_media":0,"parent":337,"menu_order":3,"comment_status":"closed","ping_status":"closed","template":"","meta":{"footnotes":""},"class_list":["post-2002","page","type-page","status-publish","hentry"],"_links":{"self":[{"href":"https:\/\/serr.disabilityrightsca.org\/sp\/wp-json\/wp\/v2\/pages\/2002","targetHints":{"allow":["GET"]}}],"collection":[{"href":"https:\/\/serr.disabilityrightsca.org\/sp\/wp-json\/wp\/v2\/pages"}],"about":[{"href":"https:\/\/serr.disabilityrightsca.org\/sp\/wp-json\/wp\/v2\/types\/page"}],"author":[{"embeddable":true,"href":"https:\/\/serr.disabilityrightsca.org\/sp\/wp-json\/wp\/v2\/users\/1"}],"replies":[{"embeddable":true,"href":"https:\/\/serr.disabilityrightsca.org\/sp\/wp-json\/wp\/v2\/comments?post=2002"}],"version-history":[{"count":3,"href":"https:\/\/serr.disabilityrightsca.org\/sp\/wp-json\/wp\/v2\/pages\/2002\/revisions"}],"predecessor-version":[{"id":4430,"href":"https:\/\/serr.disabilityrightsca.org\/sp\/wp-json\/wp\/v2\/pages\/2002\/revisions\/4430"}],"up":[{"embeddable":true,"href":"https:\/\/serr.disabilityrightsca.org\/sp\/wp-json\/wp\/v2\/pages\/337"}],"wp:attachment":[{"href":"https:\/\/serr.disabilityrightsca.org\/sp\/wp-json\/wp\/v2\/media?parent=2002"}],"curies":[{"name":"wp","href":"https:\/\/api.w.org\/{rel}","templated":true}]}}