{"id":2004,"date":"2019-11-22T14:39:03","date_gmt":"2019-11-22T22:39:03","guid":{"rendered":"http:\/\/serr.disabilityrightsca.org\/?page_id=2004"},"modified":"2022-04-15T14:07:44","modified_gmt":"2022-04-15T21:07:44","slug":"6-4-quien-puede-presentar-un-reclamo-de-cumplimiento","status":"publish","type":"page","link":"https:\/\/serr.disabilityrightsca.org\/sp\/serr-manual\/chapter-6-informacion-sobre-el-debido-proceso-y-los-procedimientos-de-cumplimiento\/6-4-quien-puede-presentar-un-reclamo-de-cumplimiento\/","title":{"rendered":"(6.4) \u00bfQui\u00e9n puede presentar un reclamo de cumplimiento?"},"content":{"rendered":"\n<p>Cualquier persona, organismo p\u00fablico u organizaci\u00f3n (por ejemplo, un grupo de padres) puede presentar un reclamo por escrito. [T\u00edtulo 5 del C\u00f3digo de Reglamentos de California (C.C.R.) Sec. 3200(c)]. El reclamo puede ser concerniente a un solo alumno, un grupo de alumnos o sobre una pol\u00edtica del distrito local, que usted considera que vulnera la ley federal o la ley de educaci\u00f3n especial del estado. Si el reclamo involucra a m\u00e1s de un alumno, el CDE lo denomina reclamo \u201ccolectivo\u201d. A pesar de que el estatuto no lo establece de manera expresa, el Departamento puede solicitar que se nombre a m\u00e1s de un alumno en el reclamo.<\/p>\n","protected":false},"excerpt":{"rendered":"<p>Cualquier persona, organismo p\u00fablico u organizaci\u00f3n (por ejemplo, un grupo de padres) puede presentar un reclamo por escrito. [T\u00edtulo 5 del C\u00f3digo de Reglamentos de&hellip;<\/p>\n","protected":false},"author":1,"featured_media":0,"parent":337,"menu_order":4,"comment_status":"closed","ping_status":"closed","template":"","meta":{"footnotes":""},"class_list":["post-2004","page","type-page","status-publish","hentry"],"_links":{"self":[{"href":"https:\/\/serr.disabilityrightsca.org\/sp\/wp-json\/wp\/v2\/pages\/2004","targetHints":{"allow":["GET"]}}],"collection":[{"href":"https:\/\/serr.disabilityrightsca.org\/sp\/wp-json\/wp\/v2\/pages"}],"about":[{"href":"https:\/\/serr.disabilityrightsca.org\/sp\/wp-json\/wp\/v2\/types\/page"}],"author":[{"embeddable":true,"href":"https:\/\/serr.disabilityrightsca.org\/sp\/wp-json\/wp\/v2\/users\/1"}],"replies":[{"embeddable":true,"href":"https:\/\/serr.disabilityrightsca.org\/sp\/wp-json\/wp\/v2\/comments?post=2004"}],"version-history":[{"count":3,"href":"https:\/\/serr.disabilityrightsca.org\/sp\/wp-json\/wp\/v2\/pages\/2004\/revisions"}],"predecessor-version":[{"id":4431,"href":"https:\/\/serr.disabilityrightsca.org\/sp\/wp-json\/wp\/v2\/pages\/2004\/revisions\/4431"}],"up":[{"embeddable":true,"href":"https:\/\/serr.disabilityrightsca.org\/sp\/wp-json\/wp\/v2\/pages\/337"}],"wp:attachment":[{"href":"https:\/\/serr.disabilityrightsca.org\/sp\/wp-json\/wp\/v2\/media?parent=2004"}],"curies":[{"name":"wp","href":"https:\/\/api.w.org\/{rel}","templated":true}]}}