{"id":2006,"date":"2019-11-22T14:40:49","date_gmt":"2019-11-22T22:40:49","guid":{"rendered":"http:\/\/serr.disabilityrightsca.org\/?page_id=2006"},"modified":"2022-04-15T14:09:10","modified_gmt":"2022-04-15T21:09:10","slug":"6-5-cuando-debo-presentar-un-reclamo-de-cumplimiento-directamente-ante-el-cde","status":"publish","type":"page","link":"https:\/\/serr.disabilityrightsca.org\/sp\/serr-manual\/chapter-6-informacion-sobre-el-debido-proceso-y-los-procedimientos-de-cumplimiento\/6-5-cuando-debo-presentar-un-reclamo-de-cumplimiento-directamente-ante-el-cde\/","title":{"rendered":"(6.5) \u00bfCu\u00e1ndo debo presentar un reclamo de cumplimiento directamente ante el CDE?"},"content":{"rendered":"\n<p>A partir del 1 de julio de 2020, los reclamos de cumplimiento de educaci\u00f3n especial ya no est\u00e1n dentro del \u00e1mbito de los Procedimientos Uniformes de Reclamos, o UCP por sus siglas en ingl\u00e9s. Los reclamos de cumplimiento de educaci\u00f3n especial tienen sus propias regulaciones que ahora aparecen en 5 C.C.R. secciones 3200 a 3205.&nbsp;<\/p>\n\n\n\n<p>De acuerdo con las nuevas regulaciones, usted puede presentar un reclamo de cumplimiento directamente ante el CDE en cualquiera de las siguientes situaciones:<\/p>\n\n\n\n<ol class=\"wp-block-list\"><li>Una violaci\u00f3n de las leyes federales o estatales de educaci\u00f3n especial.<\/li><li>Una LEA u otra agencia p\u00fablica ha violado los t\u00e9rminos de un acuerdo de conciliaci\u00f3n relacionado con la provisi\u00f3n de una educaci\u00f3n p\u00fablica gratuita y apropiada. [Esto no incluye las acusaciones relacionadas con una disposici\u00f3n de honorarios de abogados en un acuerdo de conciliaci\u00f3n].<\/li><li>La LEA u otra agencia p\u00fablica ha fallado o se ha negado a implementar una orden de una audiencia de debido proceso a la que dicha LEA u otra agencia p\u00fablica est\u00e1 sujeta.<\/li><li>El demandante alega que una agencia p\u00fablica, que no sea una LEA, como se especifica en el C\u00f3digo de Gobierno de California secci\u00f3n 7570 [com\u00fanmente conocida como &#8220;AB 3632&#8221; o &#8220;Cap\u00edtulo 26.5&#8221;] no cumple o se niega a cumplir con una ley o reglamento aplicable a ese organismo p\u00fablico, en lo que respecta o se relaciona con la provisi\u00f3n de una educaci\u00f3n p\u00fablica gratuita y apropiada a las personas con discapacidades.&nbsp;<\/li><\/ol>\n\n\n\n<p>El demandante alega hechos que indican que los problemas de seguridad f\u00edsica interfieren con la provisi\u00f3n de una educaci\u00f3n p\u00fablica gratuita y apropiada. [5 C.C.R. Sec. 3201(a)-(c)]. Si la realidad de su situaci\u00f3n particular encuadra en una o m\u00e1s de las cinco situaciones descritas anteriormente, debe solicitar de forma espec\u00edfica que el CDE investigue su reclamo. Consulte la <a href=\"https:\/\/serr.disabilityrightsca.org\/sp\/serr-manual\/apendice\/\" data-type=\"page\" data-id=\"3074\"><em>Carta de ejemplo &#8211; Reclamo de cumplimiento, Secci\u00f3n de ap\u00e9ndices, Ap\u00e9ndice I<\/em><\/a>. Debe identificar las situaciones delineadas anteriormente que m\u00e1s se asemejan a su caso en particular. Debe mencionar la situaci\u00f3n espec\u00edfica en su carta de reclamo. Debido a que los n\u00fameros del (1) al (5) abarcan la mayor\u00eda de las situaciones que pueden devenir en un reclamo de cumplimiento, debe ser capaz de identificar una subsecci\u00f3n que se ajuste a su situaci\u00f3n.<\/p>\n\n\n\n<p>Delimite las razones de la solicitud en su carta de reclamo. Es posible que sus razones no concuerden exactamente con los criterios mencionados con anterioridad. Sin embargo, esto no debe impedir que al menos presente la solicitud. El CDE determinar\u00e1 si acepta su reclamo, en cuyo caso realizar\u00e1 una investigaci\u00f3n estatal directa o bien remitir\u00e1 el reclamo a su distrito para una investigaci\u00f3n local.<\/p>\n","protected":false},"excerpt":{"rendered":"<p>A partir del 1 de julio de 2020, los reclamos de cumplimiento de educaci\u00f3n especial ya no est\u00e1n dentro del \u00e1mbito de los Procedimientos Uniformes&hellip;<\/p>\n","protected":false},"author":1,"featured_media":0,"parent":337,"menu_order":5,"comment_status":"closed","ping_status":"closed","template":"","meta":{"footnotes":""},"class_list":["post-2006","page","type-page","status-publish","hentry"],"_links":{"self":[{"href":"https:\/\/serr.disabilityrightsca.org\/sp\/wp-json\/wp\/v2\/pages\/2006","targetHints":{"allow":["GET"]}}],"collection":[{"href":"https:\/\/serr.disabilityrightsca.org\/sp\/wp-json\/wp\/v2\/pages"}],"about":[{"href":"https:\/\/serr.disabilityrightsca.org\/sp\/wp-json\/wp\/v2\/types\/page"}],"author":[{"embeddable":true,"href":"https:\/\/serr.disabilityrightsca.org\/sp\/wp-json\/wp\/v2\/users\/1"}],"replies":[{"embeddable":true,"href":"https:\/\/serr.disabilityrightsca.org\/sp\/wp-json\/wp\/v2\/comments?post=2006"}],"version-history":[{"count":4,"href":"https:\/\/serr.disabilityrightsca.org\/sp\/wp-json\/wp\/v2\/pages\/2006\/revisions"}],"predecessor-version":[{"id":4433,"href":"https:\/\/serr.disabilityrightsca.org\/sp\/wp-json\/wp\/v2\/pages\/2006\/revisions\/4433"}],"up":[{"embeddable":true,"href":"https:\/\/serr.disabilityrightsca.org\/sp\/wp-json\/wp\/v2\/pages\/337"}],"wp:attachment":[{"href":"https:\/\/serr.disabilityrightsca.org\/sp\/wp-json\/wp\/v2\/media?parent=2006"}],"curies":[{"name":"wp","href":"https:\/\/api.w.org\/{rel}","templated":true}]}}