{"id":2008,"date":"2019-11-22T14:42:23","date_gmt":"2019-11-22T22:42:23","guid":{"rendered":"http:\/\/serr.disabilityrightsca.org\/?page_id=2008"},"modified":"2022-04-15T14:19:01","modified_gmt":"2022-04-15T21:19:01","slug":"6-6-de-que-manera-debo-presentar-un-reclamo-de-cumplimiento-ante-el-cde","status":"publish","type":"page","link":"https:\/\/serr.disabilityrightsca.org\/sp\/serr-manual\/chapter-6-informacion-sobre-el-debido-proceso-y-los-procedimientos-de-cumplimiento\/6-6-de-que-manera-debo-presentar-un-reclamo-de-cumplimiento-ante-el-cde\/","title":{"rendered":"(6.6) \u00bfDe qu\u00e9 manera debo presentar un reclamo de cumplimiento ante el CDE?"},"content":{"rendered":"\n<p>Puede enviar por correo, fax o correo electr\u00f3nico su carta de reclamo de cumplimiento a:<\/p>\n\n\n\n<p>Complaint Investigation Unit &#8211; Special Education Division<br>California State Department of Education<br>1430 N Street, Suite 2401<br>Sacramento, CA 95814<br>Fax: 916-327-3704<br>Correo electr\u00f3nico: <a href=\"mailto:speceducation@cde.ca.gov\">speceducation@cde.ca.gov<\/a><\/p>\n\n\n\n<p>Debe describir su situaci\u00f3n de forma detallada, incluidas las partes de la ley que fueron incumplidas y los fundamentos de su solicitud. Es posible que no conozca los art\u00edculos exactos de la ley que fueron incumplidos. Si describe la situaci\u00f3n de manera adecuada, la Unidad de Mediaci\u00f3n y Gesti\u00f3n de Reclamos debe hacer coincidir los art\u00edculos correctos de la ley con su caso en particular. Si el IEP de su hijo u otro documento son relevantes para sustentar su reclamo, debe adjuntarlos.\u00a0<a href=\"https:\/\/serr.disabilityrightsca.org\/sp\/serr-manual\/apendice\/\" data-type=\"page\" data-id=\"3074\">Consulte la <em>Carta de ejemplo &#8211; Reclamo de cumplimiento, Secci\u00f3n de ap\u00e9ndices, Ap\u00e9ndice I<\/em><\/a>.<\/p>\n","protected":false},"excerpt":{"rendered":"<p>Puede enviar por correo, fax o correo electr\u00f3nico su carta de reclamo de cumplimiento a: Complaint Investigation Unit &#8211; Special Education DivisionCalifornia State Department of&hellip;<\/p>\n","protected":false},"author":1,"featured_media":0,"parent":337,"menu_order":6,"comment_status":"closed","ping_status":"closed","template":"","meta":{"footnotes":""},"class_list":["post-2008","page","type-page","status-publish","hentry"],"_links":{"self":[{"href":"https:\/\/serr.disabilityrightsca.org\/sp\/wp-json\/wp\/v2\/pages\/2008","targetHints":{"allow":["GET"]}}],"collection":[{"href":"https:\/\/serr.disabilityrightsca.org\/sp\/wp-json\/wp\/v2\/pages"}],"about":[{"href":"https:\/\/serr.disabilityrightsca.org\/sp\/wp-json\/wp\/v2\/types\/page"}],"author":[{"embeddable":true,"href":"https:\/\/serr.disabilityrightsca.org\/sp\/wp-json\/wp\/v2\/users\/1"}],"replies":[{"embeddable":true,"href":"https:\/\/serr.disabilityrightsca.org\/sp\/wp-json\/wp\/v2\/comments?post=2008"}],"version-history":[{"count":4,"href":"https:\/\/serr.disabilityrightsca.org\/sp\/wp-json\/wp\/v2\/pages\/2008\/revisions"}],"predecessor-version":[{"id":4434,"href":"https:\/\/serr.disabilityrightsca.org\/sp\/wp-json\/wp\/v2\/pages\/2008\/revisions\/4434"}],"up":[{"embeddable":true,"href":"https:\/\/serr.disabilityrightsca.org\/sp\/wp-json\/wp\/v2\/pages\/337"}],"wp:attachment":[{"href":"https:\/\/serr.disabilityrightsca.org\/sp\/wp-json\/wp\/v2\/media?parent=2008"}],"curies":[{"name":"wp","href":"https:\/\/api.w.org\/{rel}","templated":true}]}}