{"id":2010,"date":"2019-11-22T14:43:25","date_gmt":"2019-11-22T22:43:25","guid":{"rendered":"http:\/\/serr.disabilityrightsca.org\/?page_id=2010"},"modified":"2022-04-15T14:21:05","modified_gmt":"2022-04-15T21:21:05","slug":"6-7-existe-un-limite-de-tiempo-para-presentar-un-reclamo-de-cumplimiento","status":"publish","type":"page","link":"https:\/\/serr.disabilityrightsca.org\/sp\/serr-manual\/chapter-6-informacion-sobre-el-debido-proceso-y-los-procedimientos-de-cumplimiento\/6-7-existe-un-limite-de-tiempo-para-presentar-un-reclamo-de-cumplimiento\/","title":{"rendered":"(6.7) \u00bfExiste un l\u00edmite de tiempo para presentar un reclamo de cumplimiento?"},"content":{"rendered":"\n<p>S\u00ed. El CDE debe recibir su reclamo dentro del a\u00f1o a partir de la fecha en que se configura el incumplimiento de la ley de educaci\u00f3n especial que usted alega. [34 C.F.R. Sec. 300.153(c); Cal. Ed. Code Secs. 56043(x) &amp; 56500.2(b)].<\/p>\n","protected":false},"excerpt":{"rendered":"<p>S\u00ed. El CDE debe recibir su reclamo dentro del a\u00f1o a partir de la fecha en que se configura el incumplimiento de la ley de&hellip;<\/p>\n","protected":false},"author":1,"featured_media":0,"parent":337,"menu_order":7,"comment_status":"closed","ping_status":"closed","template":"","meta":{"footnotes":""},"class_list":["post-2010","page","type-page","status-publish","hentry"],"_links":{"self":[{"href":"https:\/\/serr.disabilityrightsca.org\/sp\/wp-json\/wp\/v2\/pages\/2010","targetHints":{"allow":["GET"]}}],"collection":[{"href":"https:\/\/serr.disabilityrightsca.org\/sp\/wp-json\/wp\/v2\/pages"}],"about":[{"href":"https:\/\/serr.disabilityrightsca.org\/sp\/wp-json\/wp\/v2\/types\/page"}],"author":[{"embeddable":true,"href":"https:\/\/serr.disabilityrightsca.org\/sp\/wp-json\/wp\/v2\/users\/1"}],"replies":[{"embeddable":true,"href":"https:\/\/serr.disabilityrightsca.org\/sp\/wp-json\/wp\/v2\/comments?post=2010"}],"version-history":[{"count":2,"href":"https:\/\/serr.disabilityrightsca.org\/sp\/wp-json\/wp\/v2\/pages\/2010\/revisions"}],"predecessor-version":[{"id":3708,"href":"https:\/\/serr.disabilityrightsca.org\/sp\/wp-json\/wp\/v2\/pages\/2010\/revisions\/3708"}],"up":[{"embeddable":true,"href":"https:\/\/serr.disabilityrightsca.org\/sp\/wp-json\/wp\/v2\/pages\/337"}],"wp:attachment":[{"href":"https:\/\/serr.disabilityrightsca.org\/sp\/wp-json\/wp\/v2\/media?parent=2010"}],"curies":[{"name":"wp","href":"https:\/\/api.w.org\/{rel}","templated":true}]}}