{"id":2012,"date":"2019-11-22T14:47:25","date_gmt":"2019-11-22T22:47:25","guid":{"rendered":"http:\/\/serr.disabilityrightsca.org\/?page_id=2012"},"modified":"2022-04-15T14:22:05","modified_gmt":"2022-04-15T21:22:05","slug":"6-8-que-sucede-despues-de-presentar-un-reclamo-de-cumplimiento","status":"publish","type":"page","link":"https:\/\/serr.disabilityrightsca.org\/sp\/serr-manual\/chapter-6-informacion-sobre-el-debido-proceso-y-los-procedimientos-de-cumplimiento\/6-8-que-sucede-despues-de-presentar-un-reclamo-de-cumplimiento\/","title":{"rendered":"(6.8) \u00bfQu\u00e9 sucede despu\u00e9s de presentar un reclamo de cumplimiento?"},"content":{"rendered":"\n<p>Conforme la ley federal y estatal, el CDE cuenta con 60 d\u00edas calendario desde la recepci\u00f3n del reclamo para realizar cualquier investigaci\u00f3n que considere necesaria a fin de resolver el reclamo. [34 C.F.R. Secs. 300.152(a)(1)-(5); 5 C.C.R. Sec. 3203(a)]. Cuando el CDE recibe su reclamo, debe analizarlo a fin de determinar si es de su competencia. Por ejemplo, el CDE se asegurar\u00e1 de que las presuntas infracciones se produjeron a m\u00e1s tardar un a\u00f1o despu\u00e9s de que usted presentara el reclamo. El CDE tambi\u00e9n verificar\u00e1 que las presuntas infracciones encajen en una de las cinco situaciones del 5 C.C.R. Sec. 3201.<\/p>\n\n\n\n<p>Si su reclamo involucra una o dos cuestiones de cumplimiento sencillas, puede solicitar en su reclamo que el proceso de investigaci\u00f3n sea agilizado o de \u201cr\u00e1pido seguimiento\u201d. Algunos ejemplos pueden ser los siguientes: 1) el IEP de su hijo especifica que debe recibir transporte y el autob\u00fas no ha llegado durante dos d\u00edas; (2) el profesor de su hijo no asiste a las reuniones de su IEP; (3) el IEP de su hijo especifica que tiene un ayudante de instrucci\u00f3n durante ciertos periodos del d\u00eda y el ayudante no ha sido proporcionado; o (4) el director de su hijo le ha dicho que, debido al comportamiento del ni\u00f1o en la escuela, no debe llevarlo de vuelta. Luego de presentar el reclamo, puede tambi\u00e9n llamar a la oficina de reclamos para averiguar a qui\u00e9n asignaron la tramitaci\u00f3n del mismo a fin de recordarle a dicho investigador acerca de su solicitud y las razones por las cuales solicita un proceso agilizado. El proceso de resoluci\u00f3n de disputas del CDE se encuentra disponible en la p\u00e1gina web: <a href=\"https:\/\/www.cde.ca.gov\/sp\/se\/qa\/cmplntproc.asp\">https:\/\/www.cde.ca.gov\/sp\/se\/qa\/cmplntproc.asp<\/a>.<\/p>\n\n\n\n<p>Sin importar que haya presentado un reclamo de r\u00e1pido seguimiento o no, si el CDE no le brinda una respuesta dentro de los 10 d\u00edas luego de que envi\u00f3 por correo su reclamo, debe llamar al 800-926-0648 para realizar un seguimiento. Tambi\u00e9n puede enviar un fax al CDE al 916-327-3704.<\/p>\n\n\n\n<p><\/p>\n\n\n\n<p><\/p>\n","protected":false},"excerpt":{"rendered":"<p>Conforme la ley federal y estatal, el CDE cuenta con 60 d\u00edas calendario desde la recepci\u00f3n del reclamo para realizar cualquier investigaci\u00f3n que considere necesaria&hellip;<\/p>\n","protected":false},"author":1,"featured_media":0,"parent":337,"menu_order":8,"comment_status":"closed","ping_status":"closed","template":"","meta":{"footnotes":""},"class_list":["post-2012","page","type-page","status-publish","hentry"],"_links":{"self":[{"href":"https:\/\/serr.disabilityrightsca.org\/sp\/wp-json\/wp\/v2\/pages\/2012","targetHints":{"allow":["GET"]}}],"collection":[{"href":"https:\/\/serr.disabilityrightsca.org\/sp\/wp-json\/wp\/v2\/pages"}],"about":[{"href":"https:\/\/serr.disabilityrightsca.org\/sp\/wp-json\/wp\/v2\/types\/page"}],"author":[{"embeddable":true,"href":"https:\/\/serr.disabilityrightsca.org\/sp\/wp-json\/wp\/v2\/users\/1"}],"replies":[{"embeddable":true,"href":"https:\/\/serr.disabilityrightsca.org\/sp\/wp-json\/wp\/v2\/comments?post=2012"}],"version-history":[{"count":3,"href":"https:\/\/serr.disabilityrightsca.org\/sp\/wp-json\/wp\/v2\/pages\/2012\/revisions"}],"predecessor-version":[{"id":4435,"href":"https:\/\/serr.disabilityrightsca.org\/sp\/wp-json\/wp\/v2\/pages\/2012\/revisions\/4435"}],"up":[{"embeddable":true,"href":"https:\/\/serr.disabilityrightsca.org\/sp\/wp-json\/wp\/v2\/pages\/337"}],"wp:attachment":[{"href":"https:\/\/serr.disabilityrightsca.org\/sp\/wp-json\/wp\/v2\/media?parent=2012"}],"curies":[{"name":"wp","href":"https:\/\/api.w.org\/{rel}","templated":true}]}}