{"id":2014,"date":"2019-11-22T14:48:32","date_gmt":"2019-11-22T22:48:32","guid":{"rendered":"http:\/\/serr.disabilityrightsca.org\/?page_id=2014"},"modified":"2022-04-15T14:22:47","modified_gmt":"2022-04-15T21:22:47","slug":"6-9-como-investiga-los-reclamos-el-cde","status":"publish","type":"page","link":"https:\/\/serr.disabilityrightsca.org\/sp\/serr-manual\/chapter-6-informacion-sobre-el-debido-proceso-y-los-procedimientos-de-cumplimiento\/6-9-como-investiga-los-reclamos-el-cde\/","title":{"rendered":"(6.9) \u00bfC\u00f3mo investiga los reclamos el CDE?"},"content":{"rendered":"\n<p>Si usted y el distrito desean resolver la controversia mediante mediaci\u00f3n, el CDE debe ofrecer un proceso de mediaci\u00f3n para tal fin. El CDE puede utilizar la conferencia de mediaci\u00f3n de la OAH descrita en 6.41 para mediar en los reclamos de cumplimiento. [34 C.F.R. Sec. 300.152(a)(3)(ii)].&nbsp;<\/p>\n\n\n\n<p>Si fuera necesaria una investigaci\u00f3n, el CDE designar\u00e1 a un investigador de reclamos para tramitar su reclamo. El investigador de cumplimiento se pondr\u00e1 en contacto con usted y le dar\u00e1 la oportunidad de presentar informaci\u00f3n adicional, oralmente o por escrito, sobre las alegaciones del reclamo. [34 C.F.R. Sec. 300.152(a)(2)]. Es importante entregar al investigador de cumplimiento los documentos y dem\u00e1s informaci\u00f3n que respalden su reclamo. Si usted se niega a entregar los documentos al investigador de cumplimiento o se niega a cooperar en la investigaci\u00f3n, el CDE puede desestimar el reclamo. [5 C.C.R. Sec. 3203(b)].<\/p>\n","protected":false},"excerpt":{"rendered":"<p>Si usted y el distrito desean resolver la controversia mediante mediaci\u00f3n, el CDE debe ofrecer un proceso de mediaci\u00f3n para tal fin. El CDE puede&hellip;<\/p>\n","protected":false},"author":1,"featured_media":0,"parent":337,"menu_order":9,"comment_status":"closed","ping_status":"closed","template":"","meta":{"footnotes":""},"class_list":["post-2014","page","type-page","status-publish","hentry"],"_links":{"self":[{"href":"https:\/\/serr.disabilityrightsca.org\/sp\/wp-json\/wp\/v2\/pages\/2014","targetHints":{"allow":["GET"]}}],"collection":[{"href":"https:\/\/serr.disabilityrightsca.org\/sp\/wp-json\/wp\/v2\/pages"}],"about":[{"href":"https:\/\/serr.disabilityrightsca.org\/sp\/wp-json\/wp\/v2\/types\/page"}],"author":[{"embeddable":true,"href":"https:\/\/serr.disabilityrightsca.org\/sp\/wp-json\/wp\/v2\/users\/1"}],"replies":[{"embeddable":true,"href":"https:\/\/serr.disabilityrightsca.org\/sp\/wp-json\/wp\/v2\/comments?post=2014"}],"version-history":[{"count":3,"href":"https:\/\/serr.disabilityrightsca.org\/sp\/wp-json\/wp\/v2\/pages\/2014\/revisions"}],"predecessor-version":[{"id":4436,"href":"https:\/\/serr.disabilityrightsca.org\/sp\/wp-json\/wp\/v2\/pages\/2014\/revisions\/4436"}],"up":[{"embeddable":true,"href":"https:\/\/serr.disabilityrightsca.org\/sp\/wp-json\/wp\/v2\/pages\/337"}],"wp:attachment":[{"href":"https:\/\/serr.disabilityrightsca.org\/sp\/wp-json\/wp\/v2\/media?parent=2014"}],"curies":[{"name":"wp","href":"https:\/\/api.w.org\/{rel}","templated":true}]}}