{"id":2018,"date":"2019-11-22T14:52:18","date_gmt":"2019-11-22T22:52:18","guid":{"rendered":"http:\/\/serr.disabilityrightsca.org\/?page_id=2018"},"modified":"2022-04-15T14:24:24","modified_gmt":"2022-04-15T21:24:24","slug":"6-11-que-sucede-si-no-estoy-de-acuerdo-con-la-decision-del-cde","status":"publish","type":"page","link":"https:\/\/serr.disabilityrightsca.org\/sp\/serr-manual\/chapter-6-informacion-sobre-el-debido-proceso-y-los-procedimientos-de-cumplimiento\/6-11-que-sucede-si-no-estoy-de-acuerdo-con-la-decision-del-cde\/","title":{"rendered":"(6.11) \u00bfQu\u00e9 sucede si no estoy de acuerdo con el reclamo de cumplimiento ante decisi\u00f3n del CDE?"},"content":{"rendered":"\n<p>Dentro de los 30 d\u00edas de conocer la decisi\u00f3n de la investigaci\u00f3n del CDE, usted o el distrito pueden solicitar al Superintendente de Instrucci\u00f3n P\u00fablica que reconsidere la decisi\u00f3n. El Superintendente puede responder por escrito dentro de los 60 d\u00edas, y su decisi\u00f3n puede consistir en la modificaci\u00f3n de las conclusiones o la acci\u00f3n correctiva, o bien denegar directamente la solicitud. La decisi\u00f3n del CDE permanece en vigor y su aplicaci\u00f3n est\u00e1 supeditada a la reconsideraci\u00f3n del Superintendente. [5 C.C.R. Sec. 3205(a)-(e)].<\/p>\n","protected":false},"excerpt":{"rendered":"<p>Dentro de los 30 d\u00edas de conocer la decisi\u00f3n de la investigaci\u00f3n del CDE, usted o el distrito pueden solicitar al Superintendente de Instrucci\u00f3n P\u00fablica&hellip;<\/p>\n","protected":false},"author":1,"featured_media":0,"parent":337,"menu_order":11,"comment_status":"closed","ping_status":"closed","template":"","meta":{"footnotes":""},"class_list":["post-2018","page","type-page","status-publish","hentry"],"_links":{"self":[{"href":"https:\/\/serr.disabilityrightsca.org\/sp\/wp-json\/wp\/v2\/pages\/2018","targetHints":{"allow":["GET"]}}],"collection":[{"href":"https:\/\/serr.disabilityrightsca.org\/sp\/wp-json\/wp\/v2\/pages"}],"about":[{"href":"https:\/\/serr.disabilityrightsca.org\/sp\/wp-json\/wp\/v2\/types\/page"}],"author":[{"embeddable":true,"href":"https:\/\/serr.disabilityrightsca.org\/sp\/wp-json\/wp\/v2\/users\/1"}],"replies":[{"embeddable":true,"href":"https:\/\/serr.disabilityrightsca.org\/sp\/wp-json\/wp\/v2\/comments?post=2018"}],"version-history":[{"count":3,"href":"https:\/\/serr.disabilityrightsca.org\/sp\/wp-json\/wp\/v2\/pages\/2018\/revisions"}],"predecessor-version":[{"id":4438,"href":"https:\/\/serr.disabilityrightsca.org\/sp\/wp-json\/wp\/v2\/pages\/2018\/revisions\/4438"}],"up":[{"embeddable":true,"href":"https:\/\/serr.disabilityrightsca.org\/sp\/wp-json\/wp\/v2\/pages\/337"}],"wp:attachment":[{"href":"https:\/\/serr.disabilityrightsca.org\/sp\/wp-json\/wp\/v2\/media?parent=2018"}],"curies":[{"name":"wp","href":"https:\/\/api.w.org\/{rel}","templated":true}]}}