{"id":2022,"date":"2019-11-22T15:25:22","date_gmt":"2019-11-22T23:25:22","guid":{"rendered":"http:\/\/serr.disabilityrightsca.org\/?page_id=2022"},"modified":"2022-04-15T14:26:06","modified_gmt":"2022-04-15T21:26:06","slug":"6-13-de-que-manera-debo-presentar-un-reclamo-de-cumplimiento-ante-mi-distrito-local","status":"publish","type":"page","link":"https:\/\/serr.disabilityrightsca.org\/sp\/serr-manual\/chapter-6-informacion-sobre-el-debido-proceso-y-los-procedimientos-de-cumplimiento\/6-13-de-que-manera-debo-presentar-un-reclamo-de-cumplimiento-ante-mi-distrito-local\/","title":{"rendered":"(6.13) \u00bfDe qu\u00e9 manera debo presentar un reclamo de cumplimiento ante mi distrito local?"},"content":{"rendered":"\n<p>Si su reclamo no re\u00fane los requisitos para una <em>intervenci\u00f3n estatal directa<\/em> por parte del CDE, debe enviar su reclamo al superintendente escolar del distrito o al director de educaci\u00f3n especial. [5 C.C.R. Sec. 4630(c)].<\/p>\n\n\n\n<p>Cada distrito debe tener su propia pol\u00edtica de investigaci\u00f3n de los reclamos por escrito y los procedimientos que fueron aprobados por su Consejo de Educaci\u00f3n. Aseg\u00farese de solicitar una copia del proceso de investigaci\u00f3n de reclamos de su distrito antes de presentar el reclamo.<\/p>\n\n\n\n<p>Debe describir su situaci\u00f3n de forma detallada, incluidas las partes de la ley que fueron incumplidas. Es posible que no conozca los art\u00edculos exactos de la ley que fueron incumplidos. Si describe la situaci\u00f3n de manera adecuada, el distrito deber\u00e1 hacer coincidir los art\u00edculos correctos de la ley con su caso en particular. Si el IEP de su hijo u otro documento son relevantes para sustentar su reclamo, debe adjuntarlos.<\/p>\n\n\n\n<p>Si su reclamo es por discriminaci\u00f3n, hostigamiento, intimidaci\u00f3n o acoso escolar, \u00e9ste debe ser presentado dentro de los seis meses posteriores a la fecha en que ocurri\u00f3 la conducta que se reprocha, o desde la fecha en que usted tuvo conocimiento acerca de la misma. El superintendente del distrito puede extender este per\u00edodo de seis meses, si usted solicita una extensi\u00f3n por escrito. [5 C.C.R. Sec. 4630(b)].<\/p>\n","protected":false},"excerpt":{"rendered":"<p>Si su reclamo no re\u00fane los requisitos para una intervenci\u00f3n estatal directa por parte del CDE, debe enviar su reclamo al superintendente escolar del distrito&hellip;<\/p>\n","protected":false},"author":1,"featured_media":0,"parent":337,"menu_order":13,"comment_status":"closed","ping_status":"closed","template":"","meta":{"footnotes":""},"class_list":["post-2022","page","type-page","status-publish","hentry"],"_links":{"self":[{"href":"https:\/\/serr.disabilityrightsca.org\/sp\/wp-json\/wp\/v2\/pages\/2022","targetHints":{"allow":["GET"]}}],"collection":[{"href":"https:\/\/serr.disabilityrightsca.org\/sp\/wp-json\/wp\/v2\/pages"}],"about":[{"href":"https:\/\/serr.disabilityrightsca.org\/sp\/wp-json\/wp\/v2\/types\/page"}],"author":[{"embeddable":true,"href":"https:\/\/serr.disabilityrightsca.org\/sp\/wp-json\/wp\/v2\/users\/1"}],"replies":[{"embeddable":true,"href":"https:\/\/serr.disabilityrightsca.org\/sp\/wp-json\/wp\/v2\/comments?post=2022"}],"version-history":[{"count":3,"href":"https:\/\/serr.disabilityrightsca.org\/sp\/wp-json\/wp\/v2\/pages\/2022\/revisions"}],"predecessor-version":[{"id":4440,"href":"https:\/\/serr.disabilityrightsca.org\/sp\/wp-json\/wp\/v2\/pages\/2022\/revisions\/4440"}],"up":[{"embeddable":true,"href":"https:\/\/serr.disabilityrightsca.org\/sp\/wp-json\/wp\/v2\/pages\/337"}],"wp:attachment":[{"href":"https:\/\/serr.disabilityrightsca.org\/sp\/wp-json\/wp\/v2\/media?parent=2022"}],"curies":[{"name":"wp","href":"https:\/\/api.w.org\/{rel}","templated":true}]}}