{"id":2029,"date":"2019-11-22T16:12:57","date_gmt":"2019-11-23T00:12:57","guid":{"rendered":"http:\/\/serr.disabilityrightsca.org\/?page_id=2029"},"modified":"2024-07-25T11:46:26","modified_gmt":"2024-07-25T18:46:26","slug":"6-15-puede-un-distrito-escolar-intentar-mediar-o-resolver-de-manera-informal-en-un-reclamo-antes-del-inicio-de-la-investigacion-formal","status":"publish","type":"page","link":"https:\/\/serr.disabilityrightsca.org\/sp\/serr-manual\/chapter-6-informacion-sobre-el-debido-proceso-y-los-procedimientos-de-cumplimiento\/6-15-puede-un-distrito-escolar-intentar-mediar-o-resolver-de-manera-informal-en-un-reclamo-antes-del-inicio-de-la-investigacion-formal\/","title":{"rendered":"(6.15) \u00bfPuede un distrito escolar intentar mediar (o resolver de manera informal) en un reclamo antes del inicio de la investigaci\u00f3n formal?"},"content":{"rendered":"\n<p>S\u00ed. Los distritos escolares pueden desarrollar una mediaci\u00f3n o alg\u00fan otro procedimiento \u201calternativo de resoluci\u00f3n de conflictos\u201d (ADR) a los fines de resolver los reclamos de forma informal, antes de llevar a cabo una investigaci\u00f3n oficial. Esta mediaci\u00f3n u otro proceso informal no puede exceder el plazo de 60 d\u00edas dispuesto para resolver los reclamos, salvo que acuerde una pr\u00f3rroga por escrito. Sin embargo, la mediaci\u00f3n o el ADR no pueden ser una parte obligatoria del proceso. Puede omitir este paso. [5 C.C.R. Sec. 4631(f)-(g)].<\/p>\n","protected":false},"excerpt":{"rendered":"<p>S\u00ed. Los distritos escolares pueden desarrollar una mediaci\u00f3n o alg\u00fan otro procedimiento \u201calternativo de resoluci\u00f3n de conflictos\u201d (ADR) a los fines de resolver los reclamos&hellip;<\/p>\n","protected":false},"author":1,"featured_media":0,"parent":337,"menu_order":15,"comment_status":"closed","ping_status":"closed","template":"","meta":{"footnotes":""},"class_list":["post-2029","page","type-page","status-publish","hentry"],"_links":{"self":[{"href":"https:\/\/serr.disabilityrightsca.org\/sp\/wp-json\/wp\/v2\/pages\/2029","targetHints":{"allow":["GET"]}}],"collection":[{"href":"https:\/\/serr.disabilityrightsca.org\/sp\/wp-json\/wp\/v2\/pages"}],"about":[{"href":"https:\/\/serr.disabilityrightsca.org\/sp\/wp-json\/wp\/v2\/types\/page"}],"author":[{"embeddable":true,"href":"https:\/\/serr.disabilityrightsca.org\/sp\/wp-json\/wp\/v2\/users\/1"}],"replies":[{"embeddable":true,"href":"https:\/\/serr.disabilityrightsca.org\/sp\/wp-json\/wp\/v2\/comments?post=2029"}],"version-history":[{"count":3,"href":"https:\/\/serr.disabilityrightsca.org\/sp\/wp-json\/wp\/v2\/pages\/2029\/revisions"}],"predecessor-version":[{"id":4442,"href":"https:\/\/serr.disabilityrightsca.org\/sp\/wp-json\/wp\/v2\/pages\/2029\/revisions\/4442"}],"up":[{"embeddable":true,"href":"https:\/\/serr.disabilityrightsca.org\/sp\/wp-json\/wp\/v2\/pages\/337"}],"wp:attachment":[{"href":"https:\/\/serr.disabilityrightsca.org\/sp\/wp-json\/wp\/v2\/media?parent=2029"}],"curies":[{"name":"wp","href":"https:\/\/api.w.org\/{rel}","templated":true}]}}