{"id":2033,"date":"2019-11-22T16:14:58","date_gmt":"2019-11-23T00:14:58","guid":{"rendered":"http:\/\/serr.disabilityrightsca.org\/?page_id=2033"},"modified":"2022-04-15T14:34:52","modified_gmt":"2022-04-15T21:34:52","slug":"6-17-que-puedo-hacer-si-un-maestro-u-otro-miembro-del-personal-lastima-a-mi-hijo-ademas-de-entablar-una-demanda-civil-contra-el-distrito-escolar-o-informar-el-incidente-a-las-autoridades-de","status":"publish","type":"page","link":"https:\/\/serr.disabilityrightsca.org\/sp\/serr-manual\/chapter-6-informacion-sobre-el-debido-proceso-y-los-procedimientos-de-cumplimiento\/6-17-que-puedo-hacer-si-un-maestro-u-otro-miembro-del-personal-lastima-a-mi-hijo-ademas-de-entablar-una-demanda-civil-contra-el-distrito-escolar-o-informar-el-incidente-a-las-autoridades-de\/","title":{"rendered":"(6.17) \u00bfSeguir\u00e9 un procedimiento de reclamo diferente si Servicios para los Ni\u00f1os de California (California Children\u2019s Services, CCS) incumple con el deber proporcionar los servicios, seg\u00fan lo especificado en el IEP de mi hijo?"},"content":{"rendered":"\n<p>Si su reclamo se relaciona con los servicios proporcionados por CCS, puede presentar un reclamo solicitando la intervenci\u00f3n estatal directa, seg\u00fan se describi\u00f3 anteriormente, <em>o<\/em> conforme los procedimientos de resoluci\u00f3n de conflictos entre agencias. La presentaci\u00f3n de reclamos conforme ambos procesos pueden generar una resoluci\u00f3n m\u00e1s r\u00e1pida. El reclamo entre agencias puede presentarse ante el Superintendente de Instrucci\u00f3n P\u00fablica (Superintendente)<em> o<\/em> ante el Secretario de Salud y Servicios Humanos (Secretario). [California Government Code (Cal. Gov. Code) Sec. 7585(a)].<\/p>\n\n\n\n<p>Secretary of Health and Human Services (Secretario de Salud y Servicios Humanos)<br>1600 Ninth St., 4<sup>th<\/sup>&nbsp;Floor<br>Sacramento, CA 95814<\/p>\n\n\n\n<p>Superintendent of Public Instruction California Department of Education (Superintendente de Instrucci\u00f3n P\u00fablica Departamento de Educaci\u00f3n de California)<br>1430 N Street<br>Sacramento, CA 95814<\/p>\n\n\n\n<p>Antes de considerar su reclamo, los organismos involucrados podr\u00e1n solicitar una copia del IEP de su hijo. Deber\u00e1 enviar una copia del mismo junto con su reclamo.<\/p>\n\n\n\n<p>El Superintendente y el Secretario se deben reunir a los fines de resolver la cuesti\u00f3n dentro de los 15 d\u00edas calendario a partir de la recepci\u00f3n del reclamo. Deben enviar por correo una copia por escrito de la resoluci\u00f3n de la reuni\u00f3n a usted, al distrito escolar local y a los organismos afectados, dentro de los 10 d\u00edas de celebrada la reuni\u00f3n. [Cal. Gov. Code Sec. 7585(b)].<\/p>\n\n\n\n<p>Si los organismos no pueden resolver la cuesti\u00f3n dentro de los 15 d\u00edas, el reclamo puede ser apelado a la Oficina de Audiencias Administrativas (Office of Administrative Hearings, \u201cOAH\u201d u \u201coficina de audiencias\u201d). La OAH revisar\u00e1 la cuesti\u00f3n y emitir\u00e1 sus conclusiones dentro de los 30 d\u00edas de recibido el caso. La decisi\u00f3n de la OAH es vinculante para todas las partes del conflicto. [Cal. Gov. Code Secs. 7585(c)\u2013(e)].<\/p>\n\n\n\n<p>Cuando un reclamo se presenta de conformidad con el art\u00edculo 7585 (a), el alumno afectado por el conflicto debe seguir recibiendo el servicio pendiente de resoluci\u00f3n si lo hab\u00eda estado recibiendo con anterioridad. [Cal. Gov. Code Sec. 7585(f)].<\/p>\n","protected":false},"excerpt":{"rendered":"<p>Si su reclamo se relaciona con los servicios proporcionados por CCS, puede presentar un reclamo solicitando la intervenci\u00f3n estatal directa, seg\u00fan se describi\u00f3 anteriormente, o&hellip;<\/p>\n","protected":false},"author":1,"featured_media":0,"parent":337,"menu_order":17,"comment_status":"closed","ping_status":"closed","template":"","meta":{"footnotes":""},"class_list":["post-2033","page","type-page","status-publish","hentry"],"_links":{"self":[{"href":"https:\/\/serr.disabilityrightsca.org\/sp\/wp-json\/wp\/v2\/pages\/2033","targetHints":{"allow":["GET"]}}],"collection":[{"href":"https:\/\/serr.disabilityrightsca.org\/sp\/wp-json\/wp\/v2\/pages"}],"about":[{"href":"https:\/\/serr.disabilityrightsca.org\/sp\/wp-json\/wp\/v2\/types\/page"}],"author":[{"embeddable":true,"href":"https:\/\/serr.disabilityrightsca.org\/sp\/wp-json\/wp\/v2\/users\/1"}],"replies":[{"embeddable":true,"href":"https:\/\/serr.disabilityrightsca.org\/sp\/wp-json\/wp\/v2\/comments?post=2033"}],"version-history":[{"count":3,"href":"https:\/\/serr.disabilityrightsca.org\/sp\/wp-json\/wp\/v2\/pages\/2033\/revisions"}],"predecessor-version":[{"id":4444,"href":"https:\/\/serr.disabilityrightsca.org\/sp\/wp-json\/wp\/v2\/pages\/2033\/revisions\/4444"}],"up":[{"embeddable":true,"href":"https:\/\/serr.disabilityrightsca.org\/sp\/wp-json\/wp\/v2\/pages\/337"}],"wp:attachment":[{"href":"https:\/\/serr.disabilityrightsca.org\/sp\/wp-json\/wp\/v2\/media?parent=2033"}],"curies":[{"name":"wp","href":"https:\/\/api.w.org\/{rel}","templated":true}]}}