{"id":2035,"date":"2019-11-22T16:16:28","date_gmt":"2019-11-23T00:16:28","guid":{"rendered":"http:\/\/serr.disabilityrightsca.org\/?page_id=2035"},"modified":"2022-04-15T14:35:55","modified_gmt":"2022-04-15T21:35:55","slug":"6-18-seguire-un-procedimiento-de-reclamo-diferente-si-servicios-para-los-ninos-de-california-california-childrens-services-ccs-incumple-con-el-deber-proporcionar-los-servicios-seg","status":"publish","type":"page","link":"https:\/\/serr.disabilityrightsca.org\/sp\/serr-manual\/chapter-6-informacion-sobre-el-debido-proceso-y-los-procedimientos-de-cumplimiento\/6-18-seguire-un-procedimiento-de-reclamo-diferente-si-servicios-para-los-ninos-de-california-california-childrens-services-ccs-incumple-con-el-deber-proporcionar-los-servicios-seg\/","title":{"rendered":"(6.18) \u00bfPueden los maestros y otros miembros del personal presentar un reclamo de cumplimiento tambi\u00e9n?"},"content":{"rendered":"\n<p>S\u00ed. Los maestros y otros miembros del personal pueden recurrir al proceso de reclamo para abordar los problemas que experimenten por parte de sus superiores cuando los mismos (maestros y otros miembros del personal) han intentado ayudar a los padres o a los alumnos de educaci\u00f3n especial a obtener los servicios de educaci\u00f3n especial adecuados. Ning\u00fan empleado del distrito puede, directa o indirectamente, utilizar o intentar utilizar su autoridad o influencia para intimidar, amenazar, coaccionar a cualquier persona, incluidos, entre otros, maestros, proveedores de servicios relacionados, paraprofesionales, asistentes, contratistas o subordinados, con la finalidad de interferir con los esfuerzos de las personas para asistir a los padres o al tutor de un alumno de educaci\u00f3n especial en la obtenci\u00f3n de servicios o colocaciones adecuadas para tal alumno. [Cal. Ed. Code Sec. 56046(a)]. Si un maestro u otro empleado del distrito cree que un administrador u otro empleado del distrito ha violado esta prohibici\u00f3n, podr\u00e1 presentar un reclamo ante el Departamento de Educaci\u00f3n del Estado y solicitarle que realice una investigaci\u00f3n. [Cal. Ed. Code Sec. 56046(b)].<\/p>\n","protected":false},"excerpt":{"rendered":"<p>S\u00ed. Los maestros y otros miembros del personal pueden recurrir al proceso de reclamo para abordar los problemas que experimenten por parte de sus superiores&hellip;<\/p>\n","protected":false},"author":1,"featured_media":0,"parent":337,"menu_order":18,"comment_status":"closed","ping_status":"closed","template":"","meta":{"footnotes":""},"class_list":["post-2035","page","type-page","status-publish","hentry"],"_links":{"self":[{"href":"https:\/\/serr.disabilityrightsca.org\/sp\/wp-json\/wp\/v2\/pages\/2035","targetHints":{"allow":["GET"]}}],"collection":[{"href":"https:\/\/serr.disabilityrightsca.org\/sp\/wp-json\/wp\/v2\/pages"}],"about":[{"href":"https:\/\/serr.disabilityrightsca.org\/sp\/wp-json\/wp\/v2\/types\/page"}],"author":[{"embeddable":true,"href":"https:\/\/serr.disabilityrightsca.org\/sp\/wp-json\/wp\/v2\/users\/1"}],"replies":[{"embeddable":true,"href":"https:\/\/serr.disabilityrightsca.org\/sp\/wp-json\/wp\/v2\/comments?post=2035"}],"version-history":[{"count":4,"href":"https:\/\/serr.disabilityrightsca.org\/sp\/wp-json\/wp\/v2\/pages\/2035\/revisions"}],"predecessor-version":[{"id":4445,"href":"https:\/\/serr.disabilityrightsca.org\/sp\/wp-json\/wp\/v2\/pages\/2035\/revisions\/4445"}],"up":[{"embeddable":true,"href":"https:\/\/serr.disabilityrightsca.org\/sp\/wp-json\/wp\/v2\/pages\/337"}],"wp:attachment":[{"href":"https:\/\/serr.disabilityrightsca.org\/sp\/wp-json\/wp\/v2\/media?parent=2035"}],"curies":[{"name":"wp","href":"https:\/\/api.w.org\/{rel}","templated":true}]}}