{"id":2037,"date":"2019-11-22T16:17:34","date_gmt":"2019-11-23T00:17:34","guid":{"rendered":"http:\/\/serr.disabilityrightsca.org\/?page_id=2037"},"modified":"2022-04-15T14:36:35","modified_gmt":"2022-04-15T21:36:35","slug":"6-19-pueden-los-maestros-y-otros-miembros-del-personal-presentar-tambien-un-reclamo-de-cumplimiento","status":"publish","type":"page","link":"https:\/\/serr.disabilityrightsca.org\/sp\/serr-manual\/chapter-6-informacion-sobre-el-debido-proceso-y-los-procedimientos-de-cumplimiento\/6-19-pueden-los-maestros-y-otros-miembros-del-personal-presentar-tambien-un-reclamo-de-cumplimiento\/","title":{"rendered":"(6.19) \u00bfPuedo presentar un reclamo por discriminaci\u00f3n u hostigamiento ante alg\u00fan otro organismo?"},"content":{"rendered":"\n<p>S\u00ed. Si su reclamo versa sobre discriminaci\u00f3n u hostigamiento por causa de discapacidad, puede presentar un reclamo ante el Departamento de Educaci\u00f3n de los Estados Unidos, Oficina de Derechos Civiles (Office for Civil Rights, OCR) conforme al art\u00edculo 504 de la Ley de Rehabilitaci\u00f3n de 1973. [Sec. 504 OSEP letter 29 U.S.C. Sec. 794; Dear Colleagues Letter, 64 IDELR 115, (OCR 2014)].<\/p>\n","protected":false},"excerpt":{"rendered":"<p>S\u00ed. Si su reclamo versa sobre discriminaci\u00f3n u hostigamiento por causa de discapacidad, puede presentar un reclamo ante el Departamento de Educaci\u00f3n de los Estados&hellip;<\/p>\n","protected":false},"author":1,"featured_media":0,"parent":337,"menu_order":19,"comment_status":"closed","ping_status":"closed","template":"","meta":{"footnotes":""},"class_list":["post-2037","page","type-page","status-publish","hentry"],"_links":{"self":[{"href":"https:\/\/serr.disabilityrightsca.org\/sp\/wp-json\/wp\/v2\/pages\/2037","targetHints":{"allow":["GET"]}}],"collection":[{"href":"https:\/\/serr.disabilityrightsca.org\/sp\/wp-json\/wp\/v2\/pages"}],"about":[{"href":"https:\/\/serr.disabilityrightsca.org\/sp\/wp-json\/wp\/v2\/types\/page"}],"author":[{"embeddable":true,"href":"https:\/\/serr.disabilityrightsca.org\/sp\/wp-json\/wp\/v2\/users\/1"}],"replies":[{"embeddable":true,"href":"https:\/\/serr.disabilityrightsca.org\/sp\/wp-json\/wp\/v2\/comments?post=2037"}],"version-history":[{"count":3,"href":"https:\/\/serr.disabilityrightsca.org\/sp\/wp-json\/wp\/v2\/pages\/2037\/revisions"}],"predecessor-version":[{"id":4446,"href":"https:\/\/serr.disabilityrightsca.org\/sp\/wp-json\/wp\/v2\/pages\/2037\/revisions\/4446"}],"up":[{"embeddable":true,"href":"https:\/\/serr.disabilityrightsca.org\/sp\/wp-json\/wp\/v2\/pages\/337"}],"wp:attachment":[{"href":"https:\/\/serr.disabilityrightsca.org\/sp\/wp-json\/wp\/v2\/media?parent=2037"}],"curies":[{"name":"wp","href":"https:\/\/api.w.org\/{rel}","templated":true}]}}