{"id":2043,"date":"2019-11-22T16:21:52","date_gmt":"2019-11-23T00:21:52","guid":{"rendered":"http:\/\/serr.disabilityrightsca.org\/?page_id=2043"},"modified":"2024-07-25T11:43:33","modified_gmt":"2024-07-25T18:43:33","slug":"6-22-cuando-debo-presentar-un-reclamo-por-discriminacion-fundado-en-el-articulo-504-o-por-hostigamiento-ante-la-ocr","status":"publish","type":"page","link":"https:\/\/serr.disabilityrightsca.org\/sp\/serr-manual\/chapter-6-informacion-sobre-el-debido-proceso-y-los-procedimientos-de-cumplimiento\/6-22-cuando-debo-presentar-un-reclamo-por-discriminacion-fundado-en-el-articulo-504-o-por-hostigamiento-ante-la-ocr\/","title":{"rendered":"(6.22) \u00bfC\u00f3mo investiga los reclamos la OCR?"},"content":{"rendered":"\n<p>La OCR acusar\u00e1 recibo de su reclamo de \u201cmanera inmediata\u201d, una vez que la recibe. Sin embargo, la OCR archivar\u00e1 su reclamo si no env\u00eda su consentimiento por escrito dentro de los 20 d\u00edas a partir de la recepci\u00f3n de la carta de acuse de recibo.<\/p>\n\n\n\n<p>Una vez que la OCR determina que dar\u00e1 curso a la investigaci\u00f3n, puede revisar los documentos, realizar entrevistas o visitar lugares. Si determina que el distrito est\u00e1 en situaci\u00f3n de incumplimiento, le dar\u00e1 un plazo de 30 d\u00edas para cumplir voluntariamente antes de enviar una \u201cCarta de Resultados\u201d en la que se registrar\u00e1 el incumplimiento de las normas legales. Si el distrito inicia negociaciones con usted, dispondr\u00e1 de 10 d\u00edas para llegar a un acuerdo antes de que la OCR env\u00ede una \u201cCarta de Resultados\u201d.<\/p>\n\n\n\n<p>La OCR controlar\u00e1 peri\u00f3dicamente al distrito para garantizar que contin\u00fae cumpliendo con cualquier acuerdo de resoluci\u00f3n que haya suscrito. Si el distrito no cumple voluntariamente, la OCR puede imponer el acatamiento de sus resoluciones mediante la retenci\u00f3n de fondos o la remisi\u00f3n del caso al Departamento de Justicia para iniciar una posible acci\u00f3n legal. Consulte, el Manual de procesamiento de casos de la OCR, art\u00edculo 103, en:&nbsp;<a href=\"https:\/\/www2.ed.gov\/about\/offices\/list\/ocr\/docs\/ocrcpm.pdf\">https:\/\/www2.ed.gov\/about\/offices\/list\/ocr\/docs\/ocrcpm.pdf<\/a>&nbsp;y los Procedimientos de Procesamiento de Reclamos en:&nbsp;<a href=\"http:\/\/www.ed.gov\/about\/offices\/list\/ocr\/complaints-how.html.\">www.ed.gov\/about\/offices\/list\/ocr\/complaints-how.html.<\/a>&nbsp;Para mayor informaci\u00f3n, tambi\u00e9n puede visitar la p\u00e1gina: https:\/<a href=\"http:\/\/www.ed.gov\/about\/offices\/list\/ocr\/index.html.-\">www2.ed.gov\/about\/offices\/list\/ocr\/frontpage\/faq\/disability.html.-<\/a> (Preguntas frecuentes).<\/p>\n","protected":false},"excerpt":{"rendered":"<p>La OCR acusar\u00e1 recibo de su reclamo de \u201cmanera inmediata\u201d, una vez que la recibe. Sin embargo, la OCR archivar\u00e1 su reclamo si no env\u00eda&hellip;<\/p>\n","protected":false},"author":1,"featured_media":0,"parent":337,"menu_order":22,"comment_status":"closed","ping_status":"closed","template":"","meta":{"footnotes":""},"class_list":["post-2043","page","type-page","status-publish","hentry"],"_links":{"self":[{"href":"https:\/\/serr.disabilityrightsca.org\/sp\/wp-json\/wp\/v2\/pages\/2043","targetHints":{"allow":["GET"]}}],"collection":[{"href":"https:\/\/serr.disabilityrightsca.org\/sp\/wp-json\/wp\/v2\/pages"}],"about":[{"href":"https:\/\/serr.disabilityrightsca.org\/sp\/wp-json\/wp\/v2\/types\/page"}],"author":[{"embeddable":true,"href":"https:\/\/serr.disabilityrightsca.org\/sp\/wp-json\/wp\/v2\/users\/1"}],"replies":[{"embeddable":true,"href":"https:\/\/serr.disabilityrightsca.org\/sp\/wp-json\/wp\/v2\/comments?post=2043"}],"version-history":[{"count":3,"href":"https:\/\/serr.disabilityrightsca.org\/sp\/wp-json\/wp\/v2\/pages\/2043\/revisions"}],"predecessor-version":[{"id":4451,"href":"https:\/\/serr.disabilityrightsca.org\/sp\/wp-json\/wp\/v2\/pages\/2043\/revisions\/4451"}],"up":[{"embeddable":true,"href":"https:\/\/serr.disabilityrightsca.org\/sp\/wp-json\/wp\/v2\/pages\/337"}],"wp:attachment":[{"href":"https:\/\/serr.disabilityrightsca.org\/sp\/wp-json\/wp\/v2\/media?parent=2043"}],"curies":[{"name":"wp","href":"https:\/\/api.w.org\/{rel}","templated":true}]}}