{"id":2045,"date":"2019-11-22T16:23:02","date_gmt":"2019-11-23T00:23:02","guid":{"rendered":"http:\/\/serr.disabilityrightsca.org\/?page_id=2045"},"modified":"2022-04-15T15:15:29","modified_gmt":"2022-04-15T22:15:29","slug":"6-23-como-investiga-los-reclamos-la-ocr","status":"publish","type":"page","link":"https:\/\/serr.disabilityrightsca.org\/sp\/serr-manual\/chapter-6-informacion-sobre-el-debido-proceso-y-los-procedimientos-de-cumplimiento\/6-23-como-investiga-los-reclamos-la-ocr\/","title":{"rendered":"(6.23) \u00bfPuedo presentar un reclamo por discriminaci\u00f3n, hostigamiento, intimidaci\u00f3n o acoso ante mi distrito escolar o el CDE?"},"content":{"rendered":"\n<p>Puede presentar un reclamo relacionado con discriminaci\u00f3n, hostigamiento, intimidaci\u00f3n o acoso mediante el proceso de investigaci\u00f3n de reclamos locales. [5 C.C.R. Sec. 4600(e) &amp; 4630(b)]. Se debe presentar dentro de los seis meses a partir de: (1) la conducta o (2) la fecha en la que supo sobre dicha conducta. El Superintendente del Distrito puede prorrogar los seis meses establecidos para la presentaci\u00f3n del reclamo por 90 d\u00edas m\u00e1s, invocando justa causa, mediante una solicitud por escrito en la que se describen las razones por las cuales dicha pr\u00f3rroga es necesaria. [5 C.C.R. Sec. 4630(b)].<\/p>\n\n\n\n<p>La investigaci\u00f3n local debe ser realizada de manera tal que proteja la confidencialidad de las partes y los hechos que se dirimen. [5 C.C.R. Sec. 4630(b)(3)]. Puede presentar un reclamo directamente ante el CDE, si cumple con una de las condiciones que habilitan la intervenci\u00f3n estatal directa, seg\u00fan se mencion\u00f3 con anterioridad. [5 C.C.R. Sec. 4650(a)].<\/p>\n","protected":false},"excerpt":{"rendered":"<p>Puede presentar un reclamo relacionado con discriminaci\u00f3n, hostigamiento, intimidaci\u00f3n o acoso mediante el proceso de investigaci\u00f3n de reclamos locales. [5 C.C.R. Sec. 4600(e) &amp; 4630(b)].&hellip;<\/p>\n","protected":false},"author":1,"featured_media":0,"parent":337,"menu_order":23,"comment_status":"closed","ping_status":"closed","template":"","meta":{"footnotes":""},"class_list":["post-2045","page","type-page","status-publish","hentry"],"_links":{"self":[{"href":"https:\/\/serr.disabilityrightsca.org\/sp\/wp-json\/wp\/v2\/pages\/2045","targetHints":{"allow":["GET"]}}],"collection":[{"href":"https:\/\/serr.disabilityrightsca.org\/sp\/wp-json\/wp\/v2\/pages"}],"about":[{"href":"https:\/\/serr.disabilityrightsca.org\/sp\/wp-json\/wp\/v2\/types\/page"}],"author":[{"embeddable":true,"href":"https:\/\/serr.disabilityrightsca.org\/sp\/wp-json\/wp\/v2\/users\/1"}],"replies":[{"embeddable":true,"href":"https:\/\/serr.disabilityrightsca.org\/sp\/wp-json\/wp\/v2\/comments?post=2045"}],"version-history":[{"count":5,"href":"https:\/\/serr.disabilityrightsca.org\/sp\/wp-json\/wp\/v2\/pages\/2045\/revisions"}],"predecessor-version":[{"id":4452,"href":"https:\/\/serr.disabilityrightsca.org\/sp\/wp-json\/wp\/v2\/pages\/2045\/revisions\/4452"}],"up":[{"embeddable":true,"href":"https:\/\/serr.disabilityrightsca.org\/sp\/wp-json\/wp\/v2\/pages\/337"}],"wp:attachment":[{"href":"https:\/\/serr.disabilityrightsca.org\/sp\/wp-json\/wp\/v2\/media?parent=2045"}],"curies":[{"name":"wp","href":"https:\/\/api.w.org\/{rel}","templated":true}]}}