{"id":2048,"date":"2019-11-22T16:25:58","date_gmt":"2019-11-23T00:25:58","guid":{"rendered":"http:\/\/serr.disabilityrightsca.org\/?page_id=2048"},"modified":"2022-04-15T15:16:08","modified_gmt":"2022-04-15T22:16:08","slug":"6-24-puedo-presentar-un-reclamo-por-discriminacion-hostigamiento-intimidacion-o-acoso-ante-mi-distrito-escolar-o-el-cde","status":"publish","type":"page","link":"https:\/\/serr.disabilityrightsca.org\/sp\/serr-manual\/chapter-6-informacion-sobre-el-debido-proceso-y-los-procedimientos-de-cumplimiento\/6-24-puedo-presentar-un-reclamo-por-discriminacion-hostigamiento-intimidacion-o-acoso-ante-mi-distrito-escolar-o-el-cde\/","title":{"rendered":"(6.24) Si el distrito escolar y yo no estamos de acuerdo con los cambios propuestos para el programa de educaci\u00f3n especial de mi hijo, \u00bfdebe el distrito enviarme alg\u00fan tipo de notificaci\u00f3n antes de solicitar una audiencia de debido proceso?"},"content":{"rendered":"\n<p>Un primer paso importante para los procedimientos de debido proceso es la notificaci\u00f3n adecuada por parte del distrito escolar en la que se indique con precisi\u00f3n lo que el distrito propone o se niega a hacer y los fundamentos. Esto se denomina \u201cnotificaci\u00f3n previa por escrito\u201d. Toda vez que el distrito propone o se niega a iniciar o cambiar la identificaci\u00f3n, evaluaci\u00f3n o colocaci\u00f3n educativa de un alumno o la provisi\u00f3n de una educaci\u00f3n p\u00fablica, adecuada y gratuita, debe enviarle una notificaci\u00f3n por escrito en un &#8220;plazo razonable&#8221; antes de proponer o rechazar:<\/p>\n\n\n\n<ol class=\"wp-block-list\"><li>Cambiar la categor\u00eda de elegibilidad para la educaci\u00f3n especial de su hijo (por ejemplo: discapacidad del aprendizaje), incluida la determinaci\u00f3n de que no re\u00fane las condiciones para calificar para la educaci\u00f3n especial;<\/li><li>Iniciar o cambiar una evaluaci\u00f3n de su hijo;<\/li><li>Cambiar la colocaci\u00f3n educativa de su hijo; y<\/li><li>Cambiar un componente del IEP de su hijo.&nbsp;<br>[34 C.F.R. Sec. 300.503(a)].<\/li><\/ol>\n","protected":false},"excerpt":{"rendered":"<p>Un primer paso importante para los procedimientos de debido proceso es la notificaci\u00f3n adecuada por parte del distrito escolar en la que se indique con&hellip;<\/p>\n","protected":false},"author":1,"featured_media":0,"parent":337,"menu_order":24,"comment_status":"closed","ping_status":"closed","template":"","meta":{"footnotes":""},"class_list":["post-2048","page","type-page","status-publish","hentry"],"_links":{"self":[{"href":"https:\/\/serr.disabilityrightsca.org\/sp\/wp-json\/wp\/v2\/pages\/2048","targetHints":{"allow":["GET"]}}],"collection":[{"href":"https:\/\/serr.disabilityrightsca.org\/sp\/wp-json\/wp\/v2\/pages"}],"about":[{"href":"https:\/\/serr.disabilityrightsca.org\/sp\/wp-json\/wp\/v2\/types\/page"}],"author":[{"embeddable":true,"href":"https:\/\/serr.disabilityrightsca.org\/sp\/wp-json\/wp\/v2\/users\/1"}],"replies":[{"embeddable":true,"href":"https:\/\/serr.disabilityrightsca.org\/sp\/wp-json\/wp\/v2\/comments?post=2048"}],"version-history":[{"count":3,"href":"https:\/\/serr.disabilityrightsca.org\/sp\/wp-json\/wp\/v2\/pages\/2048\/revisions"}],"predecessor-version":[{"id":4453,"href":"https:\/\/serr.disabilityrightsca.org\/sp\/wp-json\/wp\/v2\/pages\/2048\/revisions\/4453"}],"up":[{"embeddable":true,"href":"https:\/\/serr.disabilityrightsca.org\/sp\/wp-json\/wp\/v2\/pages\/337"}],"wp:attachment":[{"href":"https:\/\/serr.disabilityrightsca.org\/sp\/wp-json\/wp\/v2\/media?parent=2048"}],"curies":[{"name":"wp","href":"https:\/\/api.w.org\/{rel}","templated":true}]}}