{"id":2054,"date":"2019-11-22T16:35:12","date_gmt":"2019-11-23T00:35:12","guid":{"rendered":"http:\/\/serr.disabilityrightsca.org\/?page_id=2054"},"modified":"2022-04-15T15:17:43","modified_gmt":"2022-04-15T22:17:43","slug":"6-26-que-tipo-de-informacion-debe-incluir-el-distrito-en-dicha-notificacion","status":"publish","type":"page","link":"https:\/\/serr.disabilityrightsca.org\/sp\/serr-manual\/chapter-6-informacion-sobre-el-debido-proceso-y-los-procedimientos-de-cumplimiento\/6-26-que-tipo-de-informacion-debe-incluir-el-distrito-en-dicha-notificacion\/","title":{"rendered":"(6.26) \u00bfQu\u00e9 otras notificaciones me deben enviar el distrito acerca de mis derechos procesales y cu\u00e1ndo debo recibirlas?"},"content":{"rendered":"\n<p>El distrito debe notificarle por escrito sus derechos procesales en el momento en que su hijo es derivado por primera vez a la educaci\u00f3n especial o cuando usted solicita una evaluaci\u00f3n; antes de que se le notifique una acci\u00f3n disciplinaria que requiera un cambio de colocaci\u00f3n; cuando usted presenta una audiencia de debido proceso o un reclamo de cumplimiento; o cuando usted lo solicite. [20 U.S.C. Sec. 1415(d)(1); 34 C.F.R. Sec. 300.504(a)].<\/p>\n","protected":false},"excerpt":{"rendered":"<p>El distrito debe notificarle por escrito sus derechos procesales en el momento en que su hijo es derivado por primera vez a la educaci\u00f3n especial&hellip;<\/p>\n","protected":false},"author":1,"featured_media":0,"parent":337,"menu_order":26,"comment_status":"closed","ping_status":"closed","template":"","meta":{"footnotes":""},"class_list":["post-2054","page","type-page","status-publish","hentry"],"_links":{"self":[{"href":"https:\/\/serr.disabilityrightsca.org\/sp\/wp-json\/wp\/v2\/pages\/2054","targetHints":{"allow":["GET"]}}],"collection":[{"href":"https:\/\/serr.disabilityrightsca.org\/sp\/wp-json\/wp\/v2\/pages"}],"about":[{"href":"https:\/\/serr.disabilityrightsca.org\/sp\/wp-json\/wp\/v2\/types\/page"}],"author":[{"embeddable":true,"href":"https:\/\/serr.disabilityrightsca.org\/sp\/wp-json\/wp\/v2\/users\/1"}],"replies":[{"embeddable":true,"href":"https:\/\/serr.disabilityrightsca.org\/sp\/wp-json\/wp\/v2\/comments?post=2054"}],"version-history":[{"count":3,"href":"https:\/\/serr.disabilityrightsca.org\/sp\/wp-json\/wp\/v2\/pages\/2054\/revisions"}],"predecessor-version":[{"id":4455,"href":"https:\/\/serr.disabilityrightsca.org\/sp\/wp-json\/wp\/v2\/pages\/2054\/revisions\/4455"}],"up":[{"embeddable":true,"href":"https:\/\/serr.disabilityrightsca.org\/sp\/wp-json\/wp\/v2\/pages\/337"}],"wp:attachment":[{"href":"https:\/\/serr.disabilityrightsca.org\/sp\/wp-json\/wp\/v2\/media?parent=2054"}],"curies":[{"name":"wp","href":"https:\/\/api.w.org\/{rel}","templated":true}]}}