{"id":2058,"date":"2019-11-22T16:38:57","date_gmt":"2019-11-23T00:38:57","guid":{"rendered":"http:\/\/serr.disabilityrightsca.org\/?page_id=2058"},"modified":"2022-04-15T15:19:24","modified_gmt":"2022-04-15T22:19:24","slug":"6-28-que-informacion-se-debe-incluir-en-la-notificacion-de-los-derechos-procesales","status":"publish","type":"page","link":"https:\/\/serr.disabilityrightsca.org\/sp\/serr-manual\/chapter-6-informacion-sobre-el-debido-proceso-y-los-procedimientos-de-cumplimiento\/6-28-que-informacion-se-debe-incluir-en-la-notificacion-de-los-derechos-procesales\/","title":{"rendered":"(6.28) \u00bfCu\u00e1ndo debo solicitar una audiencia de debido proceso?"},"content":{"rendered":"\n<p>Puede solicitar una audiencia de debido proceso luego de una reuni\u00f3n del IEP:<\/p>\n\n\n\n<ul class=\"wp-block-list\"><li>si no est\u00e1 de acuerdo con una categor\u00eda de elegibilidad para la educaci\u00f3n especial, los resultados de las evaluaciones, la colocaci\u00f3n o los servicios propuestos por el distrito; o<\/li><li>cuando el distrito se niega a cambiar la categor\u00eda de elegibilidad, evaluaci\u00f3n, colocaci\u00f3n o un servicio para su hijo que usted considera necesario; o<\/li><li>si usted y el distrito no est\u00e1n de acuerdo acerca de la disponibilidad de un programa apropiado para su hijo. [34 C.F.R. Sec. 300.507(a); Cal. Ed. Code Sec. 56501(a)].<\/li><\/ul>\n\n\n\n<p>De conformidad con la ley estatal, los alumnos no pueden iniciar los procedimientos de debido proceso salvo que hayan sido \u201cemancipados\u201d o se encuentren bajo tutela judicial (y cuando no se puede identificar o localizar a los padres y no se ha designado un padre \u201csustituto\u201d). [Cal. Ed. Code Sec. 56501(a)].<\/p>\n\n\n\n<p>Debe presentar su reclamo de debido proceso ante la OAH dentro de los dos a\u00f1os a partir de la fecha que tom\u00f3 conocimiento (o ten\u00eda razones para conocer) de los hechos que configuran las bases de su reclamo. Este plazo no se aplica si no se le permiti\u00f3 presentar el reclamo debido a que el distrito:<\/p>\n\n\n\n<ol class=\"wp-block-list\"><li>realiz\u00f3 una \u201ctergiversaci\u00f3n espec\u00edfica\u201d de que hab\u00eda resuelto el problema que dio origen a su reclamo; o bien<\/li><li>ocult\u00f3 informaci\u00f3n que ten\u00eda la obligaci\u00f3n legal de proporcionarle.<br>[20 U.S.C. Secs. 1415(b)(6)(B) &amp; (f)(3)(D); 34 C.F.R Secs. 300.507(a)(2) &amp; 300.511(f); Cal. Ed. Code Sec. 56505(l)].<\/li><\/ol>\n\n\n\n<p>Debe enviar su reclamo por escrito mediante correo electr\u00f3nico o por FAX a:<\/p>\n\n\n\n<p>Oficina de Audiencias AdministrativasDivisi\u00f3n de Educaci\u00f3n Especial2349 Gateway Oaks DriveSacramento, CA 95833Fax: (916) 376-6319<br>Tel: (916) 263-0880<\/p>\n","protected":false},"excerpt":{"rendered":"<p>Puede solicitar una audiencia de debido proceso luego de una reuni\u00f3n del IEP: si no est\u00e1 de acuerdo con una categor\u00eda de elegibilidad para la&hellip;<\/p>\n","protected":false},"author":1,"featured_media":0,"parent":337,"menu_order":28,"comment_status":"closed","ping_status":"closed","template":"","meta":{"footnotes":""},"class_list":["post-2058","page","type-page","status-publish","hentry"],"_links":{"self":[{"href":"https:\/\/serr.disabilityrightsca.org\/sp\/wp-json\/wp\/v2\/pages\/2058","targetHints":{"allow":["GET"]}}],"collection":[{"href":"https:\/\/serr.disabilityrightsca.org\/sp\/wp-json\/wp\/v2\/pages"}],"about":[{"href":"https:\/\/serr.disabilityrightsca.org\/sp\/wp-json\/wp\/v2\/types\/page"}],"author":[{"embeddable":true,"href":"https:\/\/serr.disabilityrightsca.org\/sp\/wp-json\/wp\/v2\/users\/1"}],"replies":[{"embeddable":true,"href":"https:\/\/serr.disabilityrightsca.org\/sp\/wp-json\/wp\/v2\/comments?post=2058"}],"version-history":[{"count":4,"href":"https:\/\/serr.disabilityrightsca.org\/sp\/wp-json\/wp\/v2\/pages\/2058\/revisions"}],"predecessor-version":[{"id":4457,"href":"https:\/\/serr.disabilityrightsca.org\/sp\/wp-json\/wp\/v2\/pages\/2058\/revisions\/4457"}],"up":[{"embeddable":true,"href":"https:\/\/serr.disabilityrightsca.org\/sp\/wp-json\/wp\/v2\/pages\/337"}],"wp:attachment":[{"href":"https:\/\/serr.disabilityrightsca.org\/sp\/wp-json\/wp\/v2\/media?parent=2058"}],"curies":[{"name":"wp","href":"https:\/\/api.w.org\/{rel}","templated":true}]}}