{"id":2060,"date":"2019-11-22T16:41:43","date_gmt":"2019-11-23T00:41:43","guid":{"rendered":"http:\/\/serr.disabilityrightsca.org\/?page_id=2060"},"modified":"2022-04-15T15:19:59","modified_gmt":"2022-04-15T22:19:59","slug":"6-29-cuando-debo-solicitar-una-audiencia-de-debido-proceso","status":"publish","type":"page","link":"https:\/\/serr.disabilityrightsca.org\/sp\/serr-manual\/chapter-6-informacion-sobre-el-debido-proceso-y-los-procedimientos-de-cumplimiento\/6-29-cuando-debo-solicitar-una-audiencia-de-debido-proceso\/","title":{"rendered":"(6.29) \u00bfDebo solicitar una audiencia de debido proceso tan pronto como entienda que el distrito y yo no podemos ponernos de acuerdo sobre los servicios o la colocaci\u00f3n?"},"content":{"rendered":"\n<p>Si el distrito escolar amenaza con modificar el programa o colocaci\u00f3n de su hijo <em>sin su consentimiento<\/em>, y usted desea mantener las cosas como est\u00e1n, puede solicitar un debido proceso solo para mantener el \u201cstatus quo\u201d, aprovechando la disposici\u00f3n de &#8220;stay-put&#8221; (mantener las condiciones actuales). [34 C.F.R. Sec. 300.518(a); Cal. Ed. Code Sec. 56505(d)].<\/p>\n\n\n\n<p>Sin embargo, en general, no debe solicitar un debido proceso hasta tanto est\u00e9 preparado, incluso si considera que su hijo actualmente no est\u00e1 recibiendo los servicios de manera apropiada. Es probable que no cambie nada acerca del programa inapropiado simplemente por su presentaci\u00f3n del debido proceso. Por otra parte, el tiempo que invierta en recabar pruebas aumentar\u00e1 sus probabilidades de obtener un resultado favorable. Dentro de los pocos d\u00edas de solicitado el debido proceso, recibir\u00e1 una notificaci\u00f3n de la oficina de audiencia. La notificaci\u00f3n deber\u00e1 contener la fecha fijada para la audiencia y mediaci\u00f3n.<\/p>\n","protected":false},"excerpt":{"rendered":"<p>Si el distrito escolar amenaza con modificar el programa o colocaci\u00f3n de su hijo sin su consentimiento, y usted desea mantener las cosas como est\u00e1n,&hellip;<\/p>\n","protected":false},"author":1,"featured_media":0,"parent":337,"menu_order":29,"comment_status":"closed","ping_status":"closed","template":"","meta":{"footnotes":""},"class_list":["post-2060","page","type-page","status-publish","hentry"],"_links":{"self":[{"href":"https:\/\/serr.disabilityrightsca.org\/sp\/wp-json\/wp\/v2\/pages\/2060","targetHints":{"allow":["GET"]}}],"collection":[{"href":"https:\/\/serr.disabilityrightsca.org\/sp\/wp-json\/wp\/v2\/pages"}],"about":[{"href":"https:\/\/serr.disabilityrightsca.org\/sp\/wp-json\/wp\/v2\/types\/page"}],"author":[{"embeddable":true,"href":"https:\/\/serr.disabilityrightsca.org\/sp\/wp-json\/wp\/v2\/users\/1"}],"replies":[{"embeddable":true,"href":"https:\/\/serr.disabilityrightsca.org\/sp\/wp-json\/wp\/v2\/comments?post=2060"}],"version-history":[{"count":3,"href":"https:\/\/serr.disabilityrightsca.org\/sp\/wp-json\/wp\/v2\/pages\/2060\/revisions"}],"predecessor-version":[{"id":4458,"href":"https:\/\/serr.disabilityrightsca.org\/sp\/wp-json\/wp\/v2\/pages\/2060\/revisions\/4458"}],"up":[{"embeddable":true,"href":"https:\/\/serr.disabilityrightsca.org\/sp\/wp-json\/wp\/v2\/pages\/337"}],"wp:attachment":[{"href":"https:\/\/serr.disabilityrightsca.org\/sp\/wp-json\/wp\/v2\/media?parent=2060"}],"curies":[{"name":"wp","href":"https:\/\/api.w.org\/{rel}","templated":true}]}}