{"id":2062,"date":"2019-11-22T16:43:06","date_gmt":"2019-11-23T00:43:06","guid":{"rendered":"http:\/\/serr.disabilityrightsca.org\/?page_id=2062"},"modified":"2022-04-15T15:20:46","modified_gmt":"2022-04-15T22:20:46","slug":"6-30-debo-solicitar-una-audiencia-de-debido-proceso-tan-pronto-como-entienda-que-el-distrito-y-yo-no-podemos-ponernos-de-acuerdo-sobre-los-servicios-o-la-colocacion","status":"publish","type":"page","link":"https:\/\/serr.disabilityrightsca.org\/sp\/serr-manual\/chapter-6-informacion-sobre-el-debido-proceso-y-los-procedimientos-de-cumplimiento\/6-30-debo-solicitar-una-audiencia-de-debido-proceso-tan-pronto-como-entienda-que-el-distrito-y-yo-no-podemos-ponernos-de-acuerdo-sobre-los-servicios-o-la-colocacion\/","title":{"rendered":"(6.30) \u00bfCu\u00e1les son algunas de las cuestiones principales que debo conocer acerca del reclamo de debido proceso ante la OAH?"},"content":{"rendered":"\n<p>La OAH revisa minuciosamente las solicitudes de debido proceso (conocidas como \u201creclamos\u201d) para asegurarse de que las mismas son claras tanto para los padres como para el distrito. Debe asegurarse de que sus problemas, conflictos o desacuerdos son cuestiones que un juez de derecho administrativo est\u00e1 autorizado a considerar. Adem\u00e1s, su reclamo debe contener una descripci\u00f3n de cada problema y la soluci\u00f3n propuesta. El problema, conflicto o desacuerdo que puede abordar mediante el debido proceso debe encuadrar en al menos una de las categor\u00edas que se mencionan a continuaci\u00f3n:<\/p>\n\n\n\n<ol class=\"wp-block-list\"><li>El distrito propone iniciar o cambiar la elegibilidad de discapacidad o categor\u00eda de elegibilidad de su hijo y usted no est\u00e1 de acuerdo;<\/li><li>El distrito propone realizar una evaluaci\u00f3n o bien volver a evaluar a su hijo y usted se niega a dar su consentimiento (en este caso, lo m\u00e1s probable es que el distrito solicite el debido proceso);<\/li><li>El distrito propone iniciar o cambiar la colocaci\u00f3n educativa de su hijo y usted no est\u00e1 de acuerdo. Si el distrito propone cambiar la colocaci\u00f3n de su hijo, ya sea usted o el distrito pueden solicitar un debido proceso para resolver el conflicto;<\/li><li>El distrito propone iniciar o cambiar la provisi\u00f3n de una educaci\u00f3n p\u00fablica, adecuada y gratuita (FAPE) del alumno. Si existiera alg\u00fan desacuerdo relativo a la FAPE, tanto los padres como la escuela pueden solicitar el debido proceso para resolver el conflicto.<\/li><li>Usted solicita al distrito que declare que un alumno es elegible para la educaci\u00f3n especial y el distrito se niega;<\/li><li>Usted solicit\u00f3 un cambio en la categor\u00eda de elegibilidad para la educaci\u00f3n especial de un alumno y el distrito se niega;<\/li><li>Usted solicita que se realice una evaluaci\u00f3n al alumno y el distrito se niega;<\/li><li>Usted solicita una determinada colocaci\u00f3n o cambio en la colocaci\u00f3n actual de su hijo y el distrito se niega;<\/li><li>Usted solicita determinados servicios de educaci\u00f3n especial o un cambio en el IEP del alumno y el distrito se niega;<\/li><li>Usted y el distrito, Oficina de Educaci\u00f3n del Condado y el \u00c1rea del Plan Local de Educaci\u00f3n Especial (Special Education Local Plan Area, SELPA) no est\u00e1n de acuerdo sobre la disponibilidad de un programa considerado apropiado, y qu\u00e9 distrito o entidad educativa es responsable, en \u00faltima instancia, de proporcionarlo al alumno.<br>[Cal. Ed. Code Sec. 56501(a)].<\/li><\/ol>\n","protected":false},"excerpt":{"rendered":"<p>La OAH revisa minuciosamente las solicitudes de debido proceso (conocidas como \u201creclamos\u201d) para asegurarse de que las mismas son claras tanto para los padres como&hellip;<\/p>\n","protected":false},"author":1,"featured_media":0,"parent":337,"menu_order":30,"comment_status":"closed","ping_status":"closed","template":"","meta":{"footnotes":""},"class_list":["post-2062","page","type-page","status-publish","hentry"],"_links":{"self":[{"href":"https:\/\/serr.disabilityrightsca.org\/sp\/wp-json\/wp\/v2\/pages\/2062","targetHints":{"allow":["GET"]}}],"collection":[{"href":"https:\/\/serr.disabilityrightsca.org\/sp\/wp-json\/wp\/v2\/pages"}],"about":[{"href":"https:\/\/serr.disabilityrightsca.org\/sp\/wp-json\/wp\/v2\/types\/page"}],"author":[{"embeddable":true,"href":"https:\/\/serr.disabilityrightsca.org\/sp\/wp-json\/wp\/v2\/users\/1"}],"replies":[{"embeddable":true,"href":"https:\/\/serr.disabilityrightsca.org\/sp\/wp-json\/wp\/v2\/comments?post=2062"}],"version-history":[{"count":3,"href":"https:\/\/serr.disabilityrightsca.org\/sp\/wp-json\/wp\/v2\/pages\/2062\/revisions"}],"predecessor-version":[{"id":4459,"href":"https:\/\/serr.disabilityrightsca.org\/sp\/wp-json\/wp\/v2\/pages\/2062\/revisions\/4459"}],"up":[{"embeddable":true,"href":"https:\/\/serr.disabilityrightsca.org\/sp\/wp-json\/wp\/v2\/pages\/337"}],"wp:attachment":[{"href":"https:\/\/serr.disabilityrightsca.org\/sp\/wp-json\/wp\/v2\/media?parent=2062"}],"curies":[{"name":"wp","href":"https:\/\/api.w.org\/{rel}","templated":true}]}}