{"id":2072,"date":"2019-11-22T16:52:05","date_gmt":"2019-11-23T00:52:05","guid":{"rendered":"http:\/\/serr.disabilityrightsca.org\/?page_id=2072"},"modified":"2022-04-15T15:26:25","modified_gmt":"2022-04-15T22:26:25","slug":"6-35-que-tan-especifico-debo-ser-en-mi-reclamo-del-debido-proceso","status":"publish","type":"page","link":"https:\/\/serr.disabilityrightsca.org\/sp\/serr-manual\/chapter-6-informacion-sobre-el-debido-proceso-y-los-procedimientos-de-cumplimiento\/6-35-que-tan-especifico-debo-ser-en-mi-reclamo-del-debido-proceso\/","title":{"rendered":"(6.35) \u00bfQu\u00e9 es una \u201cNotificaci\u00f3n de insuficiencia\u201d?"},"content":{"rendered":"\n<p>Un distrito puede presentar una notificaci\u00f3n de insuficiencia (NOI) para solicitar a un juez de derecho administrativo que determine que su solicitud de audiencia de debido proceso no es \u201csuficiente\u201d debido a que no describe en forma clara su problema, conflicto o desacuerdo con el distrito. Si el juez de derecho administrativo determina que la solicitud es insuficiente, le dar\u00e1 la posibilidad de presentar un reclamo modificado. [20 U.S.C. Sec. 1415(c)(2); 34 C.F.R. Sec. 300.508(d); Cal. Ed. Code Sec. 56502(d), (e)].<\/p>\n\n\n\n<p>El distrito debe presentar una notificaci\u00f3n de insuficiencia ante la OAH, dentro de los 15 d\u00edas desde la fecha de recepci\u00f3n de su reclamo y tambi\u00e9n debe enviarle una copia. Un juez de derecho administrativo debe resolver sobre la notificaci\u00f3n de insuficiencia, dentro de los cinco d\u00edas. [20 U.S.C. Secs. 1415(c)(2)(C)-(D); 34 C.F.R. Sec. 300.508(d); Cal. Ed. Code Sec. 56502(d)(1)]. Los padres tambi\u00e9n tienen derecho de presentar una notificaci\u00f3n de insuficiencia.<\/p>\n\n\n\n<p>Si usted debe presentar un reclamo <em>modificado<\/em>, el plazo de 45 d\u00edas para completar el proceso de audiencia (incluida una sesi\u00f3n de resoluci\u00f3n o mediaci\u00f3n y la emisi\u00f3n de una decisi\u00f3n) se vuelve a contar. [20 U.S.C. Sec. 1415(c)(2)(E)(ii); 34 C.F.R. Sec. 300.508(d)(4); Cal. Ed. Code Sec. 56502(e)].<\/p>\n","protected":false},"excerpt":{"rendered":"<p>Un distrito puede presentar una notificaci\u00f3n de insuficiencia (NOI) para solicitar a un juez de derecho administrativo que determine que su solicitud de audiencia de&hellip;<\/p>\n","protected":false},"author":1,"featured_media":0,"parent":337,"menu_order":35,"comment_status":"closed","ping_status":"closed","template":"","meta":{"footnotes":""},"class_list":["post-2072","page","type-page","status-publish","hentry"],"_links":{"self":[{"href":"https:\/\/serr.disabilityrightsca.org\/sp\/wp-json\/wp\/v2\/pages\/2072","targetHints":{"allow":["GET"]}}],"collection":[{"href":"https:\/\/serr.disabilityrightsca.org\/sp\/wp-json\/wp\/v2\/pages"}],"about":[{"href":"https:\/\/serr.disabilityrightsca.org\/sp\/wp-json\/wp\/v2\/types\/page"}],"author":[{"embeddable":true,"href":"https:\/\/serr.disabilityrightsca.org\/sp\/wp-json\/wp\/v2\/users\/1"}],"replies":[{"embeddable":true,"href":"https:\/\/serr.disabilityrightsca.org\/sp\/wp-json\/wp\/v2\/comments?post=2072"}],"version-history":[{"count":4,"href":"https:\/\/serr.disabilityrightsca.org\/sp\/wp-json\/wp\/v2\/pages\/2072\/revisions"}],"predecessor-version":[{"id":4465,"href":"https:\/\/serr.disabilityrightsca.org\/sp\/wp-json\/wp\/v2\/pages\/2072\/revisions\/4465"}],"up":[{"embeddable":true,"href":"https:\/\/serr.disabilityrightsca.org\/sp\/wp-json\/wp\/v2\/pages\/337"}],"wp:attachment":[{"href":"https:\/\/serr.disabilityrightsca.org\/sp\/wp-json\/wp\/v2\/media?parent=2072"}],"curies":[{"name":"wp","href":"https:\/\/api.w.org\/{rel}","templated":true}]}}