{"id":2254,"date":"2019-12-05T13:15:51","date_gmt":"2019-12-05T21:15:51","guid":{"rendered":"http:\/\/serr.disabilityrightsca.org\/?page_id=2254"},"modified":"2020-07-10T10:15:26","modified_gmt":"2020-07-10T17:15:26","slug":"7-1-que-significa-entorno-menos-restrictivo-least-restrictive-environment-lre","status":"publish","type":"page","link":"https:\/\/serr.disabilityrightsca.org\/sp\/serr-manual\/capitulo-7-informacion-sobre-el-entorno-menos-restrictivo\/7-1-que-significa-entorno-menos-restrictivo-least-restrictive-environment-lre\/","title":{"rendered":"(7.1) \u00bfQu\u00e9 significa entorno menos restrictivo (least restrictive environment, LRE)?"},"content":{"rendered":"\n<p>El entorno menos restrictivo (LRE) es un requisito contemplado en la ley federal conforme al cual los alumnos con discapacidades deben recibir educaci\u00f3n, en la m\u00e1xima medida posible, junto con sus pares sin discapacidades, y los alumnos de educaci\u00f3n especial no deben separarse de las clases generales, salvo que no sea posible recibir una educaci\u00f3n satisfactoria, incluso aunque se brinden asistencias y servicios complementarios. [20 United States Code (U.S.C.) Sec. 1412(a)(5)(A); 34 Code of Federal Regulations (C.F.R.) Sec. 300.114].<\/p>\n","protected":false},"excerpt":{"rendered":"<p>El entorno menos restrictivo (LRE) es un requisito contemplado en la ley federal conforme al cual los alumnos con discapacidades deben recibir educaci\u00f3n, en la&hellip;<\/p>\n","protected":false},"author":1,"featured_media":0,"parent":339,"menu_order":1,"comment_status":"closed","ping_status":"closed","template":"","meta":{"footnotes":""},"class_list":["post-2254","page","type-page","status-publish","hentry"],"_links":{"self":[{"href":"https:\/\/serr.disabilityrightsca.org\/sp\/wp-json\/wp\/v2\/pages\/2254","targetHints":{"allow":["GET"]}}],"collection":[{"href":"https:\/\/serr.disabilityrightsca.org\/sp\/wp-json\/wp\/v2\/pages"}],"about":[{"href":"https:\/\/serr.disabilityrightsca.org\/sp\/wp-json\/wp\/v2\/types\/page"}],"author":[{"embeddable":true,"href":"https:\/\/serr.disabilityrightsca.org\/sp\/wp-json\/wp\/v2\/users\/1"}],"replies":[{"embeddable":true,"href":"https:\/\/serr.disabilityrightsca.org\/sp\/wp-json\/wp\/v2\/comments?post=2254"}],"version-history":[{"count":2,"href":"https:\/\/serr.disabilityrightsca.org\/sp\/wp-json\/wp\/v2\/pages\/2254\/revisions"}],"predecessor-version":[{"id":3740,"href":"https:\/\/serr.disabilityrightsca.org\/sp\/wp-json\/wp\/v2\/pages\/2254\/revisions\/3740"}],"up":[{"embeddable":true,"href":"https:\/\/serr.disabilityrightsca.org\/sp\/wp-json\/wp\/v2\/pages\/339"}],"wp:attachment":[{"href":"https:\/\/serr.disabilityrightsca.org\/sp\/wp-json\/wp\/v2\/media?parent=2254"}],"curies":[{"name":"wp","href":"https:\/\/api.w.org\/{rel}","templated":true}]}}