{"id":2275,"date":"2019-12-05T14:07:18","date_gmt":"2019-12-05T22:07:18","guid":{"rendered":"http:\/\/serr.disabilityrightsca.org\/?page_id=2275"},"modified":"2020-07-14T14:50:31","modified_gmt":"2020-07-14T21:50:31","slug":"7-9-si-no-ubican-a-mi-hijo-en-un-aula-comun-el-distrito-tiene-alguna-obligacion-con-respecto-al-lre-para-su-educacion","status":"publish","type":"page","link":"https:\/\/serr.disabilityrightsca.org\/sp\/serr-manual\/capitulo-7-informacion-sobre-el-entorno-menos-restrictivo\/7-9-si-no-ubican-a-mi-hijo-en-un-aula-comun-el-distrito-tiene-alguna-obligacion-con-respecto-al-lre-para-su-educacion\/","title":{"rendered":"(7.9) Si no ubican a mi hijo en un aula com\u00fan, \u00bfel distrito tiene alguna obligaci\u00f3n con respecto al LRE para su educaci\u00f3n?"},"content":{"rendered":"\n<p>Aunque no se ubique a un alumno en una clase general, el distrito debe tomar las medidas necesarias para maximizar sus oportunidades de interactuar con pares sin discapacidades, seg\u00fan sea adecuado en relaci\u00f3n con sus necesidades. Cuando un distrito propone una colocaci\u00f3n que no es en el aula com\u00fan, debe enviarles a los padres una notificaci\u00f3n por escrito que explique las opciones de colocaci\u00f3n que se consideraron y los motivos por los que se rechazaron. [34 C.F.R. Sec.300.503]. El equipo del IEP debe documentar los motivos por los que ubica al alumno en otro entorno que no sea la escuela y el aula a las que asistir\u00eda si no tuviese una discapacidad. Esta documentaci\u00f3n, adem\u00e1s, deber\u00e1 indicar el motivo por el cual la discapacidad del alumno impide que se satisfagan sus necesidades en un entorno menos restrictivo, incluso con el uso de asistencias y servicios complementarios. [5 C.C.R. Sec. 3042(b)].<br><\/p>\n","protected":false},"excerpt":{"rendered":"<p>Aunque no se ubique a un alumno en una clase general, el distrito debe tomar las medidas necesarias para maximizar sus oportunidades de interactuar con&hellip;<\/p>\n","protected":false},"author":1,"featured_media":0,"parent":339,"menu_order":9,"comment_status":"closed","ping_status":"closed","template":"","meta":{"footnotes":""},"class_list":["post-2275","page","type-page","status-publish","hentry"],"_links":{"self":[{"href":"https:\/\/serr.disabilityrightsca.org\/sp\/wp-json\/wp\/v2\/pages\/2275","targetHints":{"allow":["GET"]}}],"collection":[{"href":"https:\/\/serr.disabilityrightsca.org\/sp\/wp-json\/wp\/v2\/pages"}],"about":[{"href":"https:\/\/serr.disabilityrightsca.org\/sp\/wp-json\/wp\/v2\/types\/page"}],"author":[{"embeddable":true,"href":"https:\/\/serr.disabilityrightsca.org\/sp\/wp-json\/wp\/v2\/users\/1"}],"replies":[{"embeddable":true,"href":"https:\/\/serr.disabilityrightsca.org\/sp\/wp-json\/wp\/v2\/comments?post=2275"}],"version-history":[{"count":2,"href":"https:\/\/serr.disabilityrightsca.org\/sp\/wp-json\/wp\/v2\/pages\/2275\/revisions"}],"predecessor-version":[{"id":3748,"href":"https:\/\/serr.disabilityrightsca.org\/sp\/wp-json\/wp\/v2\/pages\/2275\/revisions\/3748"}],"up":[{"embeddable":true,"href":"https:\/\/serr.disabilityrightsca.org\/sp\/wp-json\/wp\/v2\/pages\/339"}],"wp:attachment":[{"href":"https:\/\/serr.disabilityrightsca.org\/sp\/wp-json\/wp\/v2\/media?parent=2275"}],"curies":[{"name":"wp","href":"https:\/\/api.w.org\/{rel}","templated":true}]}}