{"id":2277,"date":"2019-12-05T14:08:17","date_gmt":"2019-12-05T22:08:17","guid":{"rendered":"http:\/\/serr.disabilityrightsca.org\/?page_id=2277"},"modified":"2020-07-14T14:51:33","modified_gmt":"2020-07-14T21:51:33","slug":"7-10-hay-algun-factor-que-el-distrito-pueda-no-tener-en-cuenta-para-determinar-el-lre-para-mi-hijo","status":"publish","type":"page","link":"https:\/\/serr.disabilityrightsca.org\/sp\/serr-manual\/capitulo-7-informacion-sobre-el-entorno-menos-restrictivo\/7-10-hay-algun-factor-que-el-distrito-pueda-no-tener-en-cuenta-para-determinar-el-lre-para-mi-hijo\/","title":{"rendered":"(7.10) \u00bfHay alg\u00fan factor que el distrito pueda no tener en cuenta para determinar el LRE para mi hijo?"},"content":{"rendered":"\n<p>El distrito no puede tomar decisiones relacionadas con\nla colocaci\u00f3n que se basen <strong>\u00fanicamente<\/strong>\nen factores como los siguientes: categor\u00eda de la discapacidad, gravedad de la discapacidad,\nconfiguraci\u00f3n de los sistemas de ense\u00f1anza, disponibilidad de servicios\neducativos o servicios relacionados, disponibilidad de espacio o conveniencia\nadministrativa. <\/p>\n\n\n\n<p>[71 Fed. Reg. 46540, 46588 (Aug. 14, 2006)].<\/p>\n","protected":false},"excerpt":{"rendered":"<p>El distrito no puede tomar decisiones relacionadas con la colocaci\u00f3n que se basen \u00fanicamente en factores como los siguientes: categor\u00eda de la discapacidad, gravedad de&hellip;<\/p>\n","protected":false},"author":1,"featured_media":0,"parent":339,"menu_order":10,"comment_status":"closed","ping_status":"closed","template":"","meta":{"footnotes":""},"class_list":["post-2277","page","type-page","status-publish","hentry"],"_links":{"self":[{"href":"https:\/\/serr.disabilityrightsca.org\/sp\/wp-json\/wp\/v2\/pages\/2277","targetHints":{"allow":["GET"]}}],"collection":[{"href":"https:\/\/serr.disabilityrightsca.org\/sp\/wp-json\/wp\/v2\/pages"}],"about":[{"href":"https:\/\/serr.disabilityrightsca.org\/sp\/wp-json\/wp\/v2\/types\/page"}],"author":[{"embeddable":true,"href":"https:\/\/serr.disabilityrightsca.org\/sp\/wp-json\/wp\/v2\/users\/1"}],"replies":[{"embeddable":true,"href":"https:\/\/serr.disabilityrightsca.org\/sp\/wp-json\/wp\/v2\/comments?post=2277"}],"version-history":[{"count":4,"href":"https:\/\/serr.disabilityrightsca.org\/sp\/wp-json\/wp\/v2\/pages\/2277\/revisions"}],"predecessor-version":[{"id":3749,"href":"https:\/\/serr.disabilityrightsca.org\/sp\/wp-json\/wp\/v2\/pages\/2277\/revisions\/3749"}],"up":[{"embeddable":true,"href":"https:\/\/serr.disabilityrightsca.org\/sp\/wp-json\/wp\/v2\/pages\/339"}],"wp:attachment":[{"href":"https:\/\/serr.disabilityrightsca.org\/sp\/wp-json\/wp\/v2\/media?parent=2277"}],"curies":[{"name":"wp","href":"https:\/\/api.w.org\/{rel}","templated":true}]}}