{"id":2280,"date":"2019-12-05T14:16:03","date_gmt":"2019-12-05T22:16:03","guid":{"rendered":"http:\/\/serr.disabilityrightsca.org\/?page_id=2280"},"modified":"2020-07-14T14:52:55","modified_gmt":"2020-07-14T21:52:55","slug":"7-11-si-mi-hijo-no-puede-beneficiarse-del-programa-academico-general-puede-participar-en-otros-programas-escolares","status":"publish","type":"page","link":"https:\/\/serr.disabilityrightsca.org\/sp\/serr-manual\/capitulo-7-informacion-sobre-el-entorno-menos-restrictivo\/7-11-si-mi-hijo-no-puede-beneficiarse-del-programa-academico-general-puede-participar-en-otros-programas-escolares\/","title":{"rendered":"(7.11) Si mi hijo no puede beneficiarse del programa acad\u00e9mico general, \u00bfpuede participar en otros programas escolares?"},"content":{"rendered":"\n<p>S\u00ed. La ley deja en claro que los alumnos con discapacidades tienen derecho a participar en actividades y servicios no acad\u00e9micos y extracurriculares en la m\u00e1xima medida adecuada seg\u00fan sus necesidades. Adem\u00e1s, los distritos deben ofrecer estas actividades de modo que les d\u00e9 a los alumnos con discapacidades las mismas oportunidades de participar. Estos servicios y actividades incluyen comidas, recreos, servicios de asesoramiento, deportes, transporte, servicios de salud, actividades recreativas, grupos o clubes de inter\u00e9s especial y oportunidades de empleo. [34 C.F.R. Secs. 300.117 &amp; 300.107]. Todo IEP debe incluir una declaraci\u00f3n de los servicios de educaci\u00f3n especial y servicios relacionados que el alumno recibir\u00e1 para poder participar en actividades extracurriculares y no acad\u00e9micas. [20 U.S.C. Sec. 1414(d)(1)(A)(i)(IV); 34 C.F.R. Sec. 300.320(a)(4)(ii)].<\/p>\n","protected":false},"excerpt":{"rendered":"<p>S\u00ed. La ley deja en claro que los alumnos con discapacidades tienen derecho a participar en actividades y servicios no acad\u00e9micos y extracurriculares en la&hellip;<\/p>\n","protected":false},"author":1,"featured_media":0,"parent":339,"menu_order":11,"comment_status":"closed","ping_status":"closed","template":"","meta":{"footnotes":""},"class_list":["post-2280","page","type-page","status-publish","hentry"],"_links":{"self":[{"href":"https:\/\/serr.disabilityrightsca.org\/sp\/wp-json\/wp\/v2\/pages\/2280","targetHints":{"allow":["GET"]}}],"collection":[{"href":"https:\/\/serr.disabilityrightsca.org\/sp\/wp-json\/wp\/v2\/pages"}],"about":[{"href":"https:\/\/serr.disabilityrightsca.org\/sp\/wp-json\/wp\/v2\/types\/page"}],"author":[{"embeddable":true,"href":"https:\/\/serr.disabilityrightsca.org\/sp\/wp-json\/wp\/v2\/users\/1"}],"replies":[{"embeddable":true,"href":"https:\/\/serr.disabilityrightsca.org\/sp\/wp-json\/wp\/v2\/comments?post=2280"}],"version-history":[{"count":2,"href":"https:\/\/serr.disabilityrightsca.org\/sp\/wp-json\/wp\/v2\/pages\/2280\/revisions"}],"predecessor-version":[{"id":3750,"href":"https:\/\/serr.disabilityrightsca.org\/sp\/wp-json\/wp\/v2\/pages\/2280\/revisions\/3750"}],"up":[{"embeddable":true,"href":"https:\/\/serr.disabilityrightsca.org\/sp\/wp-json\/wp\/v2\/pages\/339"}],"wp:attachment":[{"href":"https:\/\/serr.disabilityrightsca.org\/sp\/wp-json\/wp\/v2\/media?parent=2280"}],"curies":[{"name":"wp","href":"https:\/\/api.w.org\/{rel}","templated":true}]}}