{"id":2292,"date":"2019-12-05T15:11:33","date_gmt":"2019-12-05T23:11:33","guid":{"rendered":"http:\/\/serr.disabilityrightsca.org\/?page_id=2292"},"modified":"2020-07-14T14:56:23","modified_gmt":"2020-07-14T21:56:23","slug":"7-14-el-iep-de-mi-hijo-puede-incluir-las-actividades-de-integracion-en-la-comunidad","status":"publish","type":"page","link":"https:\/\/serr.disabilityrightsca.org\/sp\/serr-manual\/capitulo-7-informacion-sobre-el-entorno-menos-restrictivo\/7-14-el-iep-de-mi-hijo-puede-incluir-las-actividades-de-integracion-en-la-comunidad\/","title":{"rendered":"(7.14) \u00bfEl IEP de mi hijo puede incluir las actividades de integraci\u00f3n en la comunidad?"},"content":{"rendered":"\n<p>S\u00ed. Un aspecto importante de la educaci\u00f3n de un alumno\ncon discapacidades es el funcionamiento adecuado en la comunidad. Los objetivos\ndel IEP deben abordar la integraci\u00f3n en entornos del mundo real, donde se\ndesenvolver\u00e1n como adultos. Estos incluyen los entornos recreativos,\ncomunitarios y profesionales. Es importante que las habilidades que facilitar\u00e1n\nla aceptaci\u00f3n de su hijo (como habilidades sociales o de comunicaci\u00f3n) se\nincorporen en sus objetivos educativos. <\/p>\n\n\n\n<p>Si su participaci\u00f3n en esta clase de programas\ncomienza durante los a\u00f1os escolares, ser\u00e1 mucho m\u00e1s f\u00e1cil integrarse con \u00e9xito\nen la adultez.<\/p>\n\n\n\n<p>Usted y los maestros de su hijo deben investigar en\nprimer lugar las posibles actividades comunitarias en las que su hijo puede\nparticipar, como por ejemplo, Boys &amp; Girls Clubs, gimnasios, clases de\nentrenamiento aer\u00f3bico, parques, patios de juegos, programas de parques y\nrecreaci\u00f3n, bibliotecas, cines, restaurantes y centros comerciales.<\/p>\n\n\n\n<p>A partir de estas ideas, usted puede identificar las\nhabilidades que su hijo necesita para aprender a participar en la comunidad e\nincorporarlas en el IEP. Por ejemplo:<\/p>\n\n\n\n<p>(1) Suzanne aprender\u00e1 a comprar provisiones de manera\nindependiente a partir de una lista con im\u00e1genes, a seleccionar los art\u00edculos\nde los expositores y a dar dinero y recibir el cambio, seg\u00fan las observaciones\ndel maestro, tres veces por semana.<\/p>\n\n\n\n<p>(2) Cuando se le asigne\nun espacio de trabajo comunitario, Stephen limpiar\u00e1 las mesas y barrer\u00e1 los\npisos a niveles competitivos, seg\u00fan las observaciones del maestro y el\nempleador, durante una hora dos veces a la semana.<\/p>\n\n\n\n<p>(3) Cuando se encuentre\nen un restaurante, Joseph pedir\u00e1 la comida y le agradecer\u00e1 al camarero\nadecuadamente el 80&nbsp;% de las veces, seg\u00fan las observaciones del maestro.<\/p>\n\n\n\n<p>Los pares tutores o compa\u00f1eros de apoyo que asistan a\nla escuela de su hijo tambi\u00e9n pueden ayudar a promover la integraci\u00f3n en la\ncomunidad. Es posible que se los anime a que hagan lo siguiente:<\/p>\n\n\n\n<ul class=\"wp-block-list\"><li>A que visiten su hogar.<\/li><li>A que inviten a su hijo a visitar su hogar.<\/li><li>A que participen con su\nhijo en organizaciones o actividades en la comunidad.<\/li><\/ul>\n","protected":false},"excerpt":{"rendered":"<p>S\u00ed. Un aspecto importante de la educaci\u00f3n de un alumno con discapacidades es el funcionamiento adecuado en la comunidad. Los objetivos del IEP deben abordar&hellip;<\/p>\n","protected":false},"author":1,"featured_media":0,"parent":339,"menu_order":14,"comment_status":"closed","ping_status":"closed","template":"","meta":{"footnotes":""},"class_list":["post-2292","page","type-page","status-publish","hentry"],"_links":{"self":[{"href":"https:\/\/serr.disabilityrightsca.org\/sp\/wp-json\/wp\/v2\/pages\/2292","targetHints":{"allow":["GET"]}}],"collection":[{"href":"https:\/\/serr.disabilityrightsca.org\/sp\/wp-json\/wp\/v2\/pages"}],"about":[{"href":"https:\/\/serr.disabilityrightsca.org\/sp\/wp-json\/wp\/v2\/types\/page"}],"author":[{"embeddable":true,"href":"https:\/\/serr.disabilityrightsca.org\/sp\/wp-json\/wp\/v2\/users\/1"}],"replies":[{"embeddable":true,"href":"https:\/\/serr.disabilityrightsca.org\/sp\/wp-json\/wp\/v2\/comments?post=2292"}],"version-history":[{"count":3,"href":"https:\/\/serr.disabilityrightsca.org\/sp\/wp-json\/wp\/v2\/pages\/2292\/revisions"}],"predecessor-version":[{"id":3753,"href":"https:\/\/serr.disabilityrightsca.org\/sp\/wp-json\/wp\/v2\/pages\/2292\/revisions\/3753"}],"up":[{"embeddable":true,"href":"https:\/\/serr.disabilityrightsca.org\/sp\/wp-json\/wp\/v2\/pages\/339"}],"wp:attachment":[{"href":"https:\/\/serr.disabilityrightsca.org\/sp\/wp-json\/wp\/v2\/media?parent=2292"}],"curies":[{"name":"wp","href":"https:\/\/api.w.org\/{rel}","templated":true}]}}