{"id":2296,"date":"2019-12-05T15:15:38","date_gmt":"2019-12-05T23:15:38","guid":{"rendered":"http:\/\/serr.disabilityrightsca.org\/?page_id=2296"},"modified":"2020-07-14T14:58:23","modified_gmt":"2020-07-14T21:58:23","slug":"7-15-que-sucede-si-la-unica-colocacion-educativa-que-el-distrito-escolar-le-ofrece-a-mi-hijo-es-un-centro-especial-para-alumnos-con-discapacidades-administrado-por-el-condado","status":"publish","type":"page","link":"https:\/\/serr.disabilityrightsca.org\/sp\/serr-manual\/capitulo-7-informacion-sobre-el-entorno-menos-restrictivo\/7-15-que-sucede-si-la-unica-colocacion-educativa-que-el-distrito-escolar-le-ofrece-a-mi-hijo-es-un-centro-especial-para-alumnos-con-discapacidades-administrado-por-el-condado\/","title":{"rendered":"(7.15) \u00bfQu\u00e9 sucede si la \u00fanica colocaci\u00f3n educativa que el distrito escolar le ofrece a mi hijo es un centro especial para alumnos con discapacidades administrado por el condado?"},"content":{"rendered":"\n<p>Los\ndistritos deben brindar <strong>diversas\nalternativas de colocaci\u00f3n<\/strong> para garantizar que los alumnos reciban los\nservicios en el entorno menos restrictivo. Esto incluye lo siguiente:<\/p>\n\n\n\n<p>(1) Colocaci\u00f3n en una clase general.<\/p>\n\n\n\n<p>(2) Clase general con servicios de instrucci\u00f3n itinerantes o de recursos.<\/p>\n\n\n\n<p> (3) Clase general con servicios de educaci\u00f3n especial y servicios relacionados.<\/p>\n\n\n\n<p>\u00a0 (4) Clases o escuelas especiales (ambas suelen incluir la prestaci\u00f3n de servicios relacionados).<\/p>\n\n\n\n<p>(5) Escuelas no p\u00fablicas.<\/p>\n\n\n\n<p>(6) Escuelas estatales para alumnos con discapacidades de \u201cbaja incidencia\u201d.<\/p>\n\n\n\n<p>(7) Instrucci\u00f3n en entornos fuera del aula (como en hogares u hospitales).[34 C.F.R. Secs. 300.115 &amp; 300.39; Cal. Ed. Code Sec. 56361].<\/p>\n\n\n\n<p>Hace tiempo que las pol\u00edticas federales y estatales proh\u00edben\nespec\u00edficamente seleccionar una colocaci\u00f3n en un entorno segregado en lugar de\nuna colocaci\u00f3n en un entorno de educaci\u00f3n general si la decisi\u00f3n se basa en\nfactores administrativos y no en las necesidades de los alumnos. Los distritos\nno pueden utilizar la falta de una colocaci\u00f3n adecuada como excusa para denegar\na los alumnos su derecho a una educaci\u00f3n en el entorno menos restrictivo. [34\nC.F.R. Sec. 300.39; Federal Policy Letter on LRE, <em>Education for the Handicapped Law Reporter (EHLR) <\/em>page 211:384,\nMarch 21, 1986; CDE, Office of Special Education, Policy Statement on Least\nRestrictive Environment (October 10, 1986)].<\/p>\n","protected":false},"excerpt":{"rendered":"<p>Los distritos deben brindar diversas alternativas de colocaci\u00f3n para garantizar que los alumnos reciban los servicios en el entorno menos restrictivo. Esto incluye lo siguiente:&hellip;<\/p>\n","protected":false},"author":1,"featured_media":0,"parent":339,"menu_order":15,"comment_status":"closed","ping_status":"closed","template":"","meta":{"footnotes":""},"class_list":["post-2296","page","type-page","status-publish","hentry"],"_links":{"self":[{"href":"https:\/\/serr.disabilityrightsca.org\/sp\/wp-json\/wp\/v2\/pages\/2296","targetHints":{"allow":["GET"]}}],"collection":[{"href":"https:\/\/serr.disabilityrightsca.org\/sp\/wp-json\/wp\/v2\/pages"}],"about":[{"href":"https:\/\/serr.disabilityrightsca.org\/sp\/wp-json\/wp\/v2\/types\/page"}],"author":[{"embeddable":true,"href":"https:\/\/serr.disabilityrightsca.org\/sp\/wp-json\/wp\/v2\/users\/1"}],"replies":[{"embeddable":true,"href":"https:\/\/serr.disabilityrightsca.org\/sp\/wp-json\/wp\/v2\/comments?post=2296"}],"version-history":[{"count":2,"href":"https:\/\/serr.disabilityrightsca.org\/sp\/wp-json\/wp\/v2\/pages\/2296\/revisions"}],"predecessor-version":[{"id":3754,"href":"https:\/\/serr.disabilityrightsca.org\/sp\/wp-json\/wp\/v2\/pages\/2296\/revisions\/3754"}],"up":[{"embeddable":true,"href":"https:\/\/serr.disabilityrightsca.org\/sp\/wp-json\/wp\/v2\/pages\/339"}],"wp:attachment":[{"href":"https:\/\/serr.disabilityrightsca.org\/sp\/wp-json\/wp\/v2\/media?parent=2296"}],"curies":[{"name":"wp","href":"https:\/\/api.w.org\/{rel}","templated":true}]}}