{"id":2298,"date":"2019-12-05T15:16:24","date_gmt":"2019-12-05T23:16:24","guid":{"rendered":"http:\/\/serr.disabilityrightsca.org\/?page_id=2298"},"modified":"2020-07-14T14:59:27","modified_gmt":"2020-07-14T21:59:27","slug":"7-16-los-alumnos-sin-discapacidades-podrian-tambien-beneficiarse-de-los-servicios-que-se-brindan-a-un-alumno-con-discapacidades-en-el-aula-de-educacion-general","status":"publish","type":"page","link":"https:\/\/serr.disabilityrightsca.org\/sp\/serr-manual\/capitulo-7-informacion-sobre-el-entorno-menos-restrictivo\/7-16-los-alumnos-sin-discapacidades-podrian-tambien-beneficiarse-de-los-servicios-que-se-brindan-a-un-alumno-con-discapacidades-en-el-aula-de-educacion-general\/","title":{"rendered":"(7.16) \u00bfLos alumnos sin discapacidades podr\u00edan tambi\u00e9n beneficiarse de los servicios que se brindan a un alumno con discapacidades en el aula de educaci\u00f3n general?"},"content":{"rendered":"\n<p> S\u00ed. La ley IDEA permite espec\u00edficamente que los fondos federales para educaci\u00f3n especial que se destinan a los distritos escolares se utilicen \u201cpara cubrir los costos de los servicios de educaci\u00f3n especial y servicios relacionados, as\u00ed como de las asistencias y los servicios complementarios que se le brindan en una clase general o en otro entorno educativo a un ni\u00f1o con una discapacidad, conforme a su IEP, incluso aunque uno o m\u00e1s ni\u00f1os sin discapacidades se beneficien de estos servicios\u201d. [20 U.S.C. Sec. 1413(a)(4); 34 C.F.R. Sec. 300.208(a)(1)]. Esto significa que un distrito no puede rehusarse a brindar un acompa\u00f1ante terap\u00e9utico, un asistente de conducta o los equipos necesarios con el argumento de que el asistente o el dispositivo tambi\u00e9n pueden beneficiar a alumnos sin discapacidades o ser utilizados por ellos. <\/p>\n","protected":false},"excerpt":{"rendered":"<p>S\u00ed. La ley IDEA permite espec\u00edficamente que los fondos federales para educaci\u00f3n especial que se destinan a los distritos escolares se utilicen \u201cpara cubrir los&hellip;<\/p>\n","protected":false},"author":1,"featured_media":0,"parent":339,"menu_order":16,"comment_status":"closed","ping_status":"closed","template":"","meta":{"footnotes":""},"class_list":["post-2298","page","type-page","status-publish","hentry"],"_links":{"self":[{"href":"https:\/\/serr.disabilityrightsca.org\/sp\/wp-json\/wp\/v2\/pages\/2298","targetHints":{"allow":["GET"]}}],"collection":[{"href":"https:\/\/serr.disabilityrightsca.org\/sp\/wp-json\/wp\/v2\/pages"}],"about":[{"href":"https:\/\/serr.disabilityrightsca.org\/sp\/wp-json\/wp\/v2\/types\/page"}],"author":[{"embeddable":true,"href":"https:\/\/serr.disabilityrightsca.org\/sp\/wp-json\/wp\/v2\/users\/1"}],"replies":[{"embeddable":true,"href":"https:\/\/serr.disabilityrightsca.org\/sp\/wp-json\/wp\/v2\/comments?post=2298"}],"version-history":[{"count":2,"href":"https:\/\/serr.disabilityrightsca.org\/sp\/wp-json\/wp\/v2\/pages\/2298\/revisions"}],"predecessor-version":[{"id":3755,"href":"https:\/\/serr.disabilityrightsca.org\/sp\/wp-json\/wp\/v2\/pages\/2298\/revisions\/3755"}],"up":[{"embeddable":true,"href":"https:\/\/serr.disabilityrightsca.org\/sp\/wp-json\/wp\/v2\/pages\/339"}],"wp:attachment":[{"href":"https:\/\/serr.disabilityrightsca.org\/sp\/wp-json\/wp\/v2\/media?parent=2298"}],"curies":[{"name":"wp","href":"https:\/\/api.w.org\/{rel}","templated":true}]}}