{"id":2302,"date":"2019-12-05T15:18:18","date_gmt":"2019-12-05T23:18:18","guid":{"rendered":"http:\/\/serr.disabilityrightsca.org\/?page_id=2302"},"modified":"2020-07-14T15:01:16","modified_gmt":"2020-07-14T22:01:16","slug":"7-18-el-lre-se-aplica-a-los-alumnos-en-instituciones-publicas-en-establecimientos-residenciales-y-en-escuelas-no-publicas","status":"publish","type":"page","link":"https:\/\/serr.disabilityrightsca.org\/sp\/serr-manual\/capitulo-7-informacion-sobre-el-entorno-menos-restrictivo\/7-18-el-lre-se-aplica-a-los-alumnos-en-instituciones-publicas-en-establecimientos-residenciales-y-en-escuelas-no-publicas\/","title":{"rendered":"(7.18) \u00bfEl \u201cLRE\u201d se aplica a los alumnos en instituciones p\u00fablicas, en establecimientos residenciales y en escuelas no p\u00fablicas?"},"content":{"rendered":"\n<p>S\u00ed. Incluso si su hijo necesita recibir servicios en un hospital o centro estatal para el desarrollo, en un establecimiento residencial o en una escuela no p\u00fablica, debe tener oportunidades adecuadas de participar en programas y actividades de educaci\u00f3n general. Nuevamente, esta determinaci\u00f3n depende de las necesidades individuales del alumno, seg\u00fan constan en su IEP. [34 C.F.R. Sec. 300.118]. Las escuelas p\u00fablicas subvencionadas deben ayudar a sus alumnos con discapacidades del mismo modo que las dem\u00e1s escuelas p\u00fablicas. [20 U.S.C. Sec. 1413(a)(5); 34 C.F.R. Sec. 300.209].<br><\/p>\n","protected":false},"excerpt":{"rendered":"<p>S\u00ed. Incluso si su hijo necesita recibir servicios en un hospital o centro estatal para el desarrollo, en un establecimiento residencial o en una escuela&hellip;<\/p>\n","protected":false},"author":1,"featured_media":0,"parent":339,"menu_order":18,"comment_status":"closed","ping_status":"closed","template":"","meta":{"footnotes":""},"class_list":["post-2302","page","type-page","status-publish","hentry"],"_links":{"self":[{"href":"https:\/\/serr.disabilityrightsca.org\/sp\/wp-json\/wp\/v2\/pages\/2302","targetHints":{"allow":["GET"]}}],"collection":[{"href":"https:\/\/serr.disabilityrightsca.org\/sp\/wp-json\/wp\/v2\/pages"}],"about":[{"href":"https:\/\/serr.disabilityrightsca.org\/sp\/wp-json\/wp\/v2\/types\/page"}],"author":[{"embeddable":true,"href":"https:\/\/serr.disabilityrightsca.org\/sp\/wp-json\/wp\/v2\/users\/1"}],"replies":[{"embeddable":true,"href":"https:\/\/serr.disabilityrightsca.org\/sp\/wp-json\/wp\/v2\/comments?post=2302"}],"version-history":[{"count":2,"href":"https:\/\/serr.disabilityrightsca.org\/sp\/wp-json\/wp\/v2\/pages\/2302\/revisions"}],"predecessor-version":[{"id":3757,"href":"https:\/\/serr.disabilityrightsca.org\/sp\/wp-json\/wp\/v2\/pages\/2302\/revisions\/3757"}],"up":[{"embeddable":true,"href":"https:\/\/serr.disabilityrightsca.org\/sp\/wp-json\/wp\/v2\/pages\/339"}],"wp:attachment":[{"href":"https:\/\/serr.disabilityrightsca.org\/sp\/wp-json\/wp\/v2\/media?parent=2302"}],"curies":[{"name":"wp","href":"https:\/\/api.w.org\/{rel}","templated":true}]}}