{"id":2306,"date":"2019-12-05T15:20:50","date_gmt":"2019-12-05T23:20:50","guid":{"rendered":"http:\/\/serr.disabilityrightsca.org\/?page_id=2306"},"modified":"2020-07-14T15:03:10","modified_gmt":"2020-07-14T22:03:10","slug":"7-20-el-distrito-escolar-deberia-brindarle-apoyos-y-asistencia-al-maestro-de-educacion-general-o-de-educacion-especial-o-a-otros-miembros-del-personal-que-ayudan-a-mi-hijo","status":"publish","type":"page","link":"https:\/\/serr.disabilityrightsca.org\/sp\/serr-manual\/capitulo-7-informacion-sobre-el-entorno-menos-restrictivo\/7-20-el-distrito-escolar-deberia-brindarle-apoyos-y-asistencia-al-maestro-de-educacion-general-o-de-educacion-especial-o-a-otros-miembros-del-personal-que-ayudan-a-mi-hijo\/","title":{"rendered":"(7.20) \u00bfEl distrito escolar deber\u00eda brindarle apoyos y asistencia al maestro de educaci\u00f3n general o de educaci\u00f3n especial o a otros miembros del personal que ayudan a mi hijo?"},"content":{"rendered":"\n<p>El CDE y los distritos escolares locales tienen la\nresponsabilidad general de garantizar que tanto el personal de educaci\u00f3n\ngeneral como el de educaci\u00f3n especial est\u00e9n preparados adecuadamente para\nbrindarles instrucci\u00f3n a los alumnos de educaci\u00f3n especial. De hecho, la ley\nexige que el IEP contenga una declaraci\u00f3n de los \u201capoyos para el personal\nescolar\u201d para permitirles educar a los alumnos en el entorno menos restrictivo.\nEsta declaraci\u00f3n debe basarse en el apoyo que el personal escolar necesita para\nimplementar el IEP de su hijo. Los padres deben incluir la necesidad de este\nservicio como parte de sus aportes al equipo del IEP. <\/p>\n\n\n\n<p>[34 C.F.R. Sec. 300.320(a)(4)(iii); Cal. Ed. Code Sec.\n56345(a)(4)]. <\/p>\n\n\n\n<p>Estos \u201capoyos\u201d pueden incluir capacitaci\u00f3n pr\u00e1ctica\npara maestros de educaci\u00f3n general y especial y para otros miembros del\npersonal de apoyo que trabajen con estos alumnos. Este programa deber\u00eda incluir\ninformaci\u00f3n acerca de las pr\u00e1cticas educativas m\u00e1s modernas y capacitaci\u00f3n\nconjunta del personal escolar y los padres. [Cal. Ed. Code Secs. 56001(o),\n56240, 56241 &amp; 56243].<\/p>\n","protected":false},"excerpt":{"rendered":"<p>El CDE y los distritos escolares locales tienen la responsabilidad general de garantizar que tanto el personal de educaci\u00f3n general como el de educaci\u00f3n especial&hellip;<\/p>\n","protected":false},"author":1,"featured_media":0,"parent":339,"menu_order":20,"comment_status":"closed","ping_status":"closed","template":"","meta":{"footnotes":""},"class_list":["post-2306","page","type-page","status-publish","hentry"],"_links":{"self":[{"href":"https:\/\/serr.disabilityrightsca.org\/sp\/wp-json\/wp\/v2\/pages\/2306","targetHints":{"allow":["GET"]}}],"collection":[{"href":"https:\/\/serr.disabilityrightsca.org\/sp\/wp-json\/wp\/v2\/pages"}],"about":[{"href":"https:\/\/serr.disabilityrightsca.org\/sp\/wp-json\/wp\/v2\/types\/page"}],"author":[{"embeddable":true,"href":"https:\/\/serr.disabilityrightsca.org\/sp\/wp-json\/wp\/v2\/users\/1"}],"replies":[{"embeddable":true,"href":"https:\/\/serr.disabilityrightsca.org\/sp\/wp-json\/wp\/v2\/comments?post=2306"}],"version-history":[{"count":3,"href":"https:\/\/serr.disabilityrightsca.org\/sp\/wp-json\/wp\/v2\/pages\/2306\/revisions"}],"predecessor-version":[{"id":3759,"href":"https:\/\/serr.disabilityrightsca.org\/sp\/wp-json\/wp\/v2\/pages\/2306\/revisions\/3759"}],"up":[{"embeddable":true,"href":"https:\/\/serr.disabilityrightsca.org\/sp\/wp-json\/wp\/v2\/pages\/339"}],"wp:attachment":[{"href":"https:\/\/serr.disabilityrightsca.org\/sp\/wp-json\/wp\/v2\/media?parent=2306"}],"curies":[{"name":"wp","href":"https:\/\/api.w.org\/{rel}","templated":true}]}}