{"id":2310,"date":"2019-12-05T15:22:43","date_gmt":"2019-12-05T23:22:43","guid":{"rendered":"http:\/\/serr.disabilityrightsca.org\/?page_id=2310"},"modified":"2020-08-18T12:41:27","modified_gmt":"2020-08-18T19:41:27","slug":"7-22-si-creo-que-estan-violando-el-derecho-de-mi-hijo-de-recibir-educacion-en-el-entorno-menos-restrictivo-que-puedo-hacer","status":"publish","type":"page","link":"https:\/\/serr.disabilityrightsca.org\/sp\/serr-manual\/capitulo-7-informacion-sobre-el-entorno-menos-restrictivo\/7-22-si-creo-que-estan-violando-el-derecho-de-mi-hijo-de-recibir-educacion-en-el-entorno-menos-restrictivo-que-puedo-hacer\/","title":{"rendered":"(7.22) Si creo que est\u00e1n violando el derecho de mi hijo de recibir educaci\u00f3n en el entorno menos restrictivo, \u00bfqu\u00e9 puedo hacer?"},"content":{"rendered":"\n<p>Si el IEP de su hijo exige una colocaci\u00f3n integrada espec\u00edfica (o cantidades espec\u00edficas de actividades de integraci\u00f3n) y el distrito no cumple con lo establecido en el IEP, puede presentar un reclamo de cumplimiento ante el CDE. Si la escuela se niega a incluir en el IEP las actividades o los servicios integrados que usted cree que son adecuados, puede solicitar una audiencia de debido proceso. Consulte el cap\u00edtulo 6, <em>Informaci\u00f3n sobre el debido proceso y los procedimientos de cumplimiento<\/em>.<br><\/p>\n","protected":false},"excerpt":{"rendered":"<p>Si el IEP de su hijo exige una colocaci\u00f3n integrada espec\u00edfica (o cantidades espec\u00edficas de actividades de integraci\u00f3n) y el distrito no cumple con lo&hellip;<\/p>\n","protected":false},"author":1,"featured_media":0,"parent":339,"menu_order":22,"comment_status":"closed","ping_status":"closed","template":"","meta":{"footnotes":""},"class_list":["post-2310","page","type-page","status-publish","hentry"],"_links":{"self":[{"href":"https:\/\/serr.disabilityrightsca.org\/sp\/wp-json\/wp\/v2\/pages\/2310","targetHints":{"allow":["GET"]}}],"collection":[{"href":"https:\/\/serr.disabilityrightsca.org\/sp\/wp-json\/wp\/v2\/pages"}],"about":[{"href":"https:\/\/serr.disabilityrightsca.org\/sp\/wp-json\/wp\/v2\/types\/page"}],"author":[{"embeddable":true,"href":"https:\/\/serr.disabilityrightsca.org\/sp\/wp-json\/wp\/v2\/users\/1"}],"replies":[{"embeddable":true,"href":"https:\/\/serr.disabilityrightsca.org\/sp\/wp-json\/wp\/v2\/comments?post=2310"}],"version-history":[{"count":3,"href":"https:\/\/serr.disabilityrightsca.org\/sp\/wp-json\/wp\/v2\/pages\/2310\/revisions"}],"predecessor-version":[{"id":3761,"href":"https:\/\/serr.disabilityrightsca.org\/sp\/wp-json\/wp\/v2\/pages\/2310\/revisions\/3761"}],"up":[{"embeddable":true,"href":"https:\/\/serr.disabilityrightsca.org\/sp\/wp-json\/wp\/v2\/pages\/339"}],"wp:attachment":[{"href":"https:\/\/serr.disabilityrightsca.org\/sp\/wp-json\/wp\/v2\/media?parent=2310"}],"curies":[{"name":"wp","href":"https:\/\/api.w.org\/{rel}","templated":true}]}}