{"id":2316,"date":"2019-12-05T15:25:25","date_gmt":"2019-12-05T23:25:25","guid":{"rendered":"http:\/\/serr.disabilityrightsca.org\/?page_id=2316"},"modified":"2020-07-14T15:07:33","modified_gmt":"2020-07-14T22:07:33","slug":"7-25-es-posible-que-mi-hijo-asista-a-una-clase-de-recursos-durante-la-mayor-parte-del-dia-y-que-aun-asi-pueda-participar-en-las-clases-generales","status":"publish","type":"page","link":"https:\/\/serr.disabilityrightsca.org\/sp\/serr-manual\/capitulo-7-informacion-sobre-el-entorno-menos-restrictivo\/7-25-es-posible-que-mi-hijo-asista-a-una-clase-de-recursos-durante-la-mayor-parte-del-dia-y-que-aun-asi-pueda-participar-en-las-clases-generales\/","title":{"rendered":"(7.25) \u00bfEs posible que mi hijo asista a una \u201cclase de recursos\u201d durante la mayor parte del d\u00eda y que aun as\u00ed pueda participar en las clases generales?"},"content":{"rendered":"\n<p>S\u00ed. Con la aprobaci\u00f3n del equipo del IEP, un alumno puede estar inscrito en el Programa de Especialistas en Recursos (RSP) durante la mayor parte de la jornada escolar. Si cree que su hijo podr\u00eda beneficiarse del entorno de la clase general (o que deber\u00eda recibir servicios de un maestro de recursos durante m\u00e1s de la mitad de la jornada escolar), debe analizar esta opci\u00f3n con el equipo del IEP, al igual que en el caso de cualquier otra colocaci\u00f3n o servicio educativo. [Cal. Ed. Code Sec. 56362(e)].<br><\/p>\n","protected":false},"excerpt":{"rendered":"<p>S\u00ed. Con la aprobaci\u00f3n del equipo del IEP, un alumno puede estar inscrito en el Programa de Especialistas en Recursos (RSP) durante la mayor parte&hellip;<\/p>\n","protected":false},"author":1,"featured_media":0,"parent":339,"menu_order":25,"comment_status":"closed","ping_status":"closed","template":"","meta":{"footnotes":""},"class_list":["post-2316","page","type-page","status-publish","hentry"],"_links":{"self":[{"href":"https:\/\/serr.disabilityrightsca.org\/sp\/wp-json\/wp\/v2\/pages\/2316","targetHints":{"allow":["GET"]}}],"collection":[{"href":"https:\/\/serr.disabilityrightsca.org\/sp\/wp-json\/wp\/v2\/pages"}],"about":[{"href":"https:\/\/serr.disabilityrightsca.org\/sp\/wp-json\/wp\/v2\/types\/page"}],"author":[{"embeddable":true,"href":"https:\/\/serr.disabilityrightsca.org\/sp\/wp-json\/wp\/v2\/users\/1"}],"replies":[{"embeddable":true,"href":"https:\/\/serr.disabilityrightsca.org\/sp\/wp-json\/wp\/v2\/comments?post=2316"}],"version-history":[{"count":3,"href":"https:\/\/serr.disabilityrightsca.org\/sp\/wp-json\/wp\/v2\/pages\/2316\/revisions"}],"predecessor-version":[{"id":3764,"href":"https:\/\/serr.disabilityrightsca.org\/sp\/wp-json\/wp\/v2\/pages\/2316\/revisions\/3764"}],"up":[{"embeddable":true,"href":"https:\/\/serr.disabilityrightsca.org\/sp\/wp-json\/wp\/v2\/pages\/339"}],"wp:attachment":[{"href":"https:\/\/serr.disabilityrightsca.org\/sp\/wp-json\/wp\/v2\/media?parent=2316"}],"curies":[{"name":"wp","href":"https:\/\/api.w.org\/{rel}","templated":true}]}}