{"id":2318,"date":"2019-12-05T15:26:27","date_gmt":"2019-12-05T23:26:27","guid":{"rendered":"http:\/\/serr.disabilityrightsca.org\/?page_id=2318"},"modified":"2020-08-18T12:46:02","modified_gmt":"2020-08-18T19:46:02","slug":"7-26-los-requisitos-del-lre-se-aplican-a-los-ninos-en-edad-preescolar-si-mi-distrito-no-ofrece-un-programa-de-preescolar-para-ninos-sin-discapacidades-mi-hijo-podra-integrarse-con-nino","status":"publish","type":"page","link":"https:\/\/serr.disabilityrightsca.org\/sp\/serr-manual\/capitulo-7-informacion-sobre-el-entorno-menos-restrictivo\/7-26-los-requisitos-del-lre-se-aplican-a-los-ninos-en-edad-preescolar-si-mi-distrito-no-ofrece-un-programa-de-preescolar-para-ninos-sin-discapacidades-mi-hijo-podra-integrarse-con-nino\/","title":{"rendered":"(7.26) \u00bfLos requisitos del LRE se aplican a los ni\u00f1os en edad preescolar? Si mi distrito no ofrece un programa de preescolar para ni\u00f1os sin discapacidades, \u00bfmi hijo podr\u00e1 integrarse con ni\u00f1os sin discapacidades?"},"content":{"rendered":"\n<p>S\u00ed. Todas las disposiciones de las leyes federales y\nestatales de educaci\u00f3n especial se aplican a todos los alumnos a partir de los\ntres a\u00f1os, lo cual incluye a los alumnos de educaci\u00f3n especial en edad\npreescolar. Los alumnos de preescolar tambi\u00e9n cumplen con los requisitos para\nser ubicados en \u201cdiversas colocaciones alternativas\u2026 para satisfacer las\nnecesidades de los ni\u00f1os con discapacidades\u2026\u201d. [34 C.F.R. Secs. 300.115(b)\n&amp; 300.116]. Por lo tanto, pueden recibir instrucci\u00f3n en las clases\ngenerales, en clases especiales, en escuelas especiales, en el hogar, en\nhospitales y en instituciones. [34 C.F.R. Sec. 300.115(b)]. El requisito del\nLRE para los alumnos de preescolar puede incluir la colocaci\u00f3n en un programa\nde educaci\u00f3n preescolar (Head Start) o en un preescolar privado.<\/p>\n\n\n\n<p>Si el distrito escolar cuenta con programas de preescolar de educaci\u00f3n general, se aplica el requisito de contar con un maestro de educaci\u00f3n general en toda reuni\u00f3n del IEP si el ni\u00f1o participa o puede participar en el programa de educaci\u00f3n general. [34 C.F.R. Secs. 300.321, 300.324(a)(3) &amp; (b)(3)]. Consulte el <a href=\"https:\/\/serr.disabilityrightsca.org\/sp\/serr-manual\/capitulo-13-informacion-sobre-los-servicios-de-educacion-preescolar\/\">cap\u00edtulo 13, <em>Informaci\u00f3n sobre los servicios de educaci\u00f3n preescolar<\/em><\/a><em>.<\/em><\/p>\n","protected":false},"excerpt":{"rendered":"<p>S\u00ed. Todas las disposiciones de las leyes federales y estatales de educaci\u00f3n especial se aplican a todos los alumnos a partir de los tres a\u00f1os,&hellip;<\/p>\n","protected":false},"author":1,"featured_media":0,"parent":339,"menu_order":26,"comment_status":"closed","ping_status":"closed","template":"","meta":{"footnotes":""},"class_list":["post-2318","page","type-page","status-publish","hentry"],"_links":{"self":[{"href":"https:\/\/serr.disabilityrightsca.org\/sp\/wp-json\/wp\/v2\/pages\/2318","targetHints":{"allow":["GET"]}}],"collection":[{"href":"https:\/\/serr.disabilityrightsca.org\/sp\/wp-json\/wp\/v2\/pages"}],"about":[{"href":"https:\/\/serr.disabilityrightsca.org\/sp\/wp-json\/wp\/v2\/types\/page"}],"author":[{"embeddable":true,"href":"https:\/\/serr.disabilityrightsca.org\/sp\/wp-json\/wp\/v2\/users\/1"}],"replies":[{"embeddable":true,"href":"https:\/\/serr.disabilityrightsca.org\/sp\/wp-json\/wp\/v2\/comments?post=2318"}],"version-history":[{"count":4,"href":"https:\/\/serr.disabilityrightsca.org\/sp\/wp-json\/wp\/v2\/pages\/2318\/revisions"}],"predecessor-version":[{"id":4271,"href":"https:\/\/serr.disabilityrightsca.org\/sp\/wp-json\/wp\/v2\/pages\/2318\/revisions\/4271"}],"up":[{"embeddable":true,"href":"https:\/\/serr.disabilityrightsca.org\/sp\/wp-json\/wp\/v2\/pages\/339"}],"wp:attachment":[{"href":"https:\/\/serr.disabilityrightsca.org\/sp\/wp-json\/wp\/v2\/media?parent=2318"}],"curies":[{"name":"wp","href":"https:\/\/api.w.org\/{rel}","templated":true}]}}