{"id":2320,"date":"2019-12-05T15:27:12","date_gmt":"2019-12-05T23:27:12","guid":{"rendered":"http:\/\/serr.disabilityrightsca.org\/?page_id=2320"},"modified":"2020-07-14T15:09:29","modified_gmt":"2020-07-14T22:09:29","slug":"7-27-mi-hijo-hara-la-transicion-de-la-educacion-especial-en-la-escuela-secundaria-a-oportunidades-de-programas-para-adultos-los-requisitos-del-lre-tambien-se-aplican-a-los-alumnos-en-edad-de","status":"publish","type":"page","link":"https:\/\/serr.disabilityrightsca.org\/sp\/serr-manual\/capitulo-7-informacion-sobre-el-entorno-menos-restrictivo\/7-27-mi-hijo-hara-la-transicion-de-la-educacion-especial-en-la-escuela-secundaria-a-oportunidades-de-programas-para-adultos-los-requisitos-del-lre-tambien-se-aplican-a-los-alumnos-en-edad-de\/","title":{"rendered":"(7.27) Mi hijo har\u00e1 la transici\u00f3n de la educaci\u00f3n especial en la escuela secundaria a oportunidades de programas para adultos. \u00bfLos requisitos del LRE tambi\u00e9n se aplican a los alumnos en edad de transici\u00f3n?"},"content":{"rendered":"\n<p>S\u00ed. Las leyes federales y estatales exigen que se ofrezca una colocaci\u00f3n en el entorno menos restrictivo. [34 C.F.R. Sec. 300.116(a)(2); Cal. Ed. Code Sec. 56342(b)]. Por ejemplo, \u201cel objetivo de los servicios de transici\u00f3n es lograr un paso planificado de la educaci\u00f3n secundaria a la vida adulta que asegure oportunidades que maximicen la independencia econ\u00f3mica y social, en el entorno menos restrictivo\u201d. [Cal. Ed. Code Sec. 56460(e)].<\/p>\n","protected":false},"excerpt":{"rendered":"<p>S\u00ed. Las leyes federales y estatales exigen que se ofrezca una colocaci\u00f3n en el entorno menos restrictivo. [34 C.F.R. Sec. 300.116(a)(2); Cal. Ed. Code Sec.&hellip;<\/p>\n","protected":false},"author":1,"featured_media":0,"parent":339,"menu_order":27,"comment_status":"closed","ping_status":"closed","template":"","meta":{"footnotes":""},"class_list":["post-2320","page","type-page","status-publish","hentry"],"_links":{"self":[{"href":"https:\/\/serr.disabilityrightsca.org\/sp\/wp-json\/wp\/v2\/pages\/2320","targetHints":{"allow":["GET"]}}],"collection":[{"href":"https:\/\/serr.disabilityrightsca.org\/sp\/wp-json\/wp\/v2\/pages"}],"about":[{"href":"https:\/\/serr.disabilityrightsca.org\/sp\/wp-json\/wp\/v2\/types\/page"}],"author":[{"embeddable":true,"href":"https:\/\/serr.disabilityrightsca.org\/sp\/wp-json\/wp\/v2\/users\/1"}],"replies":[{"embeddable":true,"href":"https:\/\/serr.disabilityrightsca.org\/sp\/wp-json\/wp\/v2\/comments?post=2320"}],"version-history":[{"count":2,"href":"https:\/\/serr.disabilityrightsca.org\/sp\/wp-json\/wp\/v2\/pages\/2320\/revisions"}],"predecessor-version":[{"id":3766,"href":"https:\/\/serr.disabilityrightsca.org\/sp\/wp-json\/wp\/v2\/pages\/2320\/revisions\/3766"}],"up":[{"embeddable":true,"href":"https:\/\/serr.disabilityrightsca.org\/sp\/wp-json\/wp\/v2\/pages\/339"}],"wp:attachment":[{"href":"https:\/\/serr.disabilityrightsca.org\/sp\/wp-json\/wp\/v2\/media?parent=2320"}],"curies":[{"name":"wp","href":"https:\/\/api.w.org\/{rel}","templated":true}]}}