{"id":2322,"date":"2019-12-05T15:27:49","date_gmt":"2019-12-05T23:27:49","guid":{"rendered":"http:\/\/serr.disabilityrightsca.org\/?page_id=2322"},"modified":"2020-07-14T15:10:24","modified_gmt":"2020-07-14T22:10:24","slug":"7-28-mi-hijo-esta-integrado-en-el-aula-comun-durante-el-ano-academico-general-dicho-programa-integrado-debe-estar-disponible-durante-el-ano-escolar-extendido","status":"publish","type":"page","link":"https:\/\/serr.disabilityrightsca.org\/sp\/serr-manual\/capitulo-7-informacion-sobre-el-entorno-menos-restrictivo\/7-28-mi-hijo-esta-integrado-en-el-aula-comun-durante-el-ano-academico-general-dicho-programa-integrado-debe-estar-disponible-durante-el-ano-escolar-extendido\/","title":{"rendered":"(7.28) Mi hijo est\u00e1 integrado en el aula com\u00fan durante el a\u00f1o acad\u00e9mico general. \u00bfDicho programa integrado debe estar disponible durante el \u201ca\u00f1o escolar extendido\u201d?"},"content":{"rendered":"\n<p>Si los servicios del \u201ca\u00f1o escolar extendido\u201d (ESY) est\u00e1n disponibles para los alumnos de educaci\u00f3n general en su distrito escolar, y si el IEP de su hijo incluye la integraci\u00f3n en el aula com\u00fan durante el a\u00f1o acad\u00e9mico regular, tambi\u00e9n se deber\u00e1n prestar estos servicios integrados durante el a\u00f1o escolar extendido. [5 C.C.R. Sec. 3043(h)].<\/p>\n","protected":false},"excerpt":{"rendered":"<p>Si los servicios del \u201ca\u00f1o escolar extendido\u201d (ESY) est\u00e1n disponibles para los alumnos de educaci\u00f3n general en su distrito escolar, y si el IEP de&hellip;<\/p>\n","protected":false},"author":1,"featured_media":0,"parent":339,"menu_order":28,"comment_status":"closed","ping_status":"closed","template":"","meta":{"footnotes":""},"class_list":["post-2322","page","type-page","status-publish","hentry"],"_links":{"self":[{"href":"https:\/\/serr.disabilityrightsca.org\/sp\/wp-json\/wp\/v2\/pages\/2322","targetHints":{"allow":["GET"]}}],"collection":[{"href":"https:\/\/serr.disabilityrightsca.org\/sp\/wp-json\/wp\/v2\/pages"}],"about":[{"href":"https:\/\/serr.disabilityrightsca.org\/sp\/wp-json\/wp\/v2\/types\/page"}],"author":[{"embeddable":true,"href":"https:\/\/serr.disabilityrightsca.org\/sp\/wp-json\/wp\/v2\/users\/1"}],"replies":[{"embeddable":true,"href":"https:\/\/serr.disabilityrightsca.org\/sp\/wp-json\/wp\/v2\/comments?post=2322"}],"version-history":[{"count":2,"href":"https:\/\/serr.disabilityrightsca.org\/sp\/wp-json\/wp\/v2\/pages\/2322\/revisions"}],"predecessor-version":[{"id":3767,"href":"https:\/\/serr.disabilityrightsca.org\/sp\/wp-json\/wp\/v2\/pages\/2322\/revisions\/3767"}],"up":[{"embeddable":true,"href":"https:\/\/serr.disabilityrightsca.org\/sp\/wp-json\/wp\/v2\/pages\/339"}],"wp:attachment":[{"href":"https:\/\/serr.disabilityrightsca.org\/sp\/wp-json\/wp\/v2\/media?parent=2322"}],"curies":[{"name":"wp","href":"https:\/\/api.w.org\/{rel}","templated":true}]}}