{"id":2324,"date":"2019-12-05T15:28:36","date_gmt":"2019-12-05T23:28:36","guid":{"rendered":"http:\/\/serr.disabilityrightsca.org\/?page_id=2324"},"modified":"2020-07-14T15:11:59","modified_gmt":"2020-07-14T22:11:59","slug":"7-29-que-papel-desempenan-los-padres-en-la-determinacion-de-la-colocacion-educativa-de-su-hijo","status":"publish","type":"page","link":"https:\/\/serr.disabilityrightsca.org\/sp\/serr-manual\/capitulo-7-informacion-sobre-el-entorno-menos-restrictivo\/7-29-que-papel-desempenan-los-padres-en-la-determinacion-de-la-colocacion-educativa-de-su-hijo\/","title":{"rendered":"(7.29) \u00bfQu\u00e9 papel desempe\u00f1an los padres en la determinaci\u00f3n de la colocaci\u00f3n educativa de su hijo?"},"content":{"rendered":"\n<p>Los padres deben formar parte de los grupos que toman decisiones acerca de la colocaci\u00f3n de educaci\u00f3n especial. [20 U.S.C. Sec. 1414(e); 34 C.F.R. sec. 300.327]. Adem\u00e1s, el equipo (incluidos los padres) que toma las decisiones en cuanto a la colocaci\u00f3n debe guiarse por el requisito de que las clases especiales, la escolarizaci\u00f3n separada y otras formas de separaci\u00f3n de los alumnos con discapacidades de las clases generales solo deben implementarse si el car\u00e1cter o la gravedad de la discapacidad impide que estos puedan recibir una educaci\u00f3n satisfactoria (con asistencias y servicios complementarios) en un entorno de educaci\u00f3n general. [34 C.F.R. Sec. 300.114(a)(2)(ii); Cal. Ed. Code Sec. 56342(b)].<\/p>\n","protected":false},"excerpt":{"rendered":"<p>Los padres deben formar parte de los grupos que toman decisiones acerca de la colocaci\u00f3n de educaci\u00f3n especial. [20 U.S.C. Sec. 1414(e); 34 C.F.R. sec.&hellip;<\/p>\n","protected":false},"author":1,"featured_media":0,"parent":339,"menu_order":29,"comment_status":"closed","ping_status":"closed","template":"","meta":{"footnotes":""},"class_list":["post-2324","page","type-page","status-publish","hentry"],"_links":{"self":[{"href":"https:\/\/serr.disabilityrightsca.org\/sp\/wp-json\/wp\/v2\/pages\/2324","targetHints":{"allow":["GET"]}}],"collection":[{"href":"https:\/\/serr.disabilityrightsca.org\/sp\/wp-json\/wp\/v2\/pages"}],"about":[{"href":"https:\/\/serr.disabilityrightsca.org\/sp\/wp-json\/wp\/v2\/types\/page"}],"author":[{"embeddable":true,"href":"https:\/\/serr.disabilityrightsca.org\/sp\/wp-json\/wp\/v2\/users\/1"}],"replies":[{"embeddable":true,"href":"https:\/\/serr.disabilityrightsca.org\/sp\/wp-json\/wp\/v2\/comments?post=2324"}],"version-history":[{"count":2,"href":"https:\/\/serr.disabilityrightsca.org\/sp\/wp-json\/wp\/v2\/pages\/2324\/revisions"}],"predecessor-version":[{"id":3768,"href":"https:\/\/serr.disabilityrightsca.org\/sp\/wp-json\/wp\/v2\/pages\/2324\/revisions\/3768"}],"up":[{"embeddable":true,"href":"https:\/\/serr.disabilityrightsca.org\/sp\/wp-json\/wp\/v2\/pages\/339"}],"wp:attachment":[{"href":"https:\/\/serr.disabilityrightsca.org\/sp\/wp-json\/wp\/v2\/media?parent=2324"}],"curies":[{"name":"wp","href":"https:\/\/api.w.org\/{rel}","templated":true}]}}