{"id":2326,"date":"2019-12-05T15:30:03","date_gmt":"2019-12-05T23:30:03","guid":{"rendered":"http:\/\/serr.disabilityrightsca.org\/?page_id=2326"},"modified":"2020-07-14T15:12:54","modified_gmt":"2020-07-14T22:12:54","slug":"7-30-que-deberia-saber-si-mi-hijo-tiene-que-recibir-su-educacion-en-el-hogar-o-en-un-hospital","status":"publish","type":"page","link":"https:\/\/serr.disabilityrightsca.org\/sp\/serr-manual\/capitulo-7-informacion-sobre-el-entorno-menos-restrictivo\/7-30-que-deberia-saber-si-mi-hijo-tiene-que-recibir-su-educacion-en-el-hogar-o-en-un-hospital\/","title":{"rendered":"(7.30) \u00bfQu\u00e9 deber\u00eda saber si mi hijo tiene que recibir su educaci\u00f3n en el hogar o en un hospital?"},"content":{"rendered":"\n<p>Si el equipo del IEP determina que un alumno necesita\nrecibir educaci\u00f3n en el hogar o en un hospital, el distrito debe ofrecer los\nservicios de educaci\u00f3n especial y servicios relacionados necesarios para\nsatisfacer las necesidades educativas de su hijo en estos entornos. Al\nrecomendar la instrucci\u00f3n en el hogar, entre la informaci\u00f3n sobre la\nevaluaci\u00f3n, el equipo del IEP debe contar con un informe m\u00e9dico confeccionado\npor el cirujano y el m\u00e9dico responsable o con un informe del psic\u00f3logo, seg\u00fan\ncorresponda, que indique el problema diagnosticado y certifique que su gravedad\nimpide que el alumno asista a una colocaci\u00f3n menos restrictiva. El informe\ntambi\u00e9n debe incluir una fecha programada para el regreso del alumno a la\nescuela. El equipo del IEP debe reunirse para volver a considerar el IEP antes\nde esta fecha. Si el alumno tiene un problema m\u00e9dico relacionado con una\ncirug\u00eda, con un accidente, con una enfermedad a corto plazo o con tratamientos\nm\u00e9dicos para una enfermedad cr\u00f3nica, el equipo debe revisar el IEP, cuando\ncorresponda, siempre que ocurra un cambio significativo en el estado de salud\nactual del alumno. <\/p>\n\n\n\n<p>La instrucci\u00f3n en el hogar o en el hospital puede\nbrindarse de manera individual, en grupos reducidos o por teleclases. Esta debe\nestar a cargo de un maestro de educaci\u00f3n general o especial o de un especialista\nen recursos, siempre que est\u00e9n capacitados para brindar esta clase de\ninstrucci\u00f3n y servicios y que sea posible hacerlo. En caso contrario, el\nespecialista adecuado en servicios relacionados deber\u00e1 brindar dicha\ninstrucci\u00f3n. El maestro encargado de la instrucci\u00f3n en el hogar debe\ncomunicarse con la escuela y el maestro anterior del alumno para determinar lo\nsiguiente: <\/p>\n\n\n\n<p>&nbsp;&nbsp;&nbsp;&nbsp;&nbsp;&nbsp;&nbsp;&nbsp;&nbsp;&nbsp;&nbsp;&nbsp;&nbsp;&nbsp;&nbsp; (1)\nLos trabajos de curso que deben cubrirse. <\/p>\n\n\n\n<p>&nbsp;&nbsp;&nbsp;&nbsp;&nbsp;&nbsp;&nbsp;&nbsp;&nbsp;&nbsp;&nbsp;&nbsp;&nbsp;&nbsp;&nbsp; (2)\nLos libros y materiales que deben utilizarse.<\/p>\n\n\n\n<p>(3) La persona responsable de calificar y hacer pasar\nde grado al alumno cuando corresponda. <\/p>\n\n\n\n<p>En el caso de los alumnos entre s\u00e9ptimo y duod\u00e9cimo\ngrado, el maestro deber\u00e1 consultar con el asesor de orientaci\u00f3n de la escuela\npara determinar lo siguiente: <\/p>\n\n\n\n<p>(1) Las horas que el alumno ha acumulado para obtener\ncr\u00e9ditos en ese semestre en cada asignatura incluida en el IEP y su\ncalificaci\u00f3n hasta el \u00faltimo d\u00eda de asistencia. <\/p>\n\n\n\n<p>(2) La persona responsable de otorgar cr\u00e9ditos al\nterminar los trabajos. <\/p>\n\n\n\n<p>(3) El responsable de emitir el diploma si el alumno se grad\u00faa. [5 C.C.R. 3051.4].<\/p>\n","protected":false},"excerpt":{"rendered":"<p>Si el equipo del IEP determina que un alumno necesita recibir educaci\u00f3n en el hogar o en un hospital, el distrito debe ofrecer los servicios&hellip;<\/p>\n","protected":false},"author":1,"featured_media":0,"parent":339,"menu_order":30,"comment_status":"closed","ping_status":"closed","template":"","meta":{"footnotes":""},"class_list":["post-2326","page","type-page","status-publish","hentry"],"_links":{"self":[{"href":"https:\/\/serr.disabilityrightsca.org\/sp\/wp-json\/wp\/v2\/pages\/2326","targetHints":{"allow":["GET"]}}],"collection":[{"href":"https:\/\/serr.disabilityrightsca.org\/sp\/wp-json\/wp\/v2\/pages"}],"about":[{"href":"https:\/\/serr.disabilityrightsca.org\/sp\/wp-json\/wp\/v2\/types\/page"}],"author":[{"embeddable":true,"href":"https:\/\/serr.disabilityrightsca.org\/sp\/wp-json\/wp\/v2\/users\/1"}],"replies":[{"embeddable":true,"href":"https:\/\/serr.disabilityrightsca.org\/sp\/wp-json\/wp\/v2\/comments?post=2326"}],"version-history":[{"count":3,"href":"https:\/\/serr.disabilityrightsca.org\/sp\/wp-json\/wp\/v2\/pages\/2326\/revisions"}],"predecessor-version":[{"id":3769,"href":"https:\/\/serr.disabilityrightsca.org\/sp\/wp-json\/wp\/v2\/pages\/2326\/revisions\/3769"}],"up":[{"embeddable":true,"href":"https:\/\/serr.disabilityrightsca.org\/sp\/wp-json\/wp\/v2\/pages\/339"}],"wp:attachment":[{"href":"https:\/\/serr.disabilityrightsca.org\/sp\/wp-json\/wp\/v2\/media?parent=2326"}],"curies":[{"name":"wp","href":"https:\/\/api.w.org\/{rel}","templated":true}]}}