{"id":2405,"date":"2019-12-13T14:03:36","date_gmt":"2019-12-13T22:03:36","guid":{"rendered":"https:\/\/serr.disabilityrightsca.org\/?page_id=2405"},"modified":"2020-07-14T15:19:17","modified_gmt":"2020-07-14T22:19:17","slug":"8-4-que-conductas-conducen-a-que-el-distrito-escolar-recomiende-la-expulsion-de-un-alumno","status":"publish","type":"page","link":"https:\/\/serr.disabilityrightsca.org\/sp\/serr-manual\/capitulo-8-informacion-sobre-la-disciplina-de-alumnos-con-discapacidades\/8-4-que-conductas-conducen-a-que-el-distrito-escolar-recomiende-la-expulsion-de-un-alumno\/","title":{"rendered":"(8.4) \u00bfQu\u00e9 conductas conducen a que el distrito escolar recomiende la expulsi\u00f3n de un alumno?"},"content":{"rendered":"\n<p>El art\u00edculo 48915(a) del C\u00f3digo de Educaci\u00f3n de California\nexige que un director o superintendente recomiende la expulsi\u00f3n si el alumno\ncomete alguno de los siguientes actos (salvo que considere que es una opci\u00f3n\ninadecuada debido a las circunstancias particulares): <\/p>\n\n\n\n<ul class=\"wp-block-list\"><li>&nbsp;Causar heridas f\u00edsicas graves a otra persona,\nsalvo que sea en defensa propia.<\/li><li>Poseer\nun cuchillo, explosivos u otro objeto peligroso que no sea de uso razonable.<\/li><li>&nbsp;Poseer ilegalmente sustancias controladas. <\/li><li>&nbsp;Robar o extorsionar. <\/li><li>&nbsp;Cometer una agresi\u00f3n o un acto de violencia\ncontra un empleado escolar.<\/li><\/ul>\n\n\n\n<p>El consejo directivo actual <strong>puede<\/strong> exigir que se expulse al alumno\ntras determinar que este cometi\u00f3 uno de los actos enumerados anteriormente y\ncuando se dan las siguientes condiciones: <\/p>\n\n\n\n<ul class=\"wp-block-list\"><li>&nbsp;No es posible aplicar otras medidas de\ncorrecci\u00f3n o estas han fallado repetidamente.<\/li><li>&nbsp;La presencia del alumno constituye un peligro\nconstante para la seguridad f\u00edsica del alumno o de otras personas. <\/li><\/ul>\n\n\n\n<p>[Cal. Ed. Code Sec. 48915(b)].<\/p>\n\n\n\n<p>Adem\u00e1s, el art\u00edculo 48915(c) del C\u00f3digo\nde Educaci\u00f3n de California exige que los directores o superintendentes de las\nescuelas suspendan a un alumno y recomienden su expulsi\u00f3n de inmediato si este\ncomete alguno de los siguientes actos: <\/p>\n\n\n\n<ul class=\"wp-block-list\"><li>&nbsp;Poseer, vender o suministrar un arma de fuego.\n<\/li><li>Blandir\nun cuchillo a otra persona. <\/li><li>Vender\nsustancias controladas. <\/li><li>Cometer\no intentar cometer una agresi\u00f3n sexual; cometer un acto de violencia sexual. <\/li><li>Poseer\nexplosivos.<\/li><\/ul>\n\n\n\n<p>El consejo directivo actual <strong>debe<\/strong> exigir que se expulse al alumno\ntras determinar que este cometi\u00f3 uno de estos actos. [Cal. Educ. Code Sec.\n48915(d)]. <em>Sin embargo, esta disposici\u00f3n\nacerca de la expulsi\u00f3n obligatoria no puede aplicarse a un alumno de educaci\u00f3n\nespecial, salvo que se le hayan ofrecido todas las garant\u00edas procesales y\nfundamentales establecidas en este cap\u00edtulo y que, despu\u00e9s de haberlas\naplicado, igualmente re\u00fana los requisitos para ser expulsado. <\/em><em><\/em><br><\/p>\n","protected":false},"excerpt":{"rendered":"<p>El art\u00edculo 48915(a) del C\u00f3digo de Educaci\u00f3n de California exige que un director o superintendente recomiende la expulsi\u00f3n si el alumno comete alguno de los&hellip;<\/p>\n","protected":false},"author":1,"featured_media":0,"parent":343,"menu_order":4,"comment_status":"closed","ping_status":"closed","template":"","meta":{"footnotes":""},"class_list":["post-2405","page","type-page","status-publish","hentry"],"_links":{"self":[{"href":"https:\/\/serr.disabilityrightsca.org\/sp\/wp-json\/wp\/v2\/pages\/2405","targetHints":{"allow":["GET"]}}],"collection":[{"href":"https:\/\/serr.disabilityrightsca.org\/sp\/wp-json\/wp\/v2\/pages"}],"about":[{"href":"https:\/\/serr.disabilityrightsca.org\/sp\/wp-json\/wp\/v2\/types\/page"}],"author":[{"embeddable":true,"href":"https:\/\/serr.disabilityrightsca.org\/sp\/wp-json\/wp\/v2\/users\/1"}],"replies":[{"embeddable":true,"href":"https:\/\/serr.disabilityrightsca.org\/sp\/wp-json\/wp\/v2\/comments?post=2405"}],"version-history":[{"count":3,"href":"https:\/\/serr.disabilityrightsca.org\/sp\/wp-json\/wp\/v2\/pages\/2405\/revisions"}],"predecessor-version":[{"id":3774,"href":"https:\/\/serr.disabilityrightsca.org\/sp\/wp-json\/wp\/v2\/pages\/2405\/revisions\/3774"}],"up":[{"embeddable":true,"href":"https:\/\/serr.disabilityrightsca.org\/sp\/wp-json\/wp\/v2\/pages\/343"}],"wp:attachment":[{"href":"https:\/\/serr.disabilityrightsca.org\/sp\/wp-json\/wp\/v2\/media?parent=2405"}],"curies":[{"name":"wp","href":"https:\/\/api.w.org\/{rel}","templated":true}]}}