{"id":2409,"date":"2019-12-13T14:06:45","date_gmt":"2019-12-13T22:06:45","guid":{"rendered":"https:\/\/serr.disabilityrightsca.org\/?page_id=2409"},"modified":"2020-07-14T15:21:02","modified_gmt":"2020-07-14T22:21:02","slug":"8-6-pueden-exigirle-a-mi-hijo-que-cumpla-con-una-suspension-en-la-escuela","status":"publish","type":"page","link":"https:\/\/serr.disabilityrightsca.org\/sp\/serr-manual\/capitulo-8-informacion-sobre-la-disciplina-de-alumnos-con-discapacidades\/8-6-pueden-exigirle-a-mi-hijo-que-cumpla-con-una-suspension-en-la-escuela\/","title":{"rendered":"(8.6) \u00bfPueden exigirle a mi hijo que cumpla con una suspensi\u00f3n en la escuela?"},"content":{"rendered":"\n<p> S\u00ed. El director puede exigirles a los alumnos que cumplan con la suspensi\u00f3n en la escuela. [Cal. Ed. Code Sec. 48911.1]. Un empleado escolar debe notificarles a los padres o tutores por escrito cuando se asigna una suspensi\u00f3n en un aula de la escuela por m\u00e1s de un per\u00edodo de clase. [Cal. Ed. Code Sec. 48911.1(d)]. En el caso de los alumnos con discapacidades, los d\u00edas de suspensi\u00f3n en la escuela cuentan como una separaci\u00f3n al considerar si se produjo un \u201ccambio de colocaci\u00f3n\u201d, salvo que se les d\u00e9 la oportunidad de continuar participando adecuadamente en el programa de estudios general, de continuar recibiendo los servicios especificados en su IEP y de continuar participando con ni\u00f1os sin discapacidades en la medida en que lo har\u00edan en su colocaci\u00f3n actual. [71 Fed. Reg. 46715 (Aug. 14, 2006)]. <\/p>\n","protected":false},"excerpt":{"rendered":"<p>S\u00ed. El director puede exigirles a los alumnos que cumplan con la suspensi\u00f3n en la escuela. [Cal. Ed. Code Sec. 48911.1]. Un empleado escolar debe&hellip;<\/p>\n","protected":false},"author":1,"featured_media":0,"parent":343,"menu_order":6,"comment_status":"closed","ping_status":"closed","template":"","meta":{"footnotes":""},"class_list":["post-2409","page","type-page","status-publish","hentry"],"_links":{"self":[{"href":"https:\/\/serr.disabilityrightsca.org\/sp\/wp-json\/wp\/v2\/pages\/2409","targetHints":{"allow":["GET"]}}],"collection":[{"href":"https:\/\/serr.disabilityrightsca.org\/sp\/wp-json\/wp\/v2\/pages"}],"about":[{"href":"https:\/\/serr.disabilityrightsca.org\/sp\/wp-json\/wp\/v2\/types\/page"}],"author":[{"embeddable":true,"href":"https:\/\/serr.disabilityrightsca.org\/sp\/wp-json\/wp\/v2\/users\/1"}],"replies":[{"embeddable":true,"href":"https:\/\/serr.disabilityrightsca.org\/sp\/wp-json\/wp\/v2\/comments?post=2409"}],"version-history":[{"count":2,"href":"https:\/\/serr.disabilityrightsca.org\/sp\/wp-json\/wp\/v2\/pages\/2409\/revisions"}],"predecessor-version":[{"id":3776,"href":"https:\/\/serr.disabilityrightsca.org\/sp\/wp-json\/wp\/v2\/pages\/2409\/revisions\/3776"}],"up":[{"embeddable":true,"href":"https:\/\/serr.disabilityrightsca.org\/sp\/wp-json\/wp\/v2\/pages\/343"}],"wp:attachment":[{"href":"https:\/\/serr.disabilityrightsca.org\/sp\/wp-json\/wp\/v2\/media?parent=2409"}],"curies":[{"name":"wp","href":"https:\/\/api.w.org\/{rel}","templated":true}]}}