{"id":2413,"date":"2019-12-13T14:10:00","date_gmt":"2019-12-13T22:10:00","guid":{"rendered":"https:\/\/serr.disabilityrightsca.org\/?page_id=2413"},"modified":"2020-07-14T15:23:24","modified_gmt":"2020-07-14T22:23:24","slug":"8-8-que-es-una-reunion-para-la-determinacion-de-manifestacion","status":"publish","type":"page","link":"https:\/\/serr.disabilityrightsca.org\/sp\/serr-manual\/capitulo-8-informacion-sobre-la-disciplina-de-alumnos-con-discapacidades\/8-8-que-es-una-reunion-para-la-determinacion-de-manifestacion\/","title":{"rendered":"(8.8) \u00bfQu\u00e9 es una reuni\u00f3n para la \u201cdeterminaci\u00f3n de manifestaci\u00f3n\u201d?"},"content":{"rendered":"\n<p>La reuni\u00f3n para la determinaci\u00f3n de\nmanifestaci\u00f3n es una reuni\u00f3n del IEP para determinar si es posible expulsar de\nla escuela a un alumno con una discapacidad o modificar su colocaci\u00f3n por m\u00e1s\nde 10 d\u00edas h\u00e1biles por mala conducta. Debe celebrarse dentro de los 10 d\u00edas\nh\u00e1biles posteriores a la decisi\u00f3n de la escuela de expulsar al alumno o\nmodificar su colocaci\u00f3n. En la reuni\u00f3n, el equipo del IEP revisa la informaci\u00f3n\nrelevante del expediente del alumno, incluidos su IEP y la informaci\u00f3n de sus\nmaestros y padres. Luego decide dos cuestiones: <\/p>\n\n\n\n<ul class=\"wp-block-list\"><li>\u00bfLa\nconducta fue producto de la discapacidad del alumno o estaba \u201cdirecta y\nsustancialmente relacionada\u201d con esta? <\/li><li>\u00bfLa\nconducta fue el resultado directo del incumplimiento del distrito de su\nobligaci\u00f3n de implementar el IEP? <\/li><\/ul>\n\n\n\n<p>[34 C.F.R. Sec. 300.530(e)]. <\/p>\n\n\n\n<p><strong>Si el equipo del IEP\nresponde afirmativamente a alguna de las dos preguntas, el alumno no puede ser\nexpulsado<\/strong>. Adem\u00e1s, todo cambio en la colocaci\u00f3n\nrequiere el consentimiento de los padres o una orden de un juez de derecho\nadministrativo (ALJ). Si el equipo del IEP determina que la conducta es una\nmanifestaci\u00f3n de la discapacidad del alumno, este tiene derecho a regresar a su\ncolocaci\u00f3n original, salvo que el equipo decida que el cambio es adecuado. La\nescuela tambi\u00e9n debe llevar a cabo una evaluaci\u00f3n funcional de la conducta\n(functional behavioral assessment, FBA) del alumno o modificar su actual plan\nde intervenci\u00f3n conductual (behavioral intervention plan, BIP) para tratar su\ncomportamiento. [20 U.S.C. Sec. 1415(k)(1)(F); 34 C.F.R. Sec. 300.530(f)]. <\/p>\n\n\n\n<p><strong>Si el equipo\nresponde negativamente a ambas preguntas, es posible recomendar la expulsi\u00f3n\ndel alumno.<\/strong><strong><\/strong><\/p>\n","protected":false},"excerpt":{"rendered":"<p>La reuni\u00f3n para la determinaci\u00f3n de manifestaci\u00f3n es una reuni\u00f3n del IEP para determinar si es posible expulsar de la escuela a un alumno con&hellip;<\/p>\n","protected":false},"author":1,"featured_media":0,"parent":343,"menu_order":8,"comment_status":"closed","ping_status":"closed","template":"","meta":{"footnotes":""},"class_list":["post-2413","page","type-page","status-publish","hentry"],"_links":{"self":[{"href":"https:\/\/serr.disabilityrightsca.org\/sp\/wp-json\/wp\/v2\/pages\/2413","targetHints":{"allow":["GET"]}}],"collection":[{"href":"https:\/\/serr.disabilityrightsca.org\/sp\/wp-json\/wp\/v2\/pages"}],"about":[{"href":"https:\/\/serr.disabilityrightsca.org\/sp\/wp-json\/wp\/v2\/types\/page"}],"author":[{"embeddable":true,"href":"https:\/\/serr.disabilityrightsca.org\/sp\/wp-json\/wp\/v2\/users\/1"}],"replies":[{"embeddable":true,"href":"https:\/\/serr.disabilityrightsca.org\/sp\/wp-json\/wp\/v2\/comments?post=2413"}],"version-history":[{"count":3,"href":"https:\/\/serr.disabilityrightsca.org\/sp\/wp-json\/wp\/v2\/pages\/2413\/revisions"}],"predecessor-version":[{"id":3778,"href":"https:\/\/serr.disabilityrightsca.org\/sp\/wp-json\/wp\/v2\/pages\/2413\/revisions\/3778"}],"up":[{"embeddable":true,"href":"https:\/\/serr.disabilityrightsca.org\/sp\/wp-json\/wp\/v2\/pages\/343"}],"wp:attachment":[{"href":"https:\/\/serr.disabilityrightsca.org\/sp\/wp-json\/wp\/v2\/media?parent=2413"}],"curies":[{"name":"wp","href":"https:\/\/api.w.org\/{rel}","templated":true}]}}