{"id":2416,"date":"2019-12-13T14:11:32","date_gmt":"2019-12-13T22:11:32","guid":{"rendered":"https:\/\/serr.disabilityrightsca.org\/?page_id=2416"},"modified":"2020-07-14T15:24:09","modified_gmt":"2020-07-14T22:24:09","slug":"8-9-como-debo-prepararme-para-la-reunion-para-la-determinacion-de-manifestacion","status":"publish","type":"page","link":"https:\/\/serr.disabilityrightsca.org\/sp\/serr-manual\/capitulo-8-informacion-sobre-la-disciplina-de-alumnos-con-discapacidades\/8-9-como-debo-prepararme-para-la-reunion-para-la-determinacion-de-manifestacion\/","title":{"rendered":"(8.9) \u00bfC\u00f3mo debo prepararme para la reuni\u00f3n para la determinaci\u00f3n de manifestaci\u00f3n?"},"content":{"rendered":"\n<p>Debe estar preparado para analizar cada\nuna de las dos preguntas que debe responderse antes de que el distrito pueda\nrecomendar la expulsi\u00f3n de su hijo de la escuela. Antes de que un distrito\npueda modificar la colocaci\u00f3n de un alumno de educaci\u00f3n especial, el equipo del\nIEP para la determinaci\u00f3n de manifestaci\u00f3n debe acordar que su conducta no\nestaba directamente relacionada con su discapacidad y que el IEP se estaba\nimplementando correctamente. Puede utilizar documentos del personal del\ndistrito escolar (si est\u00e1n de acuerdo con su postura) o de la escuela, aportes\nde expertos independientes y proveedores de servicios, as\u00ed como sus propios\naportes, para respaldar su punto de vista. Por lo tanto, si a\u00fan no lo ha hecho,\ndeber\u00eda considerar obtener la opini\u00f3n de un psic\u00f3logo o asesor profesional\nindependiente en relaci\u00f3n con las dos preguntas que el equipo debe responder.\nDeber\u00eda pedirle a ese profesional que vaya con usted a la reuni\u00f3n (o llevar sus\ninformes). Tambi\u00e9n deber\u00eda considerar pedirle a un defensor o abogado que lo\nacompa\u00f1e a la reuni\u00f3n, siempre que sea posible.<\/p>\n\n\n\n<p>Como parte de su defensa en la reuni\u00f3n\ndel IEP para la determinaci\u00f3n de manifestaci\u00f3n, deber\u00eda analizar si se\nimplementaron todos los componentes del IEP. \u00bfEl distrito estaba realmente\nbrindando los servicios detallados en el IEP cuando se manifest\u00f3 la conducta?\nSi el alumno contaba con un BIP vigente, \u00bfel distrito estaba implement\u00e1ndolo\nconforme a lo exigido en el IEP cuando se manifest\u00f3 la conducta? Si el IEP\ninclu\u00eda un BIP u objetivos que abordaban determinadas conductas significativas,\nlo m\u00e1s probable es que el equipo para la determinaci\u00f3n de manifestaci\u00f3n\nresuelva que las conductas estaban relacionadas con la discapacidad de su hijo.<\/p>\n\n\n\n<p>Adem\u00e1s, deber\u00eda analizar si el distrito\nabord\u00f3 <em>todas<\/em> las necesidades de\nconducta de su hijo. \u00bfLos problemas de conducta eran evidentes antes del\nincidente que condujo a la reuni\u00f3n para la determinaci\u00f3n de manifestaci\u00f3n? En\ncaso afirmativo, \u00bfalguna vez se llev\u00f3 a cabo una FBA? \u00bfEl alumno contaba con un\nplan conductual vigente? \u00bfEl IEP especificaba determinado tama\u00f1o o tipo de\nclase, determinado tipo de entorno en el aula o un programa de estudios en\nparticular u otra modificaci\u00f3n? En caso de ser as\u00ed, \u00bfel distrito estaba\ncumpliendo con su obligaci\u00f3n de ofrecer esos componentes del IEP cuando se dio\nel problema de conducta? Si el personal no trat\u00f3 adecuadamente los problemas de\nconducta constantes, tal vez pueda convencer al distrito de que no se deber\u00eda\nrecomendar la expulsi\u00f3n del alumno. <\/p>\n","protected":false},"excerpt":{"rendered":"<p>Debe estar preparado para analizar cada una de las dos preguntas que debe responderse antes de que el distrito pueda recomendar la expulsi\u00f3n de su&hellip;<\/p>\n","protected":false},"author":1,"featured_media":0,"parent":343,"menu_order":9,"comment_status":"closed","ping_status":"closed","template":"","meta":{"footnotes":""},"class_list":["post-2416","page","type-page","status-publish","hentry"],"_links":{"self":[{"href":"https:\/\/serr.disabilityrightsca.org\/sp\/wp-json\/wp\/v2\/pages\/2416","targetHints":{"allow":["GET"]}}],"collection":[{"href":"https:\/\/serr.disabilityrightsca.org\/sp\/wp-json\/wp\/v2\/pages"}],"about":[{"href":"https:\/\/serr.disabilityrightsca.org\/sp\/wp-json\/wp\/v2\/types\/page"}],"author":[{"embeddable":true,"href":"https:\/\/serr.disabilityrightsca.org\/sp\/wp-json\/wp\/v2\/users\/1"}],"replies":[{"embeddable":true,"href":"https:\/\/serr.disabilityrightsca.org\/sp\/wp-json\/wp\/v2\/comments?post=2416"}],"version-history":[{"count":2,"href":"https:\/\/serr.disabilityrightsca.org\/sp\/wp-json\/wp\/v2\/pages\/2416\/revisions"}],"predecessor-version":[{"id":3779,"href":"https:\/\/serr.disabilityrightsca.org\/sp\/wp-json\/wp\/v2\/pages\/2416\/revisions\/3779"}],"up":[{"embeddable":true,"href":"https:\/\/serr.disabilityrightsca.org\/sp\/wp-json\/wp\/v2\/pages\/343"}],"wp:attachment":[{"href":"https:\/\/serr.disabilityrightsca.org\/sp\/wp-json\/wp\/v2\/media?parent=2416"}],"curies":[{"name":"wp","href":"https:\/\/api.w.org\/{rel}","templated":true}]}}