{"id":2418,"date":"2019-12-13T14:14:01","date_gmt":"2019-12-13T22:14:01","guid":{"rendered":"https:\/\/serr.disabilityrightsca.org\/?page_id=2418"},"modified":"2024-07-24T14:55:27","modified_gmt":"2024-07-24T21:55:27","slug":"8-10-si-no-estoy-de-acuerdo-con-la-recomendacion-del-equipo-del-iep-de-expulsar-a-mi-hijo-segun-la-determinacion-de-manifestacion-puedo-objetar-la-recomendacion","status":"publish","type":"page","link":"https:\/\/serr.disabilityrightsca.org\/sp\/serr-manual\/capitulo-8-informacion-sobre-la-disciplina-de-alumnos-con-discapacidades\/8-10-si-no-estoy-de-acuerdo-con-la-recomendacion-del-equipo-del-iep-de-expulsar-a-mi-hijo-segun-la-determinacion-de-manifestacion-puedo-objetar-la-recomendacion\/","title":{"rendered":"(8.10) Si no estoy de acuerdo con la recomendaci\u00f3n del equipo del IEP de expulsar a mi hijo seg\u00fan la determinaci\u00f3n de manifestaci\u00f3n, \u00bfpuedo objetar la recomendaci\u00f3n?"},"content":{"rendered":"\n<p> S\u00ed. Si no est\u00e1 de acuerdo con la recomendaci\u00f3n del equipo, puede solicitar un debido proceso para cuestionarla. [20 U.S.C. Sec. 1415(k)(3); 34 C.F.R. Secs. 300.530 &#8211; 300.532]. En la mayor\u00eda de los casos, su hijo debe permanecer en su colocaci\u00f3n actual y debe continuar recibiendo los servicios de educaci\u00f3n especial exigidos en su IEP hasta que los procedimientos del debido proceso hayan concluido. Consulte el <a href=\"https:\/\/serr.disabilityrightsca.org\/sp\/serr-manual\/chapter-6-informacion-sobre-el-debido-proceso-y-los-procedimientos-de-cumplimiento\/\">cap\u00edtulo 6, <em>Informaci\u00f3n sobre el debido proceso y los procedimientos de cumplimiento<\/em>.<\/a><\/p>\n","protected":false},"excerpt":{"rendered":"<p>S\u00ed. Si no est\u00e1 de acuerdo con la recomendaci\u00f3n del equipo, puede solicitar un debido proceso para cuestionarla. [20 U.S.C. Sec. 1415(k)(3); 34 C.F.R. Secs.&hellip;<\/p>\n","protected":false},"author":1,"featured_media":0,"parent":343,"menu_order":10,"comment_status":"closed","ping_status":"closed","template":"","meta":{"footnotes":""},"class_list":["post-2418","page","type-page","status-publish","hentry"],"_links":{"self":[{"href":"https:\/\/serr.disabilityrightsca.org\/sp\/wp-json\/wp\/v2\/pages\/2418","targetHints":{"allow":["GET"]}}],"collection":[{"href":"https:\/\/serr.disabilityrightsca.org\/sp\/wp-json\/wp\/v2\/pages"}],"about":[{"href":"https:\/\/serr.disabilityrightsca.org\/sp\/wp-json\/wp\/v2\/types\/page"}],"author":[{"embeddable":true,"href":"https:\/\/serr.disabilityrightsca.org\/sp\/wp-json\/wp\/v2\/users\/1"}],"replies":[{"embeddable":true,"href":"https:\/\/serr.disabilityrightsca.org\/sp\/wp-json\/wp\/v2\/comments?post=2418"}],"version-history":[{"count":5,"href":"https:\/\/serr.disabilityrightsca.org\/sp\/wp-json\/wp\/v2\/pages\/2418\/revisions"}],"predecessor-version":[{"id":4272,"href":"https:\/\/serr.disabilityrightsca.org\/sp\/wp-json\/wp\/v2\/pages\/2418\/revisions\/4272"}],"up":[{"embeddable":true,"href":"https:\/\/serr.disabilityrightsca.org\/sp\/wp-json\/wp\/v2\/pages\/343"}],"wp:attachment":[{"href":"https:\/\/serr.disabilityrightsca.org\/sp\/wp-json\/wp\/v2\/media?parent=2418"}],"curies":[{"name":"wp","href":"https:\/\/api.w.org\/{rel}","templated":true}]}}