{"id":2421,"date":"2019-12-13T14:19:42","date_gmt":"2019-12-13T22:19:42","guid":{"rendered":"https:\/\/serr.disabilityrightsca.org\/?page_id=2421"},"modified":"2020-07-14T15:26:10","modified_gmt":"2020-07-14T22:26:10","slug":"8-11-hay-algun-caso-en-el-que-la-escuela-pueda-modificar-la-colocacion-de-mi-hijo-de-inmediato","status":"publish","type":"page","link":"https:\/\/serr.disabilityrightsca.org\/sp\/serr-manual\/capitulo-8-informacion-sobre-la-disciplina-de-alumnos-con-discapacidades\/8-11-hay-algun-caso-en-el-que-la-escuela-pueda-modificar-la-colocacion-de-mi-hijo-de-inmediato\/","title":{"rendered":"(8.11) \u00bfHay alg\u00fan caso en el que la escuela pueda modificar la colocaci\u00f3n de mi hijo de inmediato?"},"content":{"rendered":"\n<p>S\u00ed. En determinados casos, un distrito\npuede ubicar de inmediato a su hijo en una colocaci\u00f3n diferente y mantenerlo\nall\u00ed por hasta 45 d\u00edas h\u00e1biles, incluso aunque se haya determinado que la\nconducta fue una manifestaci\u00f3n de su discapacidad. En esta situaci\u00f3n, la\ncolocaci\u00f3n diferente se denomina \u201centorno educativo alternativo provisorio\u201d.<\/p>\n\n\n\n<p>Es posible que ubiquen a su hijo en un\n\u201centorno educativo alternativo provisorio\u201d si el distrito afirma que hizo\nalguna de las siguientes cosas: <\/p>\n\n\n\n<ul class=\"wp-block-list\"><li>&nbsp;Port\u00f3 o tuvo en su posesi\u00f3n un arma en la\nescuela, en las instalaciones escolares o en un evento escolar. <\/li><li>&nbsp;Tuvo en su posesi\u00f3n o consumi\u00f3 drogas ilegales\ndeliberadamente, o las vendi\u00f3 o solicit\u00f3 su venta mientras se encontraba en la\nescuela, en las instalaciones escolares o en un evento escolar. <\/li><li>&nbsp;Caus\u00f3 heridas f\u00edsicas graves a otra persona\nmientras se encontraba en la escuela, en las instalaciones escolares o en un\nevento escolar. El t\u00e9rmino \u201cheridas f\u00edsicas graves\u201d incluye riesgo sustancial\nde muerte, dolor f\u00edsico extremo, desfiguraci\u00f3n obvia y prolongada, p\u00e9rdida o\ndeficiencia prolongada de la funci\u00f3n de una extremidad, un \u00f3rgano o las\nfacultades mentales. <\/li><\/ul>\n\n\n\n<p>[20 U.S.C. Secs. 1415(k)(1)(G) &amp; (7)(d)); 34 C.F.R. Sec.\n300.530(g)]. <\/p>\n\n\n\n<p>Incluso si el distrito escolar intenta colocar a su hijo en\nun entorno educativo alternativo provisorio, de cualquier modo, debe reunirse\ncon usted dentro de los 10 d\u00edas h\u00e1biles para celebrar una reuni\u00f3n para la\ndeterminaci\u00f3n de manifestaci\u00f3n. <\/p>\n\n\n\n<p>Usted puede solicitar un debido proceso si no est\u00e1 de\nacuerdo con la decisi\u00f3n de la reuni\u00f3n acerca de expulsar a su hijo, lo que\npuede incluir trasladarlo a un entorno educativo alternativo provisorio. Si\nsolicita un debido proceso para objetar la colocaci\u00f3n de su hijo en un entorno\nprovisorio o el resto de la decisi\u00f3n del equipo del IEP acerca de si la\nconducta fue una manifestaci\u00f3n de la discapacidad, un ALJ decidir\u00e1 <strong>en una audiencia expedita<\/strong> si su hijo\ndebe regresar a su colocaci\u00f3n original o si debe permanecer en una colocaci\u00f3n\nalternativa durante 45 d\u00edas. [20 U.S.C. Sec. 1415(k)(3)(B); 34 C.F.R. Sec.\n300.532(b)]. <\/p>\n\n\n\n<p>Durante la apelaci\u00f3n de la colocaci\u00f3n en el entorno\nprovisorio o de la determinaci\u00f3n del distrito de que la conducta no fue una\nmanifestaci\u00f3n de la discapacidad, su hijo debe permanecer en el entorno en el\nque el distrito lo haya colocado. [20 U.S.C. Sec. 1415(k)(4)(A)]. La audiencia\ndebe celebrarse dentro de los 20 d\u00edas h\u00e1biles posteriores a la fecha de su\nsolicitud, y el ALJ debe emitir su decisi\u00f3n dentro de los 10 d\u00edas h\u00e1biles\nposteriores. Tambi\u00e9n debe celebrarse una \u201csesi\u00f3n de resoluci\u00f3n\u201d o una mediaci\u00f3n\ndentro de los siete d\u00edas posteriores a la solicitud. [20 U.S.C. Sec.\n1415(k)(4)(B); 34 C.F.R. Sec. 300.532(c)]. Consulte el cap\u00edtulo 6, <em>Informaci\u00f3n sobre el debido proceso y los\nprocedimientos de cumplimiento<\/em>. <\/p>\n\n\n\n<p>El distrito tambi\u00e9n puede solicitar una audiencia de debido\nproceso para pedirle al ALJ que ordene un cambio de colocaci\u00f3n si el distrito\n\u201ccree que, si se mantiene al alumno en la colocaci\u00f3n actual, es muy probable\nque el ni\u00f1o u otros resulten heridos\u201d. [34 C.F.R. Sec. 300.532(a)]. Si el ALJ\ndetermina que esto es cierto, puede ordenar un cambio en la colocaci\u00f3n a un\nentorno educativo alternativo provisorio por no m\u00e1s de 45 d\u00edas h\u00e1biles. [20 U.S.C. Sec. 1415(k)(3)(B)(ii)(II); 34 C.F.R. Sec.\n300.532(b)(2)(ii)].\n\nMientras se encuentra en un\nentorno educativo alternativo provisorio, durante una suspensi\u00f3n a largo plazo\n(o expulsi\u00f3n), el alumno contin\u00faa teniendo derecho a recibir una educaci\u00f3n\np\u00fablica, adecuada y gratuita (free, appropriate public education, FAPE) que le\npermita progresar adecuadamente en el programa de estudios general y avanzar\npara alcanzar los objetivos establecidos en su IEP. Esto incluye servicios de\nintervenci\u00f3n conductual y modificaciones para que no se repita el\ncomportamiento por el cual se lo coloc\u00f3 en este entorno. [34 C.F.R. Sec.\n300.530(d)].\n\n\n\n<\/p>\n","protected":false},"excerpt":{"rendered":"<p>S\u00ed. En determinados casos, un distrito puede ubicar de inmediato a su hijo en una colocaci\u00f3n diferente y mantenerlo all\u00ed por hasta 45 d\u00edas h\u00e1biles,&hellip;<\/p>\n","protected":false},"author":1,"featured_media":0,"parent":343,"menu_order":11,"comment_status":"closed","ping_status":"closed","template":"","meta":{"footnotes":""},"class_list":["post-2421","page","type-page","status-publish","hentry"],"_links":{"self":[{"href":"https:\/\/serr.disabilityrightsca.org\/sp\/wp-json\/wp\/v2\/pages\/2421","targetHints":{"allow":["GET"]}}],"collection":[{"href":"https:\/\/serr.disabilityrightsca.org\/sp\/wp-json\/wp\/v2\/pages"}],"about":[{"href":"https:\/\/serr.disabilityrightsca.org\/sp\/wp-json\/wp\/v2\/types\/page"}],"author":[{"embeddable":true,"href":"https:\/\/serr.disabilityrightsca.org\/sp\/wp-json\/wp\/v2\/users\/1"}],"replies":[{"embeddable":true,"href":"https:\/\/serr.disabilityrightsca.org\/sp\/wp-json\/wp\/v2\/comments?post=2421"}],"version-history":[{"count":5,"href":"https:\/\/serr.disabilityrightsca.org\/sp\/wp-json\/wp\/v2\/pages\/2421\/revisions"}],"predecessor-version":[{"id":3781,"href":"https:\/\/serr.disabilityrightsca.org\/sp\/wp-json\/wp\/v2\/pages\/2421\/revisions\/3781"}],"up":[{"embeddable":true,"href":"https:\/\/serr.disabilityrightsca.org\/sp\/wp-json\/wp\/v2\/pages\/343"}],"wp:attachment":[{"href":"https:\/\/serr.disabilityrightsca.org\/sp\/wp-json\/wp\/v2\/media?parent=2421"}],"curies":[{"name":"wp","href":"https:\/\/api.w.org\/{rel}","templated":true}]}}