{"id":2424,"date":"2019-12-13T14:28:38","date_gmt":"2019-12-13T22:28:38","guid":{"rendered":"https:\/\/serr.disabilityrightsca.org\/?page_id=2424"},"modified":"2020-07-14T15:26:57","modified_gmt":"2020-07-14T22:26:57","slug":"8-12-el-distrito-cambio-de-aula-a-mi-hijo-por-problemas-de-disciplina-esto-se-considera-un-cambio-de-colocacion-que-requiere-una-reunion-del-iep","status":"publish","type":"page","link":"https:\/\/serr.disabilityrightsca.org\/sp\/serr-manual\/capitulo-8-informacion-sobre-la-disciplina-de-alumnos-con-discapacidades\/8-12-el-distrito-cambio-de-aula-a-mi-hijo-por-problemas-de-disciplina-esto-se-considera-un-cambio-de-colocacion-que-requiere-una-reunion-del-iep\/","title":{"rendered":"(8.12) El distrito cambi\u00f3 de aula a mi hijo por problemas de disciplina. \u00bfEsto se considera un \u201ccambio de colocaci\u00f3n\u201d que requiere una reuni\u00f3n del IEP?"},"content":{"rendered":"\n<p>Como se mencion\u00f3 anteriormente, el\ndistrito puede colocar de inmediato a su hijo en un entorno educativo\nalternativo provisorio (por problemas de conducta que involucren armas, drogas\nilegales o heridas f\u00edsicas graves) y mantenerlo all\u00ed por hasta 45 d\u00edas h\u00e1biles,\nincluso aunque se haya determinado que la conducta fue una manifestaci\u00f3n de su\ndiscapacidad. No existe ning\u00fan requisito de \u201cno innovar\u201d en esas\ncircunstancias. [34 C.F.R. Sec. 300.533]. <strong>Sin\nembargo, si se recomend\u00f3 la expulsi\u00f3n de su hijo debido a otra clase de\nconducta, debe observarse el requisito de \u201cno innovar\u201d.<\/strong> <\/p>\n\n\n\n<p>Adem\u00e1s, un distrito puede intentar\ntransferir a su hijo a otra escuela por motivos disciplinarios. Esto puede\nhacerse para evitar que el alumno permanezca en el lugar (con el argumento de\nque un cambio de escuela no es un cambio de colocaci\u00f3n si se ofrece el mismo\nIEP en el nuevo establecimiento) o porque su hijo tiene problemas de conducta\nen la escuela. Salvo en los casos descritos anteriormente, el cambio de\ncolocaci\u00f3n de su hijo (que incluye las transferencias por motivos\ndisciplinarios) es una decisi\u00f3n que est\u00e1 a cargo del equipo del IEP, el cual\npuede utilizar los procedimientos del debido proceso. <\/p>\n","protected":false},"excerpt":{"rendered":"<p>Como se mencion\u00f3 anteriormente, el distrito puede colocar de inmediato a su hijo en un entorno educativo alternativo provisorio (por problemas de conducta que involucren&hellip;<\/p>\n","protected":false},"author":1,"featured_media":0,"parent":343,"menu_order":12,"comment_status":"closed","ping_status":"closed","template":"","meta":{"footnotes":""},"class_list":["post-2424","page","type-page","status-publish","hentry"],"_links":{"self":[{"href":"https:\/\/serr.disabilityrightsca.org\/sp\/wp-json\/wp\/v2\/pages\/2424","targetHints":{"allow":["GET"]}}],"collection":[{"href":"https:\/\/serr.disabilityrightsca.org\/sp\/wp-json\/wp\/v2\/pages"}],"about":[{"href":"https:\/\/serr.disabilityrightsca.org\/sp\/wp-json\/wp\/v2\/types\/page"}],"author":[{"embeddable":true,"href":"https:\/\/serr.disabilityrightsca.org\/sp\/wp-json\/wp\/v2\/users\/1"}],"replies":[{"embeddable":true,"href":"https:\/\/serr.disabilityrightsca.org\/sp\/wp-json\/wp\/v2\/comments?post=2424"}],"version-history":[{"count":2,"href":"https:\/\/serr.disabilityrightsca.org\/sp\/wp-json\/wp\/v2\/pages\/2424\/revisions"}],"predecessor-version":[{"id":3782,"href":"https:\/\/serr.disabilityrightsca.org\/sp\/wp-json\/wp\/v2\/pages\/2424\/revisions\/3782"}],"up":[{"embeddable":true,"href":"https:\/\/serr.disabilityrightsca.org\/sp\/wp-json\/wp\/v2\/pages\/343"}],"wp:attachment":[{"href":"https:\/\/serr.disabilityrightsca.org\/sp\/wp-json\/wp\/v2\/media?parent=2424"}],"curies":[{"name":"wp","href":"https:\/\/api.w.org\/{rel}","templated":true}]}}