{"id":2426,"date":"2019-12-13T14:51:09","date_gmt":"2019-12-13T22:51:09","guid":{"rendered":"https:\/\/serr.disabilityrightsca.org\/?page_id=2426"},"modified":"2020-07-14T15:27:44","modified_gmt":"2020-07-14T22:27:44","slug":"8-13-el-distrito-debe-continuar-brindandole-servicios-de-educacion-especial-a-mi-hijo-si-lo-suspenden-por-mas-de-10-dias-o-si-lo-expulsan","status":"publish","type":"page","link":"https:\/\/serr.disabilityrightsca.org\/sp\/serr-manual\/capitulo-8-informacion-sobre-la-disciplina-de-alumnos-con-discapacidades\/8-13-el-distrito-debe-continuar-brindandole-servicios-de-educacion-especial-a-mi-hijo-si-lo-suspenden-por-mas-de-10-dias-o-si-lo-expulsan\/","title":{"rendered":"(8.13) \u00bfEl distrito debe continuar brind\u00e1ndole servicios de educaci\u00f3n especial a mi hijo si lo suspenden por m\u00e1s de 10 d\u00edas o si lo expulsan?"},"content":{"rendered":"\n<p>S\u00ed. A diferencia de los alumnos de educaci\u00f3n general, aquellos con discapacidades deben continuar recibiendo una educaci\u00f3n p\u00fablica, adecuada y gratuita (FAPE) durante todo per\u00edodo de suspensi\u00f3n superior a 10 d\u00edas, durante todo per\u00edodo de colocaci\u00f3n provisoria y durante todo per\u00edodo de expulsi\u00f3n. [20 U.S.C. Secs. 1412(a)(1) &amp; 1415(k)(1)(D); 34 C.F.R. Sec. 300.530(d)]. Los servicios que su hijo recibe en estas circunstancias deben permitirle continuar participando en el programa de estudios general y progresando para alcanzar los objetivos de su IEP, as\u00ed como recibir los servicios y las evaluaciones de la conducta necesarios. [20 U.S.C. Sec. 1415(k)(1)(D); 34 C.F.R. Secs. 300.530(d)(1)(i) &amp; (ii)]. <\/p>\n","protected":false},"excerpt":{"rendered":"<p>S\u00ed. A diferencia de los alumnos de educaci\u00f3n general, aquellos con discapacidades deben continuar recibiendo una educaci\u00f3n p\u00fablica, adecuada y gratuita (FAPE) durante todo per\u00edodo&hellip;<\/p>\n","protected":false},"author":1,"featured_media":0,"parent":343,"menu_order":13,"comment_status":"closed","ping_status":"closed","template":"","meta":{"footnotes":""},"class_list":["post-2426","page","type-page","status-publish","hentry"],"_links":{"self":[{"href":"https:\/\/serr.disabilityrightsca.org\/sp\/wp-json\/wp\/v2\/pages\/2426","targetHints":{"allow":["GET"]}}],"collection":[{"href":"https:\/\/serr.disabilityrightsca.org\/sp\/wp-json\/wp\/v2\/pages"}],"about":[{"href":"https:\/\/serr.disabilityrightsca.org\/sp\/wp-json\/wp\/v2\/types\/page"}],"author":[{"embeddable":true,"href":"https:\/\/serr.disabilityrightsca.org\/sp\/wp-json\/wp\/v2\/users\/1"}],"replies":[{"embeddable":true,"href":"https:\/\/serr.disabilityrightsca.org\/sp\/wp-json\/wp\/v2\/comments?post=2426"}],"version-history":[{"count":2,"href":"https:\/\/serr.disabilityrightsca.org\/sp\/wp-json\/wp\/v2\/pages\/2426\/revisions"}],"predecessor-version":[{"id":3783,"href":"https:\/\/serr.disabilityrightsca.org\/sp\/wp-json\/wp\/v2\/pages\/2426\/revisions\/3783"}],"up":[{"embeddable":true,"href":"https:\/\/serr.disabilityrightsca.org\/sp\/wp-json\/wp\/v2\/pages\/343"}],"wp:attachment":[{"href":"https:\/\/serr.disabilityrightsca.org\/sp\/wp-json\/wp\/v2\/media?parent=2426"}],"curies":[{"name":"wp","href":"https:\/\/api.w.org\/{rel}","templated":true}]}}