{"id":2432,"date":"2019-12-13T14:57:53","date_gmt":"2019-12-13T22:57:53","guid":{"rendered":"https:\/\/serr.disabilityrightsca.org\/?page_id=2432"},"modified":"2020-07-14T15:30:10","modified_gmt":"2020-07-14T22:30:10","slug":"8-16-aun-no-se-ha-determinado-la-elegibilidad-de-mi-hijo-que-sera-expulsado-para-recibir-educacion-especial-pero-tras-el-incidente-solicite-una-evaluacion-que-sucedera-con-su-colocacion","status":"publish","type":"page","link":"https:\/\/serr.disabilityrightsca.org\/sp\/serr-manual\/capitulo-8-informacion-sobre-la-disciplina-de-alumnos-con-discapacidades\/8-16-aun-no-se-ha-determinado-la-elegibilidad-de-mi-hijo-que-sera-expulsado-para-recibir-educacion-especial-pero-tras-el-incidente-solicite-una-evaluacion-que-sucedera-con-su-colocacion\/","title":{"rendered":"(8.16) A\u00fan no se ha determinado la elegibilidad de mi hijo, que ser\u00e1 expulsado, para recibir educaci\u00f3n especial, pero, tras el incidente, solicit\u00e9 una evaluaci\u00f3n. \u00bfQu\u00e9 suceder\u00e1 con su colocaci\u00f3n mientras esperamos los resultados?"},"content":{"rendered":"\n<p> Cuando usted solicita una evaluaci\u00f3n para determinar la elegibilidad para recibir educaci\u00f3n especial despu\u00e9s de un incidente de conducta que condujo a la recomendaci\u00f3n de expulsi\u00f3n, la evaluaci\u00f3n debe llevarse a cabo con mayor rapidez. Sin embargo, hasta que los resultados de la evaluaci\u00f3n est\u00e9n disponibles, su hijo permanecer\u00e1 en la colocaci\u00f3n educativa determinada por los funcionarios escolares. Esto significa que su hijo puede ser expulsado antes de que el proceso de evaluaci\u00f3n acelerada haya concluido. [20 U.S.C. Sec. 1415(k)(5)(D); 34 C.F.R. Sec. 300.534(d)(2)].  <\/p>\n","protected":false},"excerpt":{"rendered":"<p>Cuando usted solicita una evaluaci\u00f3n para determinar la elegibilidad para recibir educaci\u00f3n especial despu\u00e9s de un incidente de conducta que condujo a la recomendaci\u00f3n de&hellip;<\/p>\n","protected":false},"author":1,"featured_media":0,"parent":343,"menu_order":16,"comment_status":"closed","ping_status":"closed","template":"","meta":{"footnotes":""},"class_list":["post-2432","page","type-page","status-publish","hentry"],"_links":{"self":[{"href":"https:\/\/serr.disabilityrightsca.org\/sp\/wp-json\/wp\/v2\/pages\/2432","targetHints":{"allow":["GET"]}}],"collection":[{"href":"https:\/\/serr.disabilityrightsca.org\/sp\/wp-json\/wp\/v2\/pages"}],"about":[{"href":"https:\/\/serr.disabilityrightsca.org\/sp\/wp-json\/wp\/v2\/types\/page"}],"author":[{"embeddable":true,"href":"https:\/\/serr.disabilityrightsca.org\/sp\/wp-json\/wp\/v2\/users\/1"}],"replies":[{"embeddable":true,"href":"https:\/\/serr.disabilityrightsca.org\/sp\/wp-json\/wp\/v2\/comments?post=2432"}],"version-history":[{"count":2,"href":"https:\/\/serr.disabilityrightsca.org\/sp\/wp-json\/wp\/v2\/pages\/2432\/revisions"}],"predecessor-version":[{"id":3786,"href":"https:\/\/serr.disabilityrightsca.org\/sp\/wp-json\/wp\/v2\/pages\/2432\/revisions\/3786"}],"up":[{"embeddable":true,"href":"https:\/\/serr.disabilityrightsca.org\/sp\/wp-json\/wp\/v2\/pages\/343"}],"wp:attachment":[{"href":"https:\/\/serr.disabilityrightsca.org\/sp\/wp-json\/wp\/v2\/media?parent=2432"}],"curies":[{"name":"wp","href":"https:\/\/api.w.org\/{rel}","templated":true}]}}