{"id":2434,"date":"2019-12-13T14:58:37","date_gmt":"2019-12-13T22:58:37","guid":{"rendered":"https:\/\/serr.disabilityrightsca.org\/?page_id=2434"},"modified":"2020-07-14T15:30:55","modified_gmt":"2020-07-14T22:30:55","slug":"8-17-las-inquietudes-de-los-maestros-u-otros-miembros-del-personal-acerca-de-la-conducta-deben-expresarse-por-escrito","status":"publish","type":"page","link":"https:\/\/serr.disabilityrightsca.org\/sp\/serr-manual\/capitulo-8-informacion-sobre-la-disciplina-de-alumnos-con-discapacidades\/8-17-las-inquietudes-de-los-maestros-u-otros-miembros-del-personal-acerca-de-la-conducta-deben-expresarse-por-escrito\/","title":{"rendered":"(8.17) \u00bfLas inquietudes de los maestros u otros miembros del personal acerca de la conducta deben expresarse por escrito?"},"content":{"rendered":"\n<p>No. Los maestros u otros miembros del personal deben expresar sus inquietudes espec\u00edficas acerca del patr\u00f3n de conducta de su hijo directamente ante el director de educaci\u00f3n especial u otro miembro del personal de supervisi\u00f3n. Sin embargo, no es necesario que lo hagan por escrito. [34 C.F.R. Sec. 300.534(b)(3)]. <\/p>\n","protected":false},"excerpt":{"rendered":"<p>No. Los maestros u otros miembros del personal deben expresar sus inquietudes espec\u00edficas acerca del patr\u00f3n de conducta de su hijo directamente ante el director&hellip;<\/p>\n","protected":false},"author":1,"featured_media":0,"parent":343,"menu_order":17,"comment_status":"closed","ping_status":"closed","template":"","meta":{"footnotes":""},"class_list":["post-2434","page","type-page","status-publish","hentry"],"_links":{"self":[{"href":"https:\/\/serr.disabilityrightsca.org\/sp\/wp-json\/wp\/v2\/pages\/2434","targetHints":{"allow":["GET"]}}],"collection":[{"href":"https:\/\/serr.disabilityrightsca.org\/sp\/wp-json\/wp\/v2\/pages"}],"about":[{"href":"https:\/\/serr.disabilityrightsca.org\/sp\/wp-json\/wp\/v2\/types\/page"}],"author":[{"embeddable":true,"href":"https:\/\/serr.disabilityrightsca.org\/sp\/wp-json\/wp\/v2\/users\/1"}],"replies":[{"embeddable":true,"href":"https:\/\/serr.disabilityrightsca.org\/sp\/wp-json\/wp\/v2\/comments?post=2434"}],"version-history":[{"count":2,"href":"https:\/\/serr.disabilityrightsca.org\/sp\/wp-json\/wp\/v2\/pages\/2434\/revisions"}],"predecessor-version":[{"id":3787,"href":"https:\/\/serr.disabilityrightsca.org\/sp\/wp-json\/wp\/v2\/pages\/2434\/revisions\/3787"}],"up":[{"embeddable":true,"href":"https:\/\/serr.disabilityrightsca.org\/sp\/wp-json\/wp\/v2\/pages\/343"}],"wp:attachment":[{"href":"https:\/\/serr.disabilityrightsca.org\/sp\/wp-json\/wp\/v2\/media?parent=2434"}],"curies":[{"name":"wp","href":"https:\/\/api.w.org\/{rel}","templated":true}]}}