{"id":2436,"date":"2019-12-13T14:59:21","date_gmt":"2019-12-13T22:59:21","guid":{"rendered":"https:\/\/serr.disabilityrightsca.org\/?page_id=2436"},"modified":"2020-07-14T15:38:18","modified_gmt":"2020-07-14T22:38:18","slug":"8-18-es-posible-que-expulsen-a-mi-hijo-solo-del-transporte-de-su-programa-escolar","status":"publish","type":"page","link":"https:\/\/serr.disabilityrightsca.org\/sp\/serr-manual\/capitulo-8-informacion-sobre-la-disciplina-de-alumnos-con-discapacidades\/8-18-es-posible-que-expulsen-a-mi-hijo-solo-del-transporte-de-su-programa-escolar\/","title":{"rendered":"(8.18) \u00bfEs posible que expulsen a mi hijo solo del transporte de su programa escolar?"},"content":{"rendered":"\n<p>S\u00ed. Sin embargo, si se excluye a su hijo del transporte en autob\u00fas escolar y este forma parte de su IEP, contin\u00faa teniendo derecho a acceder a una forma alternativa de transporte, sin costo alguno para usted. [Cal. Ed. Code Sec. 48915.5(c)]. Debe celebrarse una reuni\u00f3n del IEP antes de excluir al ni\u00f1o del autob\u00fas porque se considera que es un cambio en su servicio del IEP.<\/p>\n","protected":false},"excerpt":{"rendered":"<p>S\u00ed. Sin embargo, si se excluye a su hijo del transporte en autob\u00fas escolar y este forma parte de su IEP, contin\u00faa teniendo derecho a&hellip;<\/p>\n","protected":false},"author":1,"featured_media":0,"parent":343,"menu_order":18,"comment_status":"closed","ping_status":"closed","template":"","meta":{"footnotes":""},"class_list":["post-2436","page","type-page","status-publish","hentry"],"_links":{"self":[{"href":"https:\/\/serr.disabilityrightsca.org\/sp\/wp-json\/wp\/v2\/pages\/2436","targetHints":{"allow":["GET"]}}],"collection":[{"href":"https:\/\/serr.disabilityrightsca.org\/sp\/wp-json\/wp\/v2\/pages"}],"about":[{"href":"https:\/\/serr.disabilityrightsca.org\/sp\/wp-json\/wp\/v2\/types\/page"}],"author":[{"embeddable":true,"href":"https:\/\/serr.disabilityrightsca.org\/sp\/wp-json\/wp\/v2\/users\/1"}],"replies":[{"embeddable":true,"href":"https:\/\/serr.disabilityrightsca.org\/sp\/wp-json\/wp\/v2\/comments?post=2436"}],"version-history":[{"count":2,"href":"https:\/\/serr.disabilityrightsca.org\/sp\/wp-json\/wp\/v2\/pages\/2436\/revisions"}],"predecessor-version":[{"id":3788,"href":"https:\/\/serr.disabilityrightsca.org\/sp\/wp-json\/wp\/v2\/pages\/2436\/revisions\/3788"}],"up":[{"embeddable":true,"href":"https:\/\/serr.disabilityrightsca.org\/sp\/wp-json\/wp\/v2\/pages\/343"}],"wp:attachment":[{"href":"https:\/\/serr.disabilityrightsca.org\/sp\/wp-json\/wp\/v2\/media?parent=2436"}],"curies":[{"name":"wp","href":"https:\/\/api.w.org\/{rel}","templated":true}]}}